{"id":313,"date":"2021-08-06T22:34:48","date_gmt":"2021-08-07T01:34:48","guid":{"rendered":"https:\/\/laboratorioripoll.com\/?post_type=product&#038;p=313"},"modified":"2024-06-19T15:51:35","modified_gmt":"2024-06-19T18:51:35","slug":"vitaion-b","status":"publish","type":"product","link":"https:\/\/www.laboratorioripoll.com\/en\/product\/vitaion-b\/","title":{"rendered":"VITAION B"},"content":{"rendered":"<p><strong>VITAM\u00cdNICO COMPLEJO B<\/strong><\/p>\n<p><strong>PROPERTIES<br \/>\n<\/strong>La asociaci\u00f3n de las vitaminas del complejo B logra inmediata acci\u00f3n reconstituyente general y desintoxicante, est\u00edmulo metab\u00f3lico, ganancia de peso, mejor performance de trabajo y\/o deportiva.<\/p>\n<p><strong>INDICATIONS<br \/>\n<\/strong>D\u00e9ficit vitam\u00ednico del grupo B. Trastornos hep\u00e1ticos y gastrointestinales.\u00a0T\u00f3nico neuromuscular, falta de apetito, anemias, anorexias, algias, neuralgias.\u00a0Indicado en animales sometidos a intensos esfuerzos.\u00a0Coadyuvante en el tratamiento de la vaca ca\u00edda con dec\u00fabito prolongado. En el equinos deportivo para optimizar su entrenamiento y competencia.<\/p>\n<p><strong>ADMINISTRATION AND DOSAGE<br \/>\n<\/strong>Equinos y Bovinos: 10 a 20 mL diarios v\u00eda EV o IM<br \/>\nCaninos: 2 a 5 mL v\u00eda IM preferentemente<\/p>\n<p><strong>PRESENTATION<br \/>\n<\/strong>Frasco ampolla 100 mL<\/p>","protected":false},"excerpt":{"rendered":"<table width=\"211\">\n<tbody>\n<tr>\n<td width=\"135\"><strong>COMPOSITION<\/strong><\/td>\n<td width=\"76\"><\/td>\n<\/tr>\n<tr>\n<td width=\"135\">Vitamin B1 HCl<\/td>\n<td width=\"76\">2500 mg<\/td>\n<\/tr>\n<tr>\n<td width=\"135\">Vitamina B2<\/td>\n<td width=\"76\">150 mg<\/td>\n<\/tr>\n<tr>\n<td width=\"135\">Vitamina B6 HCl<\/td>\n<td width=\"76\">1000 mg<\/td>\n<\/tr>\n<tr>\n<td width=\"135\">Pantotenato c\u00e1lcico<\/td>\n<td width=\"76\">1250 mg<\/td>\n<\/tr>\n<tr>\n<td width=\"135\">Nicotinamida<\/td>\n<td width=\"76\">2500 mg<\/td>\n<\/tr>\n<tr>\n<td width=\"135\">Vehicle q.s.<\/td>\n<td width=\"76\">100 mL<\/td>\n<\/tr>\n<\/tbody>\n<\/table>","protected":false},"featured_media":739,"template":"","meta":[],"product_cat":[20,35,38],"product_tag":[],"class_list":["post-313","product","type-product","status-publish","has-post-thumbnail","hentry","product_cat-veterinaria","product_cat-equinos","product_cat-vitaminicos"],"yoast_head":"<!-- This site is optimized with the Yoast SEO plugin v21.2 - https:\/\/yoast.com\/wordpress\/plugins\/seo\/ -->\n<title>VITAION B - Laboratorio Ripoll<\/title>\n<meta name=\"robots\" content=\"index, follow, max-snippet:-1, max-image-preview:large, max-video-preview:-1\" \/>\n<link rel=\"canonical\" href=\"https:\/\/www.laboratorioripoll.com\/en\/product\/vitaion-b\/\" \/>\n<meta property=\"og:locale\" content=\"en_US\" \/>\n<meta property=\"og:type\" content=\"article\" \/>\n<meta property=\"og:title\" content=\"VITAION B - Laboratorio Ripoll\" \/>\n<meta property=\"og:description\" content=\"COMPOSICI\u00d3N    Vitamina B1 HCl 2500 mg   Vitamina B2 150 mg   Vitamina B6 HCl 1000 mg   Pantotenato c\u00e1lcico 1250 mg   Nicotinamida 2500 mg   Veh\u00edculo c.s.p. 100 mL\" \/>\n<meta property=\"og:url\" content=\"https:\/\/www.laboratorioripoll.com\/en\/product\/vitaion-b\/\" \/>\n<meta property=\"og:site_name\" content=\"Laboratorio Ripoll\" \/>\n<meta property=\"article:modified_time\" content=\"2024-06-19T18:51:35+00:00\" \/>\n<meta property=\"og:image\" content=\"https:\/\/www.laboratorioripoll.com\/wp-content\/uploads\/2021\/08\/BITAION-B-100ML-copia-scaled.jpg\" \/>\n\t<meta property=\"og:image:width\" content=\"2560\" \/>\n\t<meta property=\"og:image:height\" content=\"1707\" \/>\n\t<meta property=\"og:image:type\" content=\"image\/jpeg\" \/>\n<meta name=\"twitter:card\" content=\"summary_large_image\" \/>\n<meta name=\"twitter:label1\" content=\"Est. reading time\" \/>\n\t<meta name=\"twitter:data1\" content=\"1 minute\" \/>\n<script type=\"application\/ld+json\" class=\"yoast-schema-graph\">{\"@context\":\"https:\/\/schema.org\",\"@graph\":[{\"@type\":\"WebPage\",\"@id\":\"https:\/\/www.laboratorioripoll.com\/product\/vitaion-b\/\",\"url\":\"https:\/\/www.laboratorioripoll.com\/product\/vitaion-b\/\",\"name\":\"VITAION B - Laboratorio Ripoll\",\"isPartOf\":{\"@id\":\"https:\/\/www.laboratorioripoll.com\/#website\"},\"datePublished\":\"2021-08-07T01:34:48+00:00\",\"dateModified\":\"2024-06-19T18:51:35+00:00\",\"breadcrumb\":{\"@id\":\"https:\/\/www.laboratorioripoll.com\/product\/vitaion-b\/#breadcrumb\"},\"inLanguage\":\"en-US\",\"potentialAction\":[{\"@type\":\"ReadAction\",\"target\":[\"https:\/\/www.laboratorioripoll.com\/product\/vitaion-b\/\"]}]},{\"@type\":\"BreadcrumbList\",\"@id\":\"https:\/\/www.laboratorioripoll.com\/product\/vitaion-b\/#breadcrumb\",\"itemListElement\":[{\"@type\":\"ListItem\",\"position\":1,\"name\":\"Inicio\",\"item\":\"https:\/\/www.laboratorioripoll.com\/\"},{\"@type\":\"ListItem\",\"position\":2,\"name\":\"Cat\u00e1logo\",\"item\":\"https:\/\/www.laboratorioripoll.com\/catalogo\/\"},{\"@type\":\"ListItem\",\"position\":3,\"name\":\"Veterinaria\",\"item\":\"https:\/\/www.laboratorioripoll.com\/product-category\/veterinaria\/\"},{\"@type\":\"ListItem\",\"position\":4,\"name\":\"Vitam\u00ednicos\",\"item\":\"https:\/\/www.laboratorioripoll.com\/product-category\/veterinaria\/vitaminicos\/\"},{\"@type\":\"ListItem\",\"position\":5,\"name\":\"VITAION B\"}]},{\"@type\":\"WebSite\",\"@id\":\"https:\/\/www.laboratorioripoll.com\/#website\",\"url\":\"https:\/\/www.laboratorioripoll.com\/\",\"name\":\"Laboratorio Ripoll\",\"description\":\"\",\"publisher\":{\"@id\":\"https:\/\/www.laboratorioripoll.com\/#organization\"},\"potentialAction\":[{\"@type\":\"SearchAction\",\"target\":{\"@type\":\"EntryPoint\",\"urlTemplate\":\"https:\/\/www.laboratorioripoll.com\/?s={search_term_string}\"},\"query-input\":\"required name=search_term_string\"}],\"inLanguage\":\"en-US\"},{\"@type\":\"Organization\",\"@id\":\"https:\/\/www.laboratorioripoll.com\/#organization\",\"name\":\"Laboratorio Ripoll\",\"url\":\"https:\/\/www.laboratorioripoll.com\/\",\"logo\":{\"@type\":\"ImageObject\",\"inLanguage\":\"en-US\",\"@id\":\"https:\/\/www.laboratorioripoll.com\/#\/schema\/logo\/image\/\",\"url\":\"https:\/\/www.laboratorioripoll.com\/wp-content\/uploads\/2021\/08\/Ripoll-Logo.svg\",\"contentUrl\":\"https:\/\/www.laboratorioripoll.com\/wp-content\/uploads\/2021\/08\/Ripoll-Logo.svg\",\"width\":1,\"height\":1,\"caption\":\"Laboratorio Ripoll\"},\"image\":{\"@id\":\"https:\/\/www.laboratorioripoll.com\/#\/schema\/logo\/image\/\"}}]}<\/script>\n<!-- \/ Yoast SEO plugin. -->","yoast_head_json":{"title":"VITAION B - Laboratorio Ripoll","robots":{"index":"index","follow":"follow","max-snippet":"max-snippet:-1","max-image-preview":"max-image-preview:large","max-video-preview":"max-video-preview:-1"},"canonical":"https:\/\/www.laboratorioripoll.com\/en\/product\/vitaion-b\/","og_locale":"en_US","og_type":"article","og_title":"VITAION B - Laboratorio Ripoll","og_description":"COMPOSICI\u00d3N    Vitamina B1 HCl 2500 mg   Vitamina B2 150 mg   Vitamina B6 HCl 1000 mg   Pantotenato c\u00e1lcico 1250 mg   Nicotinamida 2500 mg   Veh\u00edculo c.s.p. 100 mL","og_url":"https:\/\/www.laboratorioripoll.com\/en\/product\/vitaion-b\/","og_site_name":"Laboratorio Ripoll","article_modified_time":"2024-06-19T18:51:35+00:00","og_image":[{"width":2560,"height":1707,"url":"https:\/\/www.laboratorioripoll.com\/wp-content\/uploads\/2021\/08\/BITAION-B-100ML-copia-scaled.jpg","type":"image\/jpeg"}],"twitter_card":"summary_large_image","twitter_misc":{"Est. reading time":"1 minute"},"schema":{"@context":"https:\/\/schema.org","@graph":[{"@type":"WebPage","@id":"https:\/\/www.laboratorioripoll.com\/product\/vitaion-b\/","url":"https:\/\/www.laboratorioripoll.com\/product\/vitaion-b\/","name":"VITAION B - Laboratorio Ripoll","isPartOf":{"@id":"https:\/\/www.laboratorioripoll.com\/#website"},"datePublished":"2021-08-07T01:34:48+00:00","dateModified":"2024-06-19T18:51:35+00:00","breadcrumb":{"@id":"https:\/\/www.laboratorioripoll.com\/product\/vitaion-b\/#breadcrumb"},"inLanguage":"en-US","potentialAction":[{"@type":"ReadAction","target":["https:\/\/www.laboratorioripoll.com\/product\/vitaion-b\/"]}]},{"@type":"BreadcrumbList","@id":"https:\/\/www.laboratorioripoll.com\/product\/vitaion-b\/#breadcrumb","itemListElement":[{"@type":"ListItem","position":1,"name":"Inicio","item":"https:\/\/www.laboratorioripoll.com\/"},{"@type":"ListItem","position":2,"name":"Cat\u00e1logo","item":"https:\/\/www.laboratorioripoll.com\/catalogo\/"},{"@type":"ListItem","position":3,"name":"Veterinaria","item":"https:\/\/www.laboratorioripoll.com\/product-category\/veterinaria\/"},{"@type":"ListItem","position":4,"name":"Vitam\u00ednicos","item":"https:\/\/www.laboratorioripoll.com\/product-category\/veterinaria\/vitaminicos\/"},{"@type":"ListItem","position":5,"name":"VITAION B"}]},{"@type":"WebSite","@id":"https:\/\/www.laboratorioripoll.com\/#website","url":"https:\/\/www.laboratorioripoll.com\/","name":"Laboratorio Ripoll","description":"","publisher":{"@id":"https:\/\/www.laboratorioripoll.com\/#organization"},"potentialAction":[{"@type":"SearchAction","target":{"@type":"EntryPoint","urlTemplate":"https:\/\/www.laboratorioripoll.com\/?s={search_term_string}"},"query-input":"required name=search_term_string"}],"inLanguage":"en-US"},{"@type":"Organization","@id":"https:\/\/www.laboratorioripoll.com\/#organization","name":"Laboratorio Ripoll","url":"https:\/\/www.laboratorioripoll.com\/","logo":{"@type":"ImageObject","inLanguage":"en-US","@id":"https:\/\/www.laboratorioripoll.com\/#\/schema\/logo\/image\/","url":"https:\/\/www.laboratorioripoll.com\/wp-content\/uploads\/2021\/08\/Ripoll-Logo.svg","contentUrl":"https:\/\/www.laboratorioripoll.com\/wp-content\/uploads\/2021\/08\/Ripoll-Logo.svg","width":1,"height":1,"caption":"Laboratorio Ripoll"},"image":{"@id":"https:\/\/www.laboratorioripoll.com\/#\/schema\/logo\/image\/"}}]}},"_links":{"self":[{"href":"https:\/\/www.laboratorioripoll.com\/en\/wp-json\/wp\/v2\/product\/313","targetHints":{"allow":["GET"]}}],"collection":[{"href":"https:\/\/www.laboratorioripoll.com\/en\/wp-json\/wp\/v2\/product"}],"about":[{"href":"https:\/\/www.laboratorioripoll.com\/en\/wp-json\/wp\/v2\/types\/product"}],"wp:featuredmedia":[{"embeddable":true,"href":"https:\/\/www.laboratorioripoll.com\/en\/wp-json\/wp\/v2\/media\/739"}],"wp:attachment":[{"href":"https:\/\/www.laboratorioripoll.com\/en\/wp-json\/wp\/v2\/media?parent=313"}],"wp:term":[{"taxonomy":"product_cat","embeddable":true,"href":"https:\/\/www.laboratorioripoll.com\/en\/wp-json\/wp\/v2\/product_cat?post=313"},{"taxonomy":"product_tag","embeddable":true,"href":"https:\/\/www.laboratorioripoll.com\/en\/wp-json\/wp\/v2\/product_tag?post=313"}],"curies":[{"name":"wp","href":"https:\/\/api.w.org\/{rel}","templated":true}]}}