{"id":340,"date":"2021-08-14T23:21:06","date_gmt":"2021-08-15T02:21:06","guid":{"rendered":"https:\/\/laboratorioripoll.com\/?post_type=product&#038;p=340"},"modified":"2021-08-17T22:05:02","modified_gmt":"2021-08-18T01:05:02","slug":"gentamicina-100-r","status":"publish","type":"product","link":"https:\/\/www.laboratorioripoll.com\/en\/product\/gentamicina-100-r\/","title":{"rendered":"GENTAMICINA 100 R"},"content":{"rendered":"<p><strong>ANTIBI\u00d3TICO &#8211; AMINOGLUC\u00d3SIDO<\/strong><\/p>\n<p><strong>PROPERTIES<br \/>\n<\/strong>La Gentamicina es un antibi\u00f3tico semisint\u00e9tico perteneciente al grupo de los aminogluc\u00f3sidos. Inyectado v\u00eda IM a las dosis recomendadas produce una concentraci\u00f3n m\u00e1xima en 30 minutos en el l\u00edquido sinovial y a las 2 horas alcanza su m\u00e1xima concentraci\u00f3n. Se excreta por v\u00eda renal por filtraci\u00f3n glomerular (40 %). En presencia de meningitis la Gentamicina atraviesa la barrera hemato-encef\u00e1lica.\u00a0Ante meninges normales, no atraviesa dicha barrera.<\/p>\n<p><strong>INDICATIONS<br \/>\n<\/strong>Antibi\u00f3tico aminogluc\u00f3sido de amplio espectro usado en infecciones graves del aparato g\u00e9nito-urinario, aparato respiratorio, tracto gastro-intestinal, piel y tejidos blandos, septicemia e infecciones del sistema nervioso central.<\/p>\n<p><strong>ADMINISTRATION AND DOSAGE<br \/>\n<\/strong>4 a 8 mg de Gentamicina por kpv.<br \/>\nEquinos: 2 a 4 mL de\u00a0<strong>gentamicina 100 R<\/strong>\u00a0cada 50 kpv diarios v\u00eda EV o IM.<br \/>\nBovinos y Suinos: 0,5 mL cada 10 kpv v\u00eda IM, una o dos veces diarias.<\/p>\n<p><strong>PRESENTATION<br \/>\n<\/strong>Frasco ampolla 100 mL<\/p>","protected":false},"excerpt":{"rendered":"<table width=\"211\">\n<tbody>\n<tr>\n<td width=\"135\"><strong>COMPOSITION<\/strong><\/td>\n<td width=\"76\"><\/td>\n<\/tr>\n<tr>\n<td width=\"135\">Gentamicina<\/td>\n<td width=\"76\">10 g<\/td>\n<\/tr>\n<tr>\n<td width=\"135\">Vehicle q.s.<\/td>\n<td width=\"76\">100 mL<\/td>\n<\/tr>\n<\/tbody>\n<\/table>","protected":false},"featured_media":501,"template":"","meta":[],"product_cat":[20,21,35],"product_tag":[],"class_list":["post-340","product","type-product","status-publish","has-post-thumbnail","hentry","product_cat-veterinaria","product_cat-antibioticos","product_cat-equinos"],"yoast_head":"<!-- This site is optimized with the Yoast SEO plugin v21.2 - https:\/\/yoast.com\/wordpress\/plugins\/seo\/ -->\n<title>GENTAMICINA 100 R - Laboratorio Ripoll<\/title>\n<meta name=\"robots\" content=\"index, follow, max-snippet:-1, max-image-preview:large, max-video-preview:-1\" \/>\n<link rel=\"canonical\" href=\"https:\/\/www.laboratorioripoll.com\/en\/product\/gentamicina-100-r\/\" \/>\n<meta property=\"og:locale\" content=\"en_US\" \/>\n<meta property=\"og:type\" content=\"article\" \/>\n<meta property=\"og:title\" content=\"GENTAMICINA 100 R - Laboratorio Ripoll\" \/>\n<meta property=\"og:description\" content=\"COMPOSICI\u00d3N    Gentamicina 10 g   Veh\u00edculo c.s.p. 100 mL\" \/>\n<meta property=\"og:url\" content=\"https:\/\/www.laboratorioripoll.com\/en\/product\/gentamicina-100-r\/\" \/>\n<meta property=\"og:site_name\" content=\"Laboratorio Ripoll\" \/>\n<meta property=\"article:modified_time\" content=\"2021-08-18T01:05:02+00:00\" \/>\n<meta property=\"og:image\" content=\"https:\/\/www.laboratorioripoll.com\/wp-content\/uploads\/2021\/08\/Gentamicina-100-R.jpg\" \/>\n\t<meta property=\"og:image:width\" content=\"2100\" \/>\n\t<meta property=\"og:image:height\" content=\"2000\" \/>\n\t<meta property=\"og:image:type\" content=\"image\/jpeg\" \/>\n<meta name=\"twitter:card\" content=\"summary_large_image\" \/>\n<meta name=\"twitter:label1\" content=\"Est. reading time\" \/>\n\t<meta name=\"twitter:data1\" content=\"1 minute\" \/>\n<script type=\"application\/ld+json\" class=\"yoast-schema-graph\">{\"@context\":\"https:\/\/schema.org\",\"@graph\":[{\"@type\":\"WebPage\",\"@id\":\"https:\/\/www.laboratorioripoll.com\/product\/gentamicina-100-r\/\",\"url\":\"https:\/\/www.laboratorioripoll.com\/product\/gentamicina-100-r\/\",\"name\":\"GENTAMICINA 100 R - Laboratorio Ripoll\",\"isPartOf\":{\"@id\":\"https:\/\/www.laboratorioripoll.com\/#website\"},\"datePublished\":\"2021-08-15T02:21:06+00:00\",\"dateModified\":\"2021-08-18T01:05:02+00:00\",\"breadcrumb\":{\"@id\":\"https:\/\/www.laboratorioripoll.com\/product\/gentamicina-100-r\/#breadcrumb\"},\"inLanguage\":\"en-US\",\"potentialAction\":[{\"@type\":\"ReadAction\",\"target\":[\"https:\/\/www.laboratorioripoll.com\/product\/gentamicina-100-r\/\"]}]},{\"@type\":\"BreadcrumbList\",\"@id\":\"https:\/\/www.laboratorioripoll.com\/product\/gentamicina-100-r\/#breadcrumb\",\"itemListElement\":[{\"@type\":\"ListItem\",\"position\":1,\"name\":\"Inicio\",\"item\":\"https:\/\/www.laboratorioripoll.com\/\"},{\"@type\":\"ListItem\",\"position\":2,\"name\":\"Cat\u00e1logo\",\"item\":\"https:\/\/www.laboratorioripoll.com\/catalogo\/\"},{\"@type\":\"ListItem\",\"position\":3,\"name\":\"Veterinaria\",\"item\":\"https:\/\/www.laboratorioripoll.com\/product-category\/veterinaria\/\"},{\"@type\":\"ListItem\",\"position\":4,\"name\":\"Antibi\u00f3ticos\",\"item\":\"https:\/\/www.laboratorioripoll.com\/product-category\/veterinaria\/antibioticos\/\"},{\"@type\":\"ListItem\",\"position\":5,\"name\":\"GENTAMICINA 100 R\"}]},{\"@type\":\"WebSite\",\"@id\":\"https:\/\/www.laboratorioripoll.com\/#website\",\"url\":\"https:\/\/www.laboratorioripoll.com\/\",\"name\":\"Laboratorio Ripoll\",\"description\":\"\",\"publisher\":{\"@id\":\"https:\/\/www.laboratorioripoll.com\/#organization\"},\"potentialAction\":[{\"@type\":\"SearchAction\",\"target\":{\"@type\":\"EntryPoint\",\"urlTemplate\":\"https:\/\/www.laboratorioripoll.com\/?s={search_term_string}\"},\"query-input\":\"required name=search_term_string\"}],\"inLanguage\":\"en-US\"},{\"@type\":\"Organization\",\"@id\":\"https:\/\/www.laboratorioripoll.com\/#organization\",\"name\":\"Laboratorio Ripoll\",\"url\":\"https:\/\/www.laboratorioripoll.com\/\",\"logo\":{\"@type\":\"ImageObject\",\"inLanguage\":\"en-US\",\"@id\":\"https:\/\/www.laboratorioripoll.com\/#\/schema\/logo\/image\/\",\"url\":\"https:\/\/www.laboratorioripoll.com\/wp-content\/uploads\/2021\/08\/Ripoll-Logo.svg\",\"contentUrl\":\"https:\/\/www.laboratorioripoll.com\/wp-content\/uploads\/2021\/08\/Ripoll-Logo.svg\",\"width\":1,\"height\":1,\"caption\":\"Laboratorio Ripoll\"},\"image\":{\"@id\":\"https:\/\/www.laboratorioripoll.com\/#\/schema\/logo\/image\/\"}}]}<\/script>\n<!-- \/ Yoast SEO plugin. -->","yoast_head_json":{"title":"GENTAMICINA 100 R - Laboratorio Ripoll","robots":{"index":"index","follow":"follow","max-snippet":"max-snippet:-1","max-image-preview":"max-image-preview:large","max-video-preview":"max-video-preview:-1"},"canonical":"https:\/\/www.laboratorioripoll.com\/en\/product\/gentamicina-100-r\/","og_locale":"en_US","og_type":"article","og_title":"GENTAMICINA 100 R - Laboratorio Ripoll","og_description":"COMPOSICI\u00d3N    Gentamicina 10 g   Veh\u00edculo c.s.p. 100 mL","og_url":"https:\/\/www.laboratorioripoll.com\/en\/product\/gentamicina-100-r\/","og_site_name":"Laboratorio Ripoll","article_modified_time":"2021-08-18T01:05:02+00:00","og_image":[{"width":2100,"height":2000,"url":"https:\/\/www.laboratorioripoll.com\/wp-content\/uploads\/2021\/08\/Gentamicina-100-R.jpg","type":"image\/jpeg"}],"twitter_card":"summary_large_image","twitter_misc":{"Est. reading time":"1 minute"},"schema":{"@context":"https:\/\/schema.org","@graph":[{"@type":"WebPage","@id":"https:\/\/www.laboratorioripoll.com\/product\/gentamicina-100-r\/","url":"https:\/\/www.laboratorioripoll.com\/product\/gentamicina-100-r\/","name":"GENTAMICINA 100 R - Laboratorio Ripoll","isPartOf":{"@id":"https:\/\/www.laboratorioripoll.com\/#website"},"datePublished":"2021-08-15T02:21:06+00:00","dateModified":"2021-08-18T01:05:02+00:00","breadcrumb":{"@id":"https:\/\/www.laboratorioripoll.com\/product\/gentamicina-100-r\/#breadcrumb"},"inLanguage":"en-US","potentialAction":[{"@type":"ReadAction","target":["https:\/\/www.laboratorioripoll.com\/product\/gentamicina-100-r\/"]}]},{"@type":"BreadcrumbList","@id":"https:\/\/www.laboratorioripoll.com\/product\/gentamicina-100-r\/#breadcrumb","itemListElement":[{"@type":"ListItem","position":1,"name":"Inicio","item":"https:\/\/www.laboratorioripoll.com\/"},{"@type":"ListItem","position":2,"name":"Cat\u00e1logo","item":"https:\/\/www.laboratorioripoll.com\/catalogo\/"},{"@type":"ListItem","position":3,"name":"Veterinaria","item":"https:\/\/www.laboratorioripoll.com\/product-category\/veterinaria\/"},{"@type":"ListItem","position":4,"name":"Antibi\u00f3ticos","item":"https:\/\/www.laboratorioripoll.com\/product-category\/veterinaria\/antibioticos\/"},{"@type":"ListItem","position":5,"name":"GENTAMICINA 100 R"}]},{"@type":"WebSite","@id":"https:\/\/www.laboratorioripoll.com\/#website","url":"https:\/\/www.laboratorioripoll.com\/","name":"Laboratorio Ripoll","description":"","publisher":{"@id":"https:\/\/www.laboratorioripoll.com\/#organization"},"potentialAction":[{"@type":"SearchAction","target":{"@type":"EntryPoint","urlTemplate":"https:\/\/www.laboratorioripoll.com\/?s={search_term_string}"},"query-input":"required name=search_term_string"}],"inLanguage":"en-US"},{"@type":"Organization","@id":"https:\/\/www.laboratorioripoll.com\/#organization","name":"Laboratorio Ripoll","url":"https:\/\/www.laboratorioripoll.com\/","logo":{"@type":"ImageObject","inLanguage":"en-US","@id":"https:\/\/www.laboratorioripoll.com\/#\/schema\/logo\/image\/","url":"https:\/\/www.laboratorioripoll.com\/wp-content\/uploads\/2021\/08\/Ripoll-Logo.svg","contentUrl":"https:\/\/www.laboratorioripoll.com\/wp-content\/uploads\/2021\/08\/Ripoll-Logo.svg","width":1,"height":1,"caption":"Laboratorio Ripoll"},"image":{"@id":"https:\/\/www.laboratorioripoll.com\/#\/schema\/logo\/image\/"}}]}},"_links":{"self":[{"href":"https:\/\/www.laboratorioripoll.com\/en\/wp-json\/wp\/v2\/product\/340","targetHints":{"allow":["GET"]}}],"collection":[{"href":"https:\/\/www.laboratorioripoll.com\/en\/wp-json\/wp\/v2\/product"}],"about":[{"href":"https:\/\/www.laboratorioripoll.com\/en\/wp-json\/wp\/v2\/types\/product"}],"wp:featuredmedia":[{"embeddable":true,"href":"https:\/\/www.laboratorioripoll.com\/en\/wp-json\/wp\/v2\/media\/501"}],"wp:attachment":[{"href":"https:\/\/www.laboratorioripoll.com\/en\/wp-json\/wp\/v2\/media?parent=340"}],"wp:term":[{"taxonomy":"product_cat","embeddable":true,"href":"https:\/\/www.laboratorioripoll.com\/en\/wp-json\/wp\/v2\/product_cat?post=340"},{"taxonomy":"product_tag","embeddable":true,"href":"https:\/\/www.laboratorioripoll.com\/en\/wp-json\/wp\/v2\/product_tag?post=340"}],"curies":[{"name":"wp","href":"https:\/\/api.w.org\/{rel}","templated":true}]}}