{"id":343,"date":"2021-08-14T23:30:53","date_gmt":"2021-08-15T02:30:53","guid":{"rendered":"https:\/\/laboratorioripoll.com\/?post_type=product&#038;p=343"},"modified":"2021-08-17T22:04:04","modified_gmt":"2021-08-18T01:04:04","slug":"streptocilina","status":"publish","type":"product","link":"https:\/\/www.laboratorioripoll.com\/en\/product\/streptocilina\/","title":{"rendered":"STREPTOCILINA"},"content":{"rendered":"<p><strong>COMBINACI\u00d3N ANTIBI\u00d3TICA DE AMPLIO ESPECTRO<\/strong><\/p>\n<p><strong>PROPERTIES<br \/>\n<\/strong><strong>streptocilina<\/strong>\u00a0es una asociaci\u00f3n de Bencilpenicilina proca\u00ednica y sulfato de Dihidroestreptomicina, en suspensi\u00f3n acuosa pronta para el uso inyectable.<br \/>\nLa asociaci\u00f3n de estos dos antibi\u00f3ticos se justifica ya que al unirse se potencializan y ampl\u00edan su espectro antibacteriano. Las penicilinas son particualrmente activas contra g\u00e9rmenes gram positivos y la\u00a0 Dihidroestreptomicina es m\u00e1s eficaz contra bacterias gran negativas.<br \/>\nDe acuerdo a su farmacotecnia\u00a0<strong>streptocilina\u00a0<\/strong>est\u00e1 preparada de tal manera que asegura la acci\u00f3n terap\u00e9utica de los dos antibi\u00f3ticos paralelamente durante 24 hs.<\/p>\n<p><strong>INDICATIONS<br \/>\n<\/strong>Antibi\u00f3tico de primera elecci\u00f3n para el tratamiento del aparato respiratorio, digestivo, urinario, reproductor y otras infecciones provocadas por g\u00e9rmenes sensibles a la asociaci\u00f3n.<br \/>\nUso en equinos, bovinos, ovinos, suinos, caninos, felinos y caprinos.<\/p>\n<p><strong>ADMINISTRATION AND DOSAGE<br \/>\n<\/strong>1 mL cada 20 kpv v\u00eda IM durante 3 a 5 dias o seg\u00fan precripci\u00f3n<\/p>\n<p><strong>PRESENTATION<br \/>\n<\/strong>Frasco ampolla 100 mL y 250 mL<\/p>","protected":false},"excerpt":{"rendered":"<table width=\"211\">\n<tbody>\n<tr>\n<td width=\"135\"><strong>COMPOSITION<\/strong><\/td>\n<td width=\"76\"><\/td>\n<\/tr>\n<tr>\n<td width=\"135\">Penicilina G proca\u00ednica<\/td>\n<td width=\"76\">20.000.000 UI<\/td>\n<\/tr>\n<tr>\n<td width=\"135\">Dihidroestreptomicina sulfato<\/td>\n<td width=\"76\">25 g<\/td>\n<\/tr>\n<tr>\n<td width=\"135\">Vehicle q.s.<\/td>\n<td width=\"76\">100 mL<\/td>\n<\/tr>\n<\/tbody>\n<\/table>","protected":false},"featured_media":499,"template":"","meta":[],"product_cat":[20,21,35],"product_tag":[],"class_list":["post-343","product","type-product","status-publish","has-post-thumbnail","hentry","product_cat-veterinaria","product_cat-antibioticos","product_cat-equinos"],"yoast_head":"<!-- This site is optimized with the Yoast SEO plugin v21.2 - https:\/\/yoast.com\/wordpress\/plugins\/seo\/ -->\n<title>STREPTOCILINA - Laboratorio Ripoll<\/title>\n<meta name=\"robots\" content=\"index, follow, max-snippet:-1, max-image-preview:large, max-video-preview:-1\" \/>\n<link rel=\"canonical\" href=\"https:\/\/www.laboratorioripoll.com\/en\/product\/streptocilina\/\" \/>\n<meta property=\"og:locale\" content=\"en_US\" \/>\n<meta property=\"og:type\" content=\"article\" \/>\n<meta property=\"og:title\" content=\"STREPTOCILINA - Laboratorio Ripoll\" \/>\n<meta property=\"og:description\" content=\"COMPOSICI\u00d3N    Penicilina G proca\u00ednica 20.000.000 UI   Dihidroestreptomicina sulfato 25 g   Veh\u00edculo c.s.p. 100 mL\" \/>\n<meta property=\"og:url\" content=\"https:\/\/www.laboratorioripoll.com\/en\/product\/streptocilina\/\" \/>\n<meta property=\"og:site_name\" content=\"Laboratorio Ripoll\" \/>\n<meta property=\"article:modified_time\" content=\"2021-08-18T01:04:04+00:00\" \/>\n<meta property=\"og:image\" content=\"https:\/\/www.laboratorioripoll.com\/wp-content\/uploads\/2021\/08\/Streptocilina.jpg\" \/>\n\t<meta property=\"og:image:width\" content=\"2100\" \/>\n\t<meta property=\"og:image:height\" content=\"2000\" \/>\n\t<meta property=\"og:image:type\" content=\"image\/jpeg\" \/>\n<meta name=\"twitter:card\" content=\"summary_large_image\" \/>\n<meta name=\"twitter:label1\" content=\"Est. reading time\" \/>\n\t<meta name=\"twitter:data1\" content=\"1 minute\" \/>\n<script type=\"application\/ld+json\" class=\"yoast-schema-graph\">{\"@context\":\"https:\/\/schema.org\",\"@graph\":[{\"@type\":\"WebPage\",\"@id\":\"https:\/\/www.laboratorioripoll.com\/product\/streptocilina\/\",\"url\":\"https:\/\/www.laboratorioripoll.com\/product\/streptocilina\/\",\"name\":\"STREPTOCILINA - Laboratorio Ripoll\",\"isPartOf\":{\"@id\":\"https:\/\/www.laboratorioripoll.com\/#website\"},\"datePublished\":\"2021-08-15T02:30:53+00:00\",\"dateModified\":\"2021-08-18T01:04:04+00:00\",\"breadcrumb\":{\"@id\":\"https:\/\/www.laboratorioripoll.com\/product\/streptocilina\/#breadcrumb\"},\"inLanguage\":\"en-US\",\"potentialAction\":[{\"@type\":\"ReadAction\",\"target\":[\"https:\/\/www.laboratorioripoll.com\/product\/streptocilina\/\"]}]},{\"@type\":\"BreadcrumbList\",\"@id\":\"https:\/\/www.laboratorioripoll.com\/product\/streptocilina\/#breadcrumb\",\"itemListElement\":[{\"@type\":\"ListItem\",\"position\":1,\"name\":\"Inicio\",\"item\":\"https:\/\/www.laboratorioripoll.com\/\"},{\"@type\":\"ListItem\",\"position\":2,\"name\":\"Cat\u00e1logo\",\"item\":\"https:\/\/www.laboratorioripoll.com\/catalogo\/\"},{\"@type\":\"ListItem\",\"position\":3,\"name\":\"Veterinaria\",\"item\":\"https:\/\/www.laboratorioripoll.com\/product-category\/veterinaria\/\"},{\"@type\":\"ListItem\",\"position\":4,\"name\":\"Antibi\u00f3ticos\",\"item\":\"https:\/\/www.laboratorioripoll.com\/product-category\/veterinaria\/antibioticos\/\"},{\"@type\":\"ListItem\",\"position\":5,\"name\":\"STREPTOCILINA\"}]},{\"@type\":\"WebSite\",\"@id\":\"https:\/\/www.laboratorioripoll.com\/#website\",\"url\":\"https:\/\/www.laboratorioripoll.com\/\",\"name\":\"Laboratorio Ripoll\",\"description\":\"\",\"publisher\":{\"@id\":\"https:\/\/www.laboratorioripoll.com\/#organization\"},\"potentialAction\":[{\"@type\":\"SearchAction\",\"target\":{\"@type\":\"EntryPoint\",\"urlTemplate\":\"https:\/\/www.laboratorioripoll.com\/?s={search_term_string}\"},\"query-input\":\"required name=search_term_string\"}],\"inLanguage\":\"en-US\"},{\"@type\":\"Organization\",\"@id\":\"https:\/\/www.laboratorioripoll.com\/#organization\",\"name\":\"Laboratorio Ripoll\",\"url\":\"https:\/\/www.laboratorioripoll.com\/\",\"logo\":{\"@type\":\"ImageObject\",\"inLanguage\":\"en-US\",\"@id\":\"https:\/\/www.laboratorioripoll.com\/#\/schema\/logo\/image\/\",\"url\":\"https:\/\/www.laboratorioripoll.com\/wp-content\/uploads\/2021\/08\/Ripoll-Logo.svg\",\"contentUrl\":\"https:\/\/www.laboratorioripoll.com\/wp-content\/uploads\/2021\/08\/Ripoll-Logo.svg\",\"width\":1,\"height\":1,\"caption\":\"Laboratorio Ripoll\"},\"image\":{\"@id\":\"https:\/\/www.laboratorioripoll.com\/#\/schema\/logo\/image\/\"}}]}<\/script>\n<!-- \/ Yoast SEO plugin. -->","yoast_head_json":{"title":"STREPTOCILINA - Laboratorio Ripoll","robots":{"index":"index","follow":"follow","max-snippet":"max-snippet:-1","max-image-preview":"max-image-preview:large","max-video-preview":"max-video-preview:-1"},"canonical":"https:\/\/www.laboratorioripoll.com\/en\/product\/streptocilina\/","og_locale":"en_US","og_type":"article","og_title":"STREPTOCILINA - Laboratorio Ripoll","og_description":"COMPOSICI\u00d3N    Penicilina G proca\u00ednica 20.000.000 UI   Dihidroestreptomicina sulfato 25 g   Veh\u00edculo c.s.p. 100 mL","og_url":"https:\/\/www.laboratorioripoll.com\/en\/product\/streptocilina\/","og_site_name":"Laboratorio Ripoll","article_modified_time":"2021-08-18T01:04:04+00:00","og_image":[{"width":2100,"height":2000,"url":"https:\/\/www.laboratorioripoll.com\/wp-content\/uploads\/2021\/08\/Streptocilina.jpg","type":"image\/jpeg"}],"twitter_card":"summary_large_image","twitter_misc":{"Est. reading time":"1 minute"},"schema":{"@context":"https:\/\/schema.org","@graph":[{"@type":"WebPage","@id":"https:\/\/www.laboratorioripoll.com\/product\/streptocilina\/","url":"https:\/\/www.laboratorioripoll.com\/product\/streptocilina\/","name":"STREPTOCILINA - Laboratorio Ripoll","isPartOf":{"@id":"https:\/\/www.laboratorioripoll.com\/#website"},"datePublished":"2021-08-15T02:30:53+00:00","dateModified":"2021-08-18T01:04:04+00:00","breadcrumb":{"@id":"https:\/\/www.laboratorioripoll.com\/product\/streptocilina\/#breadcrumb"},"inLanguage":"en-US","potentialAction":[{"@type":"ReadAction","target":["https:\/\/www.laboratorioripoll.com\/product\/streptocilina\/"]}]},{"@type":"BreadcrumbList","@id":"https:\/\/www.laboratorioripoll.com\/product\/streptocilina\/#breadcrumb","itemListElement":[{"@type":"ListItem","position":1,"name":"Inicio","item":"https:\/\/www.laboratorioripoll.com\/"},{"@type":"ListItem","position":2,"name":"Cat\u00e1logo","item":"https:\/\/www.laboratorioripoll.com\/catalogo\/"},{"@type":"ListItem","position":3,"name":"Veterinaria","item":"https:\/\/www.laboratorioripoll.com\/product-category\/veterinaria\/"},{"@type":"ListItem","position":4,"name":"Antibi\u00f3ticos","item":"https:\/\/www.laboratorioripoll.com\/product-category\/veterinaria\/antibioticos\/"},{"@type":"ListItem","position":5,"name":"STREPTOCILINA"}]},{"@type":"WebSite","@id":"https:\/\/www.laboratorioripoll.com\/#website","url":"https:\/\/www.laboratorioripoll.com\/","name":"Laboratorio Ripoll","description":"","publisher":{"@id":"https:\/\/www.laboratorioripoll.com\/#organization"},"potentialAction":[{"@type":"SearchAction","target":{"@type":"EntryPoint","urlTemplate":"https:\/\/www.laboratorioripoll.com\/?s={search_term_string}"},"query-input":"required name=search_term_string"}],"inLanguage":"en-US"},{"@type":"Organization","@id":"https:\/\/www.laboratorioripoll.com\/#organization","name":"Laboratorio Ripoll","url":"https:\/\/www.laboratorioripoll.com\/","logo":{"@type":"ImageObject","inLanguage":"en-US","@id":"https:\/\/www.laboratorioripoll.com\/#\/schema\/logo\/image\/","url":"https:\/\/www.laboratorioripoll.com\/wp-content\/uploads\/2021\/08\/Ripoll-Logo.svg","contentUrl":"https:\/\/www.laboratorioripoll.com\/wp-content\/uploads\/2021\/08\/Ripoll-Logo.svg","width":1,"height":1,"caption":"Laboratorio Ripoll"},"image":{"@id":"https:\/\/www.laboratorioripoll.com\/#\/schema\/logo\/image\/"}}]}},"_links":{"self":[{"href":"https:\/\/www.laboratorioripoll.com\/en\/wp-json\/wp\/v2\/product\/343","targetHints":{"allow":["GET"]}}],"collection":[{"href":"https:\/\/www.laboratorioripoll.com\/en\/wp-json\/wp\/v2\/product"}],"about":[{"href":"https:\/\/www.laboratorioripoll.com\/en\/wp-json\/wp\/v2\/types\/product"}],"wp:featuredmedia":[{"embeddable":true,"href":"https:\/\/www.laboratorioripoll.com\/en\/wp-json\/wp\/v2\/media\/499"}],"wp:attachment":[{"href":"https:\/\/www.laboratorioripoll.com\/en\/wp-json\/wp\/v2\/media?parent=343"}],"wp:term":[{"taxonomy":"product_cat","embeddable":true,"href":"https:\/\/www.laboratorioripoll.com\/en\/wp-json\/wp\/v2\/product_cat?post=343"},{"taxonomy":"product_tag","embeddable":true,"href":"https:\/\/www.laboratorioripoll.com\/en\/wp-json\/wp\/v2\/product_tag?post=343"}],"curies":[{"name":"wp","href":"https:\/\/api.w.org\/{rel}","templated":true}]}}