{"id":348,"date":"2021-08-15T00:02:46","date_gmt":"2021-08-15T03:02:46","guid":{"rendered":"https:\/\/laboratorioripoll.com\/?post_type=product&#038;p=348"},"modified":"2021-08-17T22:02:49","modified_gmt":"2021-08-18T01:02:49","slug":"glu-con-plus","status":"publish","type":"product","link":"https:\/\/www.laboratorioripoll.com\/en\/product\/glu-con-plus\/","title":{"rendered":"GLU-CON PLUS"},"content":{"rendered":"<p><strong>ANTIARTR\u00d3SICA &#8211; ANTIINFLAMATORIA<\/strong><\/p>\n<p><strong>PROPERTIES<br \/>\n<\/strong><strong>glu-con plus<\/strong>\u00a0es una crema compuesta por Glucosamina y Condroit\u00edn, componentes naturales del cart\u00edlago articular, m\u00e1s Hialuronato de sodio que compone el l\u00edquido sinovial.<br \/>\nEl Condroit\u00edn es un componente de la mayor\u00eda de los tejidos de vertebrados e invertebrados y se encuentra mayormente presente en los tejidos conectivos del cuerpo, como cart\u00edlago, ligamentos, tendones y piel. En todos los procesos de artrosis el Condroit\u00edn se encuentra disminu\u00eddo y su administraci\u00f3n aten\u00faa los procesos inflamatorios y degenerativos articulares a nivel condral y del l\u00edquido sinovial. El Condoit\u00edn aporta al cart\u00edlago sus propiedades mec\u00e1nicas y el\u00e1sticas y proporciona al tejido mayor resistencia a la compresi\u00f3n y mejor capacidad de amortiguaci\u00f3n.<br \/>\nLa Glucosamina es un aminosac\u00e1rido componente natural del cart\u00edlago articular y tiene acci\u00f3n condrorregenerativa , analg\u00e9sica y antiinflamatoria.<br \/>\nEl Hialuronato de sodio o \u00e1cido Hialur\u00f3nico es una sustancia natural presente en el organismo animal, tanto en el tejido conectivo y articulaciones, as\u00ed como piel y humor v\u00edtreo. Es importante en el manejo de las funciones areticulares, y para activar los procesos reparativos del cart\u00edlago articular.<\/p>\n<p><strong>INDICATIONS<br \/>\n<\/strong>Antiartr\u00f3sico. Antiinflamatorio. Artrosis, artritis, osteitis, dolores articulares, periostitis, tendinitis, sinovitis y lesiones tendinosas o cartilaginosas.<\/p>\n<p><strong>ADMINISTRATION AND DOSAGE<br \/>\n<\/strong>Uso t\u00f3pico en equinos, caninos y felinos.<br \/>\nAplicar en la articulaci\u00f3n o zona a tratar, y masajear suavemente durante unos 5 minutos.<\/p>\n<p><strong>PRESENTATION<br \/>\n<\/strong>Pomos 100 g y 250 g<\/p>","protected":false},"excerpt":{"rendered":"<table width=\"211\">\n<tbody>\n<tr>\n<td width=\"135\"><strong>COMPOSITION<\/strong><\/td>\n<td width=\"76\"><\/td>\n<\/tr>\n<tr>\n<td width=\"135\">Glucosamina sulfato<\/td>\n<td width=\"76\">2500 mg<\/td>\n<\/tr>\n<tr>\n<td width=\"135\">Condroit\u00edn sulfato<\/td>\n<td width=\"76\">2000 mg<\/td>\n<\/tr>\n<tr>\n<td width=\"135\">Hialuronato de sodio<\/td>\n<td width=\"76\">100 mg<\/td>\n<\/tr>\n<tr>\n<td width=\"135\">Excipients q.s.<\/td>\n<td width=\"76\">100 g<\/td>\n<\/tr>\n<\/tbody>\n<\/table>","protected":false},"featured_media":496,"template":"","meta":[],"product_cat":[20,33,35],"product_tag":[],"class_list":["post-348","product","type-product","status-publish","has-post-thumbnail","hentry","product_cat-veterinaria","product_cat-condoprotectores","product_cat-equinos"],"yoast_head":"<!-- This site is optimized with the Yoast SEO plugin v21.2 - https:\/\/yoast.com\/wordpress\/plugins\/seo\/ -->\n<title>GLU-CON PLUS - Laboratorio Ripoll<\/title>\n<meta name=\"robots\" content=\"index, follow, max-snippet:-1, max-image-preview:large, max-video-preview:-1\" \/>\n<link rel=\"canonical\" href=\"https:\/\/www.laboratorioripoll.com\/en\/product\/glu-con-plus\/\" \/>\n<meta property=\"og:locale\" content=\"en_US\" \/>\n<meta property=\"og:type\" content=\"article\" \/>\n<meta property=\"og:title\" content=\"GLU-CON PLUS - Laboratorio Ripoll\" \/>\n<meta property=\"og:description\" content=\"COMPOSICI\u00d3N    Glucosamina sulfato 2500 mg   Condroit\u00edn sulfato 2000 mg   Hialuronato de sodio 100 mg   Excipientes c.s.p. 100 g\" \/>\n<meta property=\"og:url\" content=\"https:\/\/www.laboratorioripoll.com\/en\/product\/glu-con-plus\/\" \/>\n<meta property=\"og:site_name\" content=\"Laboratorio Ripoll\" \/>\n<meta property=\"article:modified_time\" content=\"2021-08-18T01:02:49+00:00\" \/>\n<meta property=\"og:image\" content=\"https:\/\/www.laboratorioripoll.com\/wp-content\/uploads\/2021\/08\/Glu-con-plus.jpg\" \/>\n\t<meta property=\"og:image:width\" content=\"2100\" \/>\n\t<meta property=\"og:image:height\" content=\"2000\" \/>\n\t<meta property=\"og:image:type\" content=\"image\/jpeg\" \/>\n<meta name=\"twitter:card\" content=\"summary_large_image\" \/>\n<meta name=\"twitter:label1\" content=\"Est. reading time\" \/>\n\t<meta name=\"twitter:data1\" content=\"1 minute\" \/>\n<script type=\"application\/ld+json\" class=\"yoast-schema-graph\">{\"@context\":\"https:\/\/schema.org\",\"@graph\":[{\"@type\":\"WebPage\",\"@id\":\"https:\/\/www.laboratorioripoll.com\/product\/glu-con-plus\/\",\"url\":\"https:\/\/www.laboratorioripoll.com\/product\/glu-con-plus\/\",\"name\":\"GLU-CON PLUS - Laboratorio Ripoll\",\"isPartOf\":{\"@id\":\"https:\/\/www.laboratorioripoll.com\/#website\"},\"datePublished\":\"2021-08-15T03:02:46+00:00\",\"dateModified\":\"2021-08-18T01:02:49+00:00\",\"breadcrumb\":{\"@id\":\"https:\/\/www.laboratorioripoll.com\/product\/glu-con-plus\/#breadcrumb\"},\"inLanguage\":\"en-US\",\"potentialAction\":[{\"@type\":\"ReadAction\",\"target\":[\"https:\/\/www.laboratorioripoll.com\/product\/glu-con-plus\/\"]}]},{\"@type\":\"BreadcrumbList\",\"@id\":\"https:\/\/www.laboratorioripoll.com\/product\/glu-con-plus\/#breadcrumb\",\"itemListElement\":[{\"@type\":\"ListItem\",\"position\":1,\"name\":\"Inicio\",\"item\":\"https:\/\/www.laboratorioripoll.com\/\"},{\"@type\":\"ListItem\",\"position\":2,\"name\":\"Cat\u00e1logo\",\"item\":\"https:\/\/www.laboratorioripoll.com\/catalogo\/\"},{\"@type\":\"ListItem\",\"position\":3,\"name\":\"Veterinaria\",\"item\":\"https:\/\/www.laboratorioripoll.com\/product-category\/veterinaria\/\"},{\"@type\":\"ListItem\",\"position\":4,\"name\":\"Condoprotectores\",\"item\":\"https:\/\/www.laboratorioripoll.com\/product-category\/veterinaria\/condoprotectores\/\"},{\"@type\":\"ListItem\",\"position\":5,\"name\":\"GLU-CON PLUS\"}]},{\"@type\":\"WebSite\",\"@id\":\"https:\/\/www.laboratorioripoll.com\/#website\",\"url\":\"https:\/\/www.laboratorioripoll.com\/\",\"name\":\"Laboratorio Ripoll\",\"description\":\"\",\"publisher\":{\"@id\":\"https:\/\/www.laboratorioripoll.com\/#organization\"},\"potentialAction\":[{\"@type\":\"SearchAction\",\"target\":{\"@type\":\"EntryPoint\",\"urlTemplate\":\"https:\/\/www.laboratorioripoll.com\/?s={search_term_string}\"},\"query-input\":\"required name=search_term_string\"}],\"inLanguage\":\"en-US\"},{\"@type\":\"Organization\",\"@id\":\"https:\/\/www.laboratorioripoll.com\/#organization\",\"name\":\"Laboratorio Ripoll\",\"url\":\"https:\/\/www.laboratorioripoll.com\/\",\"logo\":{\"@type\":\"ImageObject\",\"inLanguage\":\"en-US\",\"@id\":\"https:\/\/www.laboratorioripoll.com\/#\/schema\/logo\/image\/\",\"url\":\"https:\/\/www.laboratorioripoll.com\/wp-content\/uploads\/2021\/08\/Ripoll-Logo.svg\",\"contentUrl\":\"https:\/\/www.laboratorioripoll.com\/wp-content\/uploads\/2021\/08\/Ripoll-Logo.svg\",\"width\":1,\"height\":1,\"caption\":\"Laboratorio Ripoll\"},\"image\":{\"@id\":\"https:\/\/www.laboratorioripoll.com\/#\/schema\/logo\/image\/\"}}]}<\/script>\n<!-- \/ Yoast SEO plugin. -->","yoast_head_json":{"title":"GLU-CON PLUS - Laboratorio Ripoll","robots":{"index":"index","follow":"follow","max-snippet":"max-snippet:-1","max-image-preview":"max-image-preview:large","max-video-preview":"max-video-preview:-1"},"canonical":"https:\/\/www.laboratorioripoll.com\/en\/product\/glu-con-plus\/","og_locale":"en_US","og_type":"article","og_title":"GLU-CON PLUS - Laboratorio Ripoll","og_description":"COMPOSICI\u00d3N    Glucosamina sulfato 2500 mg   Condroit\u00edn sulfato 2000 mg   Hialuronato de sodio 100 mg   Excipientes c.s.p. 100 g","og_url":"https:\/\/www.laboratorioripoll.com\/en\/product\/glu-con-plus\/","og_site_name":"Laboratorio Ripoll","article_modified_time":"2021-08-18T01:02:49+00:00","og_image":[{"width":2100,"height":2000,"url":"https:\/\/www.laboratorioripoll.com\/wp-content\/uploads\/2021\/08\/Glu-con-plus.jpg","type":"image\/jpeg"}],"twitter_card":"summary_large_image","twitter_misc":{"Est. reading time":"1 minute"},"schema":{"@context":"https:\/\/schema.org","@graph":[{"@type":"WebPage","@id":"https:\/\/www.laboratorioripoll.com\/product\/glu-con-plus\/","url":"https:\/\/www.laboratorioripoll.com\/product\/glu-con-plus\/","name":"GLU-CON PLUS - Laboratorio Ripoll","isPartOf":{"@id":"https:\/\/www.laboratorioripoll.com\/#website"},"datePublished":"2021-08-15T03:02:46+00:00","dateModified":"2021-08-18T01:02:49+00:00","breadcrumb":{"@id":"https:\/\/www.laboratorioripoll.com\/product\/glu-con-plus\/#breadcrumb"},"inLanguage":"en-US","potentialAction":[{"@type":"ReadAction","target":["https:\/\/www.laboratorioripoll.com\/product\/glu-con-plus\/"]}]},{"@type":"BreadcrumbList","@id":"https:\/\/www.laboratorioripoll.com\/product\/glu-con-plus\/#breadcrumb","itemListElement":[{"@type":"ListItem","position":1,"name":"Inicio","item":"https:\/\/www.laboratorioripoll.com\/"},{"@type":"ListItem","position":2,"name":"Cat\u00e1logo","item":"https:\/\/www.laboratorioripoll.com\/catalogo\/"},{"@type":"ListItem","position":3,"name":"Veterinaria","item":"https:\/\/www.laboratorioripoll.com\/product-category\/veterinaria\/"},{"@type":"ListItem","position":4,"name":"Condoprotectores","item":"https:\/\/www.laboratorioripoll.com\/product-category\/veterinaria\/condoprotectores\/"},{"@type":"ListItem","position":5,"name":"GLU-CON PLUS"}]},{"@type":"WebSite","@id":"https:\/\/www.laboratorioripoll.com\/#website","url":"https:\/\/www.laboratorioripoll.com\/","name":"Laboratorio Ripoll","description":"","publisher":{"@id":"https:\/\/www.laboratorioripoll.com\/#organization"},"potentialAction":[{"@type":"SearchAction","target":{"@type":"EntryPoint","urlTemplate":"https:\/\/www.laboratorioripoll.com\/?s={search_term_string}"},"query-input":"required name=search_term_string"}],"inLanguage":"en-US"},{"@type":"Organization","@id":"https:\/\/www.laboratorioripoll.com\/#organization","name":"Laboratorio Ripoll","url":"https:\/\/www.laboratorioripoll.com\/","logo":{"@type":"ImageObject","inLanguage":"en-US","@id":"https:\/\/www.laboratorioripoll.com\/#\/schema\/logo\/image\/","url":"https:\/\/www.laboratorioripoll.com\/wp-content\/uploads\/2021\/08\/Ripoll-Logo.svg","contentUrl":"https:\/\/www.laboratorioripoll.com\/wp-content\/uploads\/2021\/08\/Ripoll-Logo.svg","width":1,"height":1,"caption":"Laboratorio Ripoll"},"image":{"@id":"https:\/\/www.laboratorioripoll.com\/#\/schema\/logo\/image\/"}}]}},"_links":{"self":[{"href":"https:\/\/www.laboratorioripoll.com\/en\/wp-json\/wp\/v2\/product\/348","targetHints":{"allow":["GET"]}}],"collection":[{"href":"https:\/\/www.laboratorioripoll.com\/en\/wp-json\/wp\/v2\/product"}],"about":[{"href":"https:\/\/www.laboratorioripoll.com\/en\/wp-json\/wp\/v2\/types\/product"}],"wp:featuredmedia":[{"embeddable":true,"href":"https:\/\/www.laboratorioripoll.com\/en\/wp-json\/wp\/v2\/media\/496"}],"wp:attachment":[{"href":"https:\/\/www.laboratorioripoll.com\/en\/wp-json\/wp\/v2\/media?parent=348"}],"wp:term":[{"taxonomy":"product_cat","embeddable":true,"href":"https:\/\/www.laboratorioripoll.com\/en\/wp-json\/wp\/v2\/product_cat?post=348"},{"taxonomy":"product_tag","embeddable":true,"href":"https:\/\/www.laboratorioripoll.com\/en\/wp-json\/wp\/v2\/product_tag?post=348"}],"curies":[{"name":"wp","href":"https:\/\/api.w.org\/{rel}","templated":true}]}}