{"id":350,"date":"2021-08-15T00:09:44","date_gmt":"2021-08-15T03:09:44","guid":{"rendered":"https:\/\/laboratorioripoll.com\/?post_type=product&#038;p=350"},"modified":"2021-08-26T19:30:10","modified_gmt":"2021-08-26T22:30:10","slug":"acitioc","status":"publish","type":"product","link":"https:\/\/www.laboratorioripoll.com\/en\/product\/acitioc\/","title":{"rendered":"ACITIOC"},"content":{"rendered":"<p><strong>HEPATOPROTECTOR &#8211; DESINTOXICANTE<\/strong><\/p>\n<p><strong>PROPERTIES<br \/>\n<\/strong>El \u00e1cido Ti\u00f3ctico o \u00e1cido Lipoico es un hepatoprotector y desintoxicante metab\u00f3lico con acci\u00f3n estimulante sobre el ciclo de Krebs celular. Es un poderoso antioxidante celular, cofactor end\u00f3geno del metabolismo oxidativo. Aumenta los niveles end\u00f3genos de otros antioxidantes (como la vitamina E) presentes en las membranas celulares, glutati\u00f3n y ascorbato.<br \/>\nEl \u00e1cido Ti\u00f3ctico promueve la funci\u00f3n hep\u00e1tica debido al aumento de la reserva de gluc\u00f3geno y tiene marcada acci\u00f3n quelante en intoxicaciones por metales pesados.<\/p>\n<p><strong>INDICATIONS<br \/>\n<\/strong><strong>acitioc\u00a0<\/strong>est\u00e1 indicado en hepatitis, hepatopat\u00edas agudas o cr\u00f3nicas, intoxicaciones por metales pesados como plomo, mercurio, ars\u00e9nico, tetracloruro de carbono y de cualquier otro or\u00edgen. Trastornos metab\u00f3licos, estados de estr\u00e9s, agotamiento, tratamientos pre y post competencias, h\u00edgado graso, astenia y c\u00f3licos.<\/p>\n<p><strong>ADMINISTRATION AND DOSAGE<br \/>\n<\/strong>Equinos y bovinos: 5 a 10 mL cada 100 kpv diarios, v\u00eda EV lenta preferentemente.<br \/>\nEn equinos deportivos adultos, se recomienda una dosis de 25 mL diarios, durante 5 a 7 d\u00edas.<br \/>\nOvinos y suinos: 5 a 10 mL cada 50 kpv diarios, v\u00eda EV, IM o SC.<br \/>\nCaninos y felinos: 1 a 3 mL cada 10 kpv diarios, v\u00eda SC, IM o EV.<\/p>\n<p><strong>PRESENTATION<br \/>\n<\/strong>Frasco ampolla 100 mL Y 250 mL<\/p>","protected":false},"excerpt":{"rendered":"<table width=\"211\">\n<tbody>\n<tr>\n<td width=\"135\"><strong>COMPOSITION<\/strong><\/td>\n<td width=\"76\"><\/td>\n<\/tr>\n<tr>\n<td width=\"135\">Thioctic Acid<\/td>\n<td width=\"76\">500 mg<\/td>\n<\/tr>\n<tr>\n<td width=\"135\">Vehicle q.s.<\/td>\n<td width=\"76\">100 mL<\/td>\n<\/tr>\n<\/tbody>\n<\/table>","protected":false},"featured_media":505,"template":"","meta":[],"product_cat":[20,35,36],"product_tag":[],"class_list":["post-350","product","type-product","status-publish","has-post-thumbnail","hentry","product_cat-veterinaria","product_cat-equinos","product_cat-hepatoprotectores"],"yoast_head":"<!-- This site is optimized with the Yoast SEO plugin v21.2 - https:\/\/yoast.com\/wordpress\/plugins\/seo\/ -->\n<title>ACITIOC - Laboratorio Ripoll<\/title>\n<meta name=\"robots\" content=\"index, follow, max-snippet:-1, max-image-preview:large, max-video-preview:-1\" \/>\n<link rel=\"canonical\" href=\"https:\/\/www.laboratorioripoll.com\/en\/product\/acitioc\/\" \/>\n<meta property=\"og:locale\" content=\"en_US\" \/>\n<meta property=\"og:type\" content=\"article\" \/>\n<meta property=\"og:title\" content=\"ACITIOC - Laboratorio Ripoll\" \/>\n<meta property=\"og:description\" content=\"COMPOSICI\u00d3N    \u00c1cido Ti\u00f3ctico 500 mg   Veh\u00edculo c.s.p. 100 mL\" \/>\n<meta property=\"og:url\" content=\"https:\/\/www.laboratorioripoll.com\/en\/product\/acitioc\/\" \/>\n<meta property=\"og:site_name\" content=\"Laboratorio Ripoll\" \/>\n<meta property=\"article:modified_time\" content=\"2021-08-26T22:30:10+00:00\" \/>\n<meta property=\"og:image\" content=\"https:\/\/www.laboratorioripoll.com\/wp-content\/uploads\/2021\/08\/Actioc.jpg\" \/>\n\t<meta property=\"og:image:width\" content=\"2100\" \/>\n\t<meta property=\"og:image:height\" content=\"2000\" \/>\n\t<meta property=\"og:image:type\" content=\"image\/jpeg\" \/>\n<meta name=\"twitter:card\" content=\"summary_large_image\" \/>\n<meta name=\"twitter:label1\" content=\"Est. reading time\" \/>\n\t<meta name=\"twitter:data1\" content=\"1 minute\" \/>\n<script type=\"application\/ld+json\" class=\"yoast-schema-graph\">{\"@context\":\"https:\/\/schema.org\",\"@graph\":[{\"@type\":\"WebPage\",\"@id\":\"https:\/\/www.laboratorioripoll.com\/product\/acitioc\/\",\"url\":\"https:\/\/www.laboratorioripoll.com\/product\/acitioc\/\",\"name\":\"ACITIOC - Laboratorio Ripoll\",\"isPartOf\":{\"@id\":\"https:\/\/www.laboratorioripoll.com\/#website\"},\"datePublished\":\"2021-08-15T03:09:44+00:00\",\"dateModified\":\"2021-08-26T22:30:10+00:00\",\"breadcrumb\":{\"@id\":\"https:\/\/www.laboratorioripoll.com\/product\/acitioc\/#breadcrumb\"},\"inLanguage\":\"en-US\",\"potentialAction\":[{\"@type\":\"ReadAction\",\"target\":[\"https:\/\/www.laboratorioripoll.com\/product\/acitioc\/\"]}]},{\"@type\":\"BreadcrumbList\",\"@id\":\"https:\/\/www.laboratorioripoll.com\/product\/acitioc\/#breadcrumb\",\"itemListElement\":[{\"@type\":\"ListItem\",\"position\":1,\"name\":\"Inicio\",\"item\":\"https:\/\/www.laboratorioripoll.com\/\"},{\"@type\":\"ListItem\",\"position\":2,\"name\":\"Cat\u00e1logo\",\"item\":\"https:\/\/www.laboratorioripoll.com\/catalogo\/\"},{\"@type\":\"ListItem\",\"position\":3,\"name\":\"Veterinaria\",\"item\":\"https:\/\/www.laboratorioripoll.com\/product-category\/veterinaria\/\"},{\"@type\":\"ListItem\",\"position\":4,\"name\":\"Hepatoprotectores\",\"item\":\"https:\/\/www.laboratorioripoll.com\/product-category\/veterinaria\/hepatoprotectores\/\"},{\"@type\":\"ListItem\",\"position\":5,\"name\":\"ACITIOC\"}]},{\"@type\":\"WebSite\",\"@id\":\"https:\/\/www.laboratorioripoll.com\/#website\",\"url\":\"https:\/\/www.laboratorioripoll.com\/\",\"name\":\"Laboratorio Ripoll\",\"description\":\"\",\"publisher\":{\"@id\":\"https:\/\/www.laboratorioripoll.com\/#organization\"},\"potentialAction\":[{\"@type\":\"SearchAction\",\"target\":{\"@type\":\"EntryPoint\",\"urlTemplate\":\"https:\/\/www.laboratorioripoll.com\/?s={search_term_string}\"},\"query-input\":\"required name=search_term_string\"}],\"inLanguage\":\"en-US\"},{\"@type\":\"Organization\",\"@id\":\"https:\/\/www.laboratorioripoll.com\/#organization\",\"name\":\"Laboratorio Ripoll\",\"url\":\"https:\/\/www.laboratorioripoll.com\/\",\"logo\":{\"@type\":\"ImageObject\",\"inLanguage\":\"en-US\",\"@id\":\"https:\/\/www.laboratorioripoll.com\/#\/schema\/logo\/image\/\",\"url\":\"https:\/\/www.laboratorioripoll.com\/wp-content\/uploads\/2021\/08\/Ripoll-Logo.svg\",\"contentUrl\":\"https:\/\/www.laboratorioripoll.com\/wp-content\/uploads\/2021\/08\/Ripoll-Logo.svg\",\"width\":1,\"height\":1,\"caption\":\"Laboratorio Ripoll\"},\"image\":{\"@id\":\"https:\/\/www.laboratorioripoll.com\/#\/schema\/logo\/image\/\"}}]}<\/script>\n<!-- \/ Yoast SEO plugin. -->","yoast_head_json":{"title":"ACITIOC - Laboratorio Ripoll","robots":{"index":"index","follow":"follow","max-snippet":"max-snippet:-1","max-image-preview":"max-image-preview:large","max-video-preview":"max-video-preview:-1"},"canonical":"https:\/\/www.laboratorioripoll.com\/en\/product\/acitioc\/","og_locale":"en_US","og_type":"article","og_title":"ACITIOC - Laboratorio Ripoll","og_description":"COMPOSICI\u00d3N    \u00c1cido Ti\u00f3ctico 500 mg   Veh\u00edculo c.s.p. 100 mL","og_url":"https:\/\/www.laboratorioripoll.com\/en\/product\/acitioc\/","og_site_name":"Laboratorio Ripoll","article_modified_time":"2021-08-26T22:30:10+00:00","og_image":[{"width":2100,"height":2000,"url":"https:\/\/www.laboratorioripoll.com\/wp-content\/uploads\/2021\/08\/Actioc.jpg","type":"image\/jpeg"}],"twitter_card":"summary_large_image","twitter_misc":{"Est. reading time":"1 minute"},"schema":{"@context":"https:\/\/schema.org","@graph":[{"@type":"WebPage","@id":"https:\/\/www.laboratorioripoll.com\/product\/acitioc\/","url":"https:\/\/www.laboratorioripoll.com\/product\/acitioc\/","name":"ACITIOC - Laboratorio Ripoll","isPartOf":{"@id":"https:\/\/www.laboratorioripoll.com\/#website"},"datePublished":"2021-08-15T03:09:44+00:00","dateModified":"2021-08-26T22:30:10+00:00","breadcrumb":{"@id":"https:\/\/www.laboratorioripoll.com\/product\/acitioc\/#breadcrumb"},"inLanguage":"en-US","potentialAction":[{"@type":"ReadAction","target":["https:\/\/www.laboratorioripoll.com\/product\/acitioc\/"]}]},{"@type":"BreadcrumbList","@id":"https:\/\/www.laboratorioripoll.com\/product\/acitioc\/#breadcrumb","itemListElement":[{"@type":"ListItem","position":1,"name":"Inicio","item":"https:\/\/www.laboratorioripoll.com\/"},{"@type":"ListItem","position":2,"name":"Cat\u00e1logo","item":"https:\/\/www.laboratorioripoll.com\/catalogo\/"},{"@type":"ListItem","position":3,"name":"Veterinaria","item":"https:\/\/www.laboratorioripoll.com\/product-category\/veterinaria\/"},{"@type":"ListItem","position":4,"name":"Hepatoprotectores","item":"https:\/\/www.laboratorioripoll.com\/product-category\/veterinaria\/hepatoprotectores\/"},{"@type":"ListItem","position":5,"name":"ACITIOC"}]},{"@type":"WebSite","@id":"https:\/\/www.laboratorioripoll.com\/#website","url":"https:\/\/www.laboratorioripoll.com\/","name":"Laboratorio Ripoll","description":"","publisher":{"@id":"https:\/\/www.laboratorioripoll.com\/#organization"},"potentialAction":[{"@type":"SearchAction","target":{"@type":"EntryPoint","urlTemplate":"https:\/\/www.laboratorioripoll.com\/?s={search_term_string}"},"query-input":"required name=search_term_string"}],"inLanguage":"en-US"},{"@type":"Organization","@id":"https:\/\/www.laboratorioripoll.com\/#organization","name":"Laboratorio Ripoll","url":"https:\/\/www.laboratorioripoll.com\/","logo":{"@type":"ImageObject","inLanguage":"en-US","@id":"https:\/\/www.laboratorioripoll.com\/#\/schema\/logo\/image\/","url":"https:\/\/www.laboratorioripoll.com\/wp-content\/uploads\/2021\/08\/Ripoll-Logo.svg","contentUrl":"https:\/\/www.laboratorioripoll.com\/wp-content\/uploads\/2021\/08\/Ripoll-Logo.svg","width":1,"height":1,"caption":"Laboratorio Ripoll"},"image":{"@id":"https:\/\/www.laboratorioripoll.com\/#\/schema\/logo\/image\/"}}]}},"_links":{"self":[{"href":"https:\/\/www.laboratorioripoll.com\/en\/wp-json\/wp\/v2\/product\/350","targetHints":{"allow":["GET"]}}],"collection":[{"href":"https:\/\/www.laboratorioripoll.com\/en\/wp-json\/wp\/v2\/product"}],"about":[{"href":"https:\/\/www.laboratorioripoll.com\/en\/wp-json\/wp\/v2\/types\/product"}],"wp:featuredmedia":[{"embeddable":true,"href":"https:\/\/www.laboratorioripoll.com\/en\/wp-json\/wp\/v2\/media\/505"}],"wp:attachment":[{"href":"https:\/\/www.laboratorioripoll.com\/en\/wp-json\/wp\/v2\/media?parent=350"}],"wp:term":[{"taxonomy":"product_cat","embeddable":true,"href":"https:\/\/www.laboratorioripoll.com\/en\/wp-json\/wp\/v2\/product_cat?post=350"},{"taxonomy":"product_tag","embeddable":true,"href":"https:\/\/www.laboratorioripoll.com\/en\/wp-json\/wp\/v2\/product_tag?post=350"}],"curies":[{"name":"wp","href":"https:\/\/api.w.org\/{rel}","templated":true}]}}