{"id":351,"date":"2021-08-15T00:12:07","date_gmt":"2021-08-15T03:12:07","guid":{"rendered":"https:\/\/laboratorioripoll.com\/?post_type=product&#038;p=351"},"modified":"2021-08-17T22:00:28","modified_gmt":"2021-08-18T01:00:28","slug":"hepaprot","status":"publish","type":"product","link":"https:\/\/www.laboratorioripoll.com\/en\/product\/hepaprot\/","title":{"rendered":"HEPAPROT"},"content":{"rendered":"<p><strong>HEPAPROTECTOR<\/strong><\/p>\n<p><strong>PROPERTIES<br \/>\n<\/strong><strong>hepaprot<\/strong>\u00a0es un desintoxicante y protector hep\u00e1tico. Sus diferentes componentes se potencializan al asociarse y hacen del\u00a0<strong>hepaprot<\/strong>\u00a0un medicamento de primera elecci\u00f3n cuando se trata de proteger y favorecer la funci\u00f3n hep\u00e1tica.<br \/>\nLa Acetilmetionina y DL-Metionina son amino\u00e1cidos esenciales que poseen actividad liporeguladora y constituyen una fuente de metilo para la formaci\u00f3n de colina. Protegen al h\u00edgado de la intoxicaci\u00f3n por metales pesados y otros t\u00f3xicos celulares y estimulan la eritropoyesis en la m\u00e9dula \u00f3sea.<br \/>\nEl Sorbitol es un alcohol de az\u00facar que act\u00faa como reconstituyente de la c\u00e9lula hep\u00e1tica y es una fuente natural de energ\u00eda.<br \/>\nLa Cocarboxilasa o pirofosfato de Tiamina es la forma biol\u00f3gicamente activa de la vitamina B1 (Tiamina). Ayuda a mantener la energ\u00eda necesaria mediante la producci\u00f3n de Adenos\u00edn trifosfato (ATP) para que se ejecuten las funciones celulares (bios\u00edntesis de prote\u00ednas, contracci\u00f3n muscular, etc.) y a mantener de esta manera el buen funcionamiento de los tejidos. La Cocarboxilasa en el ciclo de Krebs act\u00faa constantemente estimulando la producci\u00f3n de energ\u00eda y su administraci\u00f3n lo reactiva en forma inmediata.<\/p>\n<p><strong>INDICATIONS<br \/>\n<\/strong><strong>hepaprot<\/strong>\u00a0protege y estimula la funci\u00f3n hep\u00e1tica y favorece su recuperaci\u00f3n funcional. Indicado en trastornos metab\u00f3licos, anemias, deficiencias proteicas y estados de agotamiento. Hepatopat\u00edas agudas o cr\u00f3nicas, intoxicaciones diversas y siempre que se sospechen trastornos hep\u00e1ticos.<\/p>\n<p><strong>ADMINISTRATION AND DOSAGE<br \/>\n<\/strong>Equinos y Bovinos: 50 a 100 mL v\u00eda EV lenta<br \/>\nSuinos: 10 a 20 mL v\u00eda EV o IM<br \/>\nOvinos: 5 a 10 mL v\u00eda EV o IM<br \/>\nCaninos y Felinos: 1 mL cada 10 kpv v\u00eda EV o IM<\/p>\n<p><strong>PRESENTATION<br \/>\n<\/strong>Frasco ampolla 100 mL y 250 mL<\/p>","protected":false},"excerpt":{"rendered":"<table width=\"211\">\n<tbody>\n<tr>\n<td width=\"135\"><strong>COMPOSITION<\/strong><\/td>\n<td width=\"76\"><\/td>\n<\/tr>\n<tr>\n<td width=\"135\">Acetilmetionina<\/td>\n<td width=\"76\">4,5 g<\/td>\n<\/tr>\n<tr>\n<td width=\"135\">DL-metionina<\/td>\n<td width=\"76\">1,5 g<\/td>\n<\/tr>\n<tr>\n<td>Sorbitol<\/td>\n<td>21 g<\/td>\n<\/tr>\n<tr>\n<td>Cocarboxilasa<\/td>\n<td>0,3 g<\/td>\n<\/tr>\n<tr>\n<td>Vehicle q.s.<\/td>\n<td>100 mL<\/td>\n<\/tr>\n<\/tbody>\n<\/table>","protected":false},"featured_media":492,"template":"","meta":[],"product_cat":[20,35,36],"product_tag":[],"class_list":["post-351","product","type-product","status-publish","has-post-thumbnail","hentry","product_cat-veterinaria","product_cat-equinos","product_cat-hepatoprotectores"],"yoast_head":"<!-- This site is optimized with the Yoast SEO plugin v21.2 - https:\/\/yoast.com\/wordpress\/plugins\/seo\/ -->\n<title>HEPAPROT - Laboratorio Ripoll<\/title>\n<meta name=\"robots\" content=\"index, follow, max-snippet:-1, max-image-preview:large, max-video-preview:-1\" \/>\n<link rel=\"canonical\" href=\"https:\/\/www.laboratorioripoll.com\/en\/product\/hepaprot\/\" \/>\n<meta property=\"og:locale\" content=\"en_US\" \/>\n<meta property=\"og:type\" content=\"article\" \/>\n<meta property=\"og:title\" content=\"HEPAPROT - Laboratorio Ripoll\" \/>\n<meta property=\"og:description\" content=\"COMPOSICI\u00d3N    Acetilmetionina 4,5 g   DL-metionina 1,5 g   Sorbitol 21 g   Cocarboxilasa 0,3 g   Veh\u00edculo c.s.p. 100 mL\" \/>\n<meta property=\"og:url\" content=\"https:\/\/www.laboratorioripoll.com\/en\/product\/hepaprot\/\" \/>\n<meta property=\"og:site_name\" content=\"Laboratorio Ripoll\" \/>\n<meta property=\"article:modified_time\" content=\"2021-08-18T01:00:28+00:00\" \/>\n<meta property=\"og:image\" content=\"https:\/\/www.laboratorioripoll.com\/wp-content\/uploads\/2021\/08\/Hepaprot.jpg\" \/>\n\t<meta property=\"og:image:width\" content=\"2100\" \/>\n\t<meta property=\"og:image:height\" content=\"2000\" \/>\n\t<meta property=\"og:image:type\" content=\"image\/jpeg\" \/>\n<meta name=\"twitter:card\" content=\"summary_large_image\" \/>\n<meta name=\"twitter:label1\" content=\"Est. reading time\" \/>\n\t<meta name=\"twitter:data1\" content=\"1 minute\" \/>\n<script type=\"application\/ld+json\" class=\"yoast-schema-graph\">{\"@context\":\"https:\/\/schema.org\",\"@graph\":[{\"@type\":\"WebPage\",\"@id\":\"https:\/\/www.laboratorioripoll.com\/product\/hepaprot\/\",\"url\":\"https:\/\/www.laboratorioripoll.com\/product\/hepaprot\/\",\"name\":\"HEPAPROT - Laboratorio Ripoll\",\"isPartOf\":{\"@id\":\"https:\/\/www.laboratorioripoll.com\/#website\"},\"datePublished\":\"2021-08-15T03:12:07+00:00\",\"dateModified\":\"2021-08-18T01:00:28+00:00\",\"breadcrumb\":{\"@id\":\"https:\/\/www.laboratorioripoll.com\/product\/hepaprot\/#breadcrumb\"},\"inLanguage\":\"en-US\",\"potentialAction\":[{\"@type\":\"ReadAction\",\"target\":[\"https:\/\/www.laboratorioripoll.com\/product\/hepaprot\/\"]}]},{\"@type\":\"BreadcrumbList\",\"@id\":\"https:\/\/www.laboratorioripoll.com\/product\/hepaprot\/#breadcrumb\",\"itemListElement\":[{\"@type\":\"ListItem\",\"position\":1,\"name\":\"Inicio\",\"item\":\"https:\/\/www.laboratorioripoll.com\/\"},{\"@type\":\"ListItem\",\"position\":2,\"name\":\"Cat\u00e1logo\",\"item\":\"https:\/\/www.laboratorioripoll.com\/catalogo\/\"},{\"@type\":\"ListItem\",\"position\":3,\"name\":\"Veterinaria\",\"item\":\"https:\/\/www.laboratorioripoll.com\/product-category\/veterinaria\/\"},{\"@type\":\"ListItem\",\"position\":4,\"name\":\"Equinos\",\"item\":\"https:\/\/www.laboratorioripoll.com\/product-category\/veterinaria\/equinos\/\"},{\"@type\":\"ListItem\",\"position\":5,\"name\":\"HEPAPROT\"}]},{\"@type\":\"WebSite\",\"@id\":\"https:\/\/www.laboratorioripoll.com\/#website\",\"url\":\"https:\/\/www.laboratorioripoll.com\/\",\"name\":\"Laboratorio Ripoll\",\"description\":\"\",\"publisher\":{\"@id\":\"https:\/\/www.laboratorioripoll.com\/#organization\"},\"potentialAction\":[{\"@type\":\"SearchAction\",\"target\":{\"@type\":\"EntryPoint\",\"urlTemplate\":\"https:\/\/www.laboratorioripoll.com\/?s={search_term_string}\"},\"query-input\":\"required name=search_term_string\"}],\"inLanguage\":\"en-US\"},{\"@type\":\"Organization\",\"@id\":\"https:\/\/www.laboratorioripoll.com\/#organization\",\"name\":\"Laboratorio Ripoll\",\"url\":\"https:\/\/www.laboratorioripoll.com\/\",\"logo\":{\"@type\":\"ImageObject\",\"inLanguage\":\"en-US\",\"@id\":\"https:\/\/www.laboratorioripoll.com\/#\/schema\/logo\/image\/\",\"url\":\"https:\/\/www.laboratorioripoll.com\/wp-content\/uploads\/2021\/08\/Ripoll-Logo.svg\",\"contentUrl\":\"https:\/\/www.laboratorioripoll.com\/wp-content\/uploads\/2021\/08\/Ripoll-Logo.svg\",\"width\":1,\"height\":1,\"caption\":\"Laboratorio Ripoll\"},\"image\":{\"@id\":\"https:\/\/www.laboratorioripoll.com\/#\/schema\/logo\/image\/\"}}]}<\/script>\n<!-- \/ Yoast SEO plugin. -->","yoast_head_json":{"title":"HEPAPROT - Laboratorio Ripoll","robots":{"index":"index","follow":"follow","max-snippet":"max-snippet:-1","max-image-preview":"max-image-preview:large","max-video-preview":"max-video-preview:-1"},"canonical":"https:\/\/www.laboratorioripoll.com\/en\/product\/hepaprot\/","og_locale":"en_US","og_type":"article","og_title":"HEPAPROT - Laboratorio Ripoll","og_description":"COMPOSICI\u00d3N    Acetilmetionina 4,5 g   DL-metionina 1,5 g   Sorbitol 21 g   Cocarboxilasa 0,3 g   Veh\u00edculo c.s.p. 100 mL","og_url":"https:\/\/www.laboratorioripoll.com\/en\/product\/hepaprot\/","og_site_name":"Laboratorio Ripoll","article_modified_time":"2021-08-18T01:00:28+00:00","og_image":[{"width":2100,"height":2000,"url":"https:\/\/www.laboratorioripoll.com\/wp-content\/uploads\/2021\/08\/Hepaprot.jpg","type":"image\/jpeg"}],"twitter_card":"summary_large_image","twitter_misc":{"Est. reading time":"1 minute"},"schema":{"@context":"https:\/\/schema.org","@graph":[{"@type":"WebPage","@id":"https:\/\/www.laboratorioripoll.com\/product\/hepaprot\/","url":"https:\/\/www.laboratorioripoll.com\/product\/hepaprot\/","name":"HEPAPROT - Laboratorio Ripoll","isPartOf":{"@id":"https:\/\/www.laboratorioripoll.com\/#website"},"datePublished":"2021-08-15T03:12:07+00:00","dateModified":"2021-08-18T01:00:28+00:00","breadcrumb":{"@id":"https:\/\/www.laboratorioripoll.com\/product\/hepaprot\/#breadcrumb"},"inLanguage":"en-US","potentialAction":[{"@type":"ReadAction","target":["https:\/\/www.laboratorioripoll.com\/product\/hepaprot\/"]}]},{"@type":"BreadcrumbList","@id":"https:\/\/www.laboratorioripoll.com\/product\/hepaprot\/#breadcrumb","itemListElement":[{"@type":"ListItem","position":1,"name":"Inicio","item":"https:\/\/www.laboratorioripoll.com\/"},{"@type":"ListItem","position":2,"name":"Cat\u00e1logo","item":"https:\/\/www.laboratorioripoll.com\/catalogo\/"},{"@type":"ListItem","position":3,"name":"Veterinaria","item":"https:\/\/www.laboratorioripoll.com\/product-category\/veterinaria\/"},{"@type":"ListItem","position":4,"name":"Equinos","item":"https:\/\/www.laboratorioripoll.com\/product-category\/veterinaria\/equinos\/"},{"@type":"ListItem","position":5,"name":"HEPAPROT"}]},{"@type":"WebSite","@id":"https:\/\/www.laboratorioripoll.com\/#website","url":"https:\/\/www.laboratorioripoll.com\/","name":"Laboratorio Ripoll","description":"","publisher":{"@id":"https:\/\/www.laboratorioripoll.com\/#organization"},"potentialAction":[{"@type":"SearchAction","target":{"@type":"EntryPoint","urlTemplate":"https:\/\/www.laboratorioripoll.com\/?s={search_term_string}"},"query-input":"required name=search_term_string"}],"inLanguage":"en-US"},{"@type":"Organization","@id":"https:\/\/www.laboratorioripoll.com\/#organization","name":"Laboratorio Ripoll","url":"https:\/\/www.laboratorioripoll.com\/","logo":{"@type":"ImageObject","inLanguage":"en-US","@id":"https:\/\/www.laboratorioripoll.com\/#\/schema\/logo\/image\/","url":"https:\/\/www.laboratorioripoll.com\/wp-content\/uploads\/2021\/08\/Ripoll-Logo.svg","contentUrl":"https:\/\/www.laboratorioripoll.com\/wp-content\/uploads\/2021\/08\/Ripoll-Logo.svg","width":1,"height":1,"caption":"Laboratorio Ripoll"},"image":{"@id":"https:\/\/www.laboratorioripoll.com\/#\/schema\/logo\/image\/"}}]}},"_links":{"self":[{"href":"https:\/\/www.laboratorioripoll.com\/en\/wp-json\/wp\/v2\/product\/351","targetHints":{"allow":["GET"]}}],"collection":[{"href":"https:\/\/www.laboratorioripoll.com\/en\/wp-json\/wp\/v2\/product"}],"about":[{"href":"https:\/\/www.laboratorioripoll.com\/en\/wp-json\/wp\/v2\/types\/product"}],"wp:featuredmedia":[{"embeddable":true,"href":"https:\/\/www.laboratorioripoll.com\/en\/wp-json\/wp\/v2\/media\/492"}],"wp:attachment":[{"href":"https:\/\/www.laboratorioripoll.com\/en\/wp-json\/wp\/v2\/media?parent=351"}],"wp:term":[{"taxonomy":"product_cat","embeddable":true,"href":"https:\/\/www.laboratorioripoll.com\/en\/wp-json\/wp\/v2\/product_cat?post=351"},{"taxonomy":"product_tag","embeddable":true,"href":"https:\/\/www.laboratorioripoll.com\/en\/wp-json\/wp\/v2\/product_tag?post=351"}],"curies":[{"name":"wp","href":"https:\/\/api.w.org\/{rel}","templated":true}]}}