{"id":352,"date":"2021-08-15T00:14:31","date_gmt":"2021-08-15T03:14:31","guid":{"rendered":"https:\/\/laboratorioripoll.com\/?post_type=product&#038;p=352"},"modified":"2021-08-17T21:59:57","modified_gmt":"2021-08-18T00:59:57","slug":"hepaprot-at","status":"publish","type":"product","link":"https:\/\/www.laboratorioripoll.com\/en\/product\/hepaprot-at\/","title":{"rendered":"HEPAPROT AT"},"content":{"rendered":"<p><strong>PROTECTOR HEP\u00c1TICO &#8211; ANTIT\u00d3XICO<\/strong><\/p>\n<p><strong>PROPERTIES<br \/>\n<\/strong><strong>hepaprot AT<\/strong>\u00a0es un poderoso protector y estimulante de la funci\u00f3n hep\u00e1tica con marcada acci\u00f3n antit\u00f3xica.<br \/>\nEl \u00e1cido Ti\u00f3ctico o \u00e1cido Lipoico es un antioxidante metab\u00f3lico natural, cofactor end\u00f3geno del metabolismo oxidativo. Promueve la funci\u00f3n hep\u00e1tica debido al aumento de la reserva de gluc\u00f3geno y tiene marcada acci\u00f3n quelante en intoxicaciones por metales pesados.<br \/>\nLa vitamina B1 (Tiamina) act\u00faa como coenzima en la descarboxilaci\u00f3n oxidativa de los alfa ceto \u00e1cidos. El punto cr\u00edtico es la descarboxilaci\u00f3n del \u00e1cido pir\u00favico para lograr que \u00e9ste ingrese al ciclo de Krebs, y de esta forma provocar que la glucosa sea totalmente degradada por dicho proceso oxibi\u00f3tico. Su carencia provoca acumulaci\u00f3n del \u00e1cido pir\u00favico, fermentaci\u00f3n l\u00e1ctica y da\u00f1o al sistema muscular y del Sistema Nervioso Central.<br \/>\nLa Metionina y Acetilmetionina poseen actividad liporeguladora y son la principal fuente de grupos metilo para formar colina. Contienen azufre como grupo sulfhidrilo (S-S) que con su acci\u00f3n quelante sobre metales pesados y otros t\u00f3xicos celulares protege sobre todo al h\u00edgado, principal \u00f3rgano blanco de dichos elementos. Estos compuestos azufrados estimulan la eritropoyesis sobre la m\u00e9dula \u00f3sea.<br \/>\nEl Sorbitol es un reconstituyente de la c\u00e9lula hep\u00e1tica y una fuente natural de energ\u00eda.<\/p>\n<p><strong>INDICATIONS<br \/>\n<\/strong><strong>hepaprot AT<\/strong>\u00a0protege y estimula la funci\u00f3n hep\u00e1tica y favorece su recuperaci\u00f3n funcional. Est\u00e1 indicado en todo tratamiento en que se quiera favorecer o mejorar el funcionamiento del h\u00edgado. Intoxicaciones medicamentosas o alimenticias como la producida por el hongo de la pradera (Phitomyces chartarum). Enfermedades infecciosas o parasitarias. Hepatopat\u00edas agudas o cr\u00f3nicas. Cetosis, anemias, estados de agotamiento o estr\u00e9s.<\/p>\n<p><strong>ADMINISTRATION AND DOSAGE<br \/>\n<\/strong>Equinos y bovinos: 50 a 100 mL v\u00eda EV lenta<br \/>\nSuinos: 10 a 20 mL v\u00eda EV o IM<br \/>\nOvinos: 5 a 10 mL v\u00eda EV o IM<br \/>\nCaninos y felinos: 1 mL cada 10 kpv v\u00eda EV o IM<\/p>\n<p><strong>PRESENTATION<br \/>\n<\/strong>Frasco ampolla 100 mL<\/p>","protected":false},"excerpt":{"rendered":"<table width=\"211\">\n<tbody>\n<tr>\n<td width=\"135\"><strong>COMPOSITION<\/strong><\/td>\n<td width=\"76\"><\/td>\n<\/tr>\n<tr>\n<td width=\"135\">Acido ti\u00f3ctico<\/td>\n<td width=\"76\">0,2 g<\/td>\n<\/tr>\n<tr>\n<td width=\"135\">Acetil metionina<\/td>\n<td width=\"76\">4,5 g<\/td>\n<\/tr>\n<tr>\n<td>DL-metionina<\/td>\n<td>1,5 g<\/td>\n<\/tr>\n<tr>\n<td>Vitamina B1<\/td>\n<td>0,3 g<\/td>\n<\/tr>\n<tr>\n<td>Sorbitol<\/td>\n<td>21 g<\/td>\n<\/tr>\n<tr>\n<td>Vehicle q.s.<\/td>\n<td>100 mL<\/td>\n<\/tr>\n<\/tbody>\n<\/table>","protected":false},"featured_media":491,"template":"","meta":[],"product_cat":[20,35,36],"product_tag":[],"class_list":["post-352","product","type-product","status-publish","has-post-thumbnail","hentry","product_cat-veterinaria","product_cat-equinos","product_cat-hepatoprotectores"],"yoast_head":"<!-- This site is optimized with the Yoast SEO plugin v21.2 - https:\/\/yoast.com\/wordpress\/plugins\/seo\/ -->\n<title>HEPAPROT AT - Laboratorio Ripoll<\/title>\n<meta name=\"robots\" content=\"index, follow, max-snippet:-1, max-image-preview:large, max-video-preview:-1\" \/>\n<link rel=\"canonical\" href=\"https:\/\/www.laboratorioripoll.com\/en\/product\/hepaprot-at\/\" \/>\n<meta property=\"og:locale\" content=\"en_US\" \/>\n<meta property=\"og:type\" content=\"article\" \/>\n<meta property=\"og:title\" content=\"HEPAPROT AT - Laboratorio Ripoll\" \/>\n<meta property=\"og:description\" content=\"COMPOSICI\u00d3N    Acido ti\u00f3ctico 0,2 g   Acetil metionina 4,5 g   DL-metionina 1,5 g   Vitamina B1 0,3 g   Sorbitol 21 g   Veh\u00edculo c.s.p. 100 mL\" \/>\n<meta property=\"og:url\" content=\"https:\/\/www.laboratorioripoll.com\/en\/product\/hepaprot-at\/\" \/>\n<meta property=\"og:site_name\" content=\"Laboratorio Ripoll\" \/>\n<meta property=\"article:modified_time\" content=\"2021-08-18T00:59:57+00:00\" \/>\n<meta property=\"og:image\" content=\"https:\/\/www.laboratorioripoll.com\/wp-content\/uploads\/2021\/08\/Hepaprot-AT-x-100.jpg\" \/>\n\t<meta property=\"og:image:width\" content=\"2100\" \/>\n\t<meta property=\"og:image:height\" content=\"2000\" \/>\n\t<meta property=\"og:image:type\" content=\"image\/jpeg\" \/>\n<meta name=\"twitter:card\" content=\"summary_large_image\" \/>\n<meta name=\"twitter:label1\" content=\"Est. reading time\" \/>\n\t<meta name=\"twitter:data1\" content=\"2 minutes\" \/>\n<script type=\"application\/ld+json\" class=\"yoast-schema-graph\">{\"@context\":\"https:\/\/schema.org\",\"@graph\":[{\"@type\":\"WebPage\",\"@id\":\"https:\/\/www.laboratorioripoll.com\/product\/hepaprot-at\/\",\"url\":\"https:\/\/www.laboratorioripoll.com\/product\/hepaprot-at\/\",\"name\":\"HEPAPROT AT - Laboratorio Ripoll\",\"isPartOf\":{\"@id\":\"https:\/\/www.laboratorioripoll.com\/#website\"},\"datePublished\":\"2021-08-15T03:14:31+00:00\",\"dateModified\":\"2021-08-18T00:59:57+00:00\",\"breadcrumb\":{\"@id\":\"https:\/\/www.laboratorioripoll.com\/product\/hepaprot-at\/#breadcrumb\"},\"inLanguage\":\"en-US\",\"potentialAction\":[{\"@type\":\"ReadAction\",\"target\":[\"https:\/\/www.laboratorioripoll.com\/product\/hepaprot-at\/\"]}]},{\"@type\":\"BreadcrumbList\",\"@id\":\"https:\/\/www.laboratorioripoll.com\/product\/hepaprot-at\/#breadcrumb\",\"itemListElement\":[{\"@type\":\"ListItem\",\"position\":1,\"name\":\"Inicio\",\"item\":\"https:\/\/www.laboratorioripoll.com\/\"},{\"@type\":\"ListItem\",\"position\":2,\"name\":\"Cat\u00e1logo\",\"item\":\"https:\/\/www.laboratorioripoll.com\/catalogo\/\"},{\"@type\":\"ListItem\",\"position\":3,\"name\":\"Veterinaria\",\"item\":\"https:\/\/www.laboratorioripoll.com\/product-category\/veterinaria\/\"},{\"@type\":\"ListItem\",\"position\":4,\"name\":\"Equinos\",\"item\":\"https:\/\/www.laboratorioripoll.com\/product-category\/veterinaria\/equinos\/\"},{\"@type\":\"ListItem\",\"position\":5,\"name\":\"HEPAPROT AT\"}]},{\"@type\":\"WebSite\",\"@id\":\"https:\/\/www.laboratorioripoll.com\/#website\",\"url\":\"https:\/\/www.laboratorioripoll.com\/\",\"name\":\"Laboratorio Ripoll\",\"description\":\"\",\"publisher\":{\"@id\":\"https:\/\/www.laboratorioripoll.com\/#organization\"},\"potentialAction\":[{\"@type\":\"SearchAction\",\"target\":{\"@type\":\"EntryPoint\",\"urlTemplate\":\"https:\/\/www.laboratorioripoll.com\/?s={search_term_string}\"},\"query-input\":\"required name=search_term_string\"}],\"inLanguage\":\"en-US\"},{\"@type\":\"Organization\",\"@id\":\"https:\/\/www.laboratorioripoll.com\/#organization\",\"name\":\"Laboratorio Ripoll\",\"url\":\"https:\/\/www.laboratorioripoll.com\/\",\"logo\":{\"@type\":\"ImageObject\",\"inLanguage\":\"en-US\",\"@id\":\"https:\/\/www.laboratorioripoll.com\/#\/schema\/logo\/image\/\",\"url\":\"https:\/\/www.laboratorioripoll.com\/wp-content\/uploads\/2021\/08\/Ripoll-Logo.svg\",\"contentUrl\":\"https:\/\/www.laboratorioripoll.com\/wp-content\/uploads\/2021\/08\/Ripoll-Logo.svg\",\"width\":1,\"height\":1,\"caption\":\"Laboratorio Ripoll\"},\"image\":{\"@id\":\"https:\/\/www.laboratorioripoll.com\/#\/schema\/logo\/image\/\"}}]}<\/script>\n<!-- \/ Yoast SEO plugin. -->","yoast_head_json":{"title":"HEPAPROT AT - Laboratorio Ripoll","robots":{"index":"index","follow":"follow","max-snippet":"max-snippet:-1","max-image-preview":"max-image-preview:large","max-video-preview":"max-video-preview:-1"},"canonical":"https:\/\/www.laboratorioripoll.com\/en\/product\/hepaprot-at\/","og_locale":"en_US","og_type":"article","og_title":"HEPAPROT AT - Laboratorio Ripoll","og_description":"COMPOSICI\u00d3N    Acido ti\u00f3ctico 0,2 g   Acetil metionina 4,5 g   DL-metionina 1,5 g   Vitamina B1 0,3 g   Sorbitol 21 g   Veh\u00edculo c.s.p. 100 mL","og_url":"https:\/\/www.laboratorioripoll.com\/en\/product\/hepaprot-at\/","og_site_name":"Laboratorio Ripoll","article_modified_time":"2021-08-18T00:59:57+00:00","og_image":[{"width":2100,"height":2000,"url":"https:\/\/www.laboratorioripoll.com\/wp-content\/uploads\/2021\/08\/Hepaprot-AT-x-100.jpg","type":"image\/jpeg"}],"twitter_card":"summary_large_image","twitter_misc":{"Est. reading time":"2 minutes"},"schema":{"@context":"https:\/\/schema.org","@graph":[{"@type":"WebPage","@id":"https:\/\/www.laboratorioripoll.com\/product\/hepaprot-at\/","url":"https:\/\/www.laboratorioripoll.com\/product\/hepaprot-at\/","name":"HEPAPROT AT - Laboratorio Ripoll","isPartOf":{"@id":"https:\/\/www.laboratorioripoll.com\/#website"},"datePublished":"2021-08-15T03:14:31+00:00","dateModified":"2021-08-18T00:59:57+00:00","breadcrumb":{"@id":"https:\/\/www.laboratorioripoll.com\/product\/hepaprot-at\/#breadcrumb"},"inLanguage":"en-US","potentialAction":[{"@type":"ReadAction","target":["https:\/\/www.laboratorioripoll.com\/product\/hepaprot-at\/"]}]},{"@type":"BreadcrumbList","@id":"https:\/\/www.laboratorioripoll.com\/product\/hepaprot-at\/#breadcrumb","itemListElement":[{"@type":"ListItem","position":1,"name":"Inicio","item":"https:\/\/www.laboratorioripoll.com\/"},{"@type":"ListItem","position":2,"name":"Cat\u00e1logo","item":"https:\/\/www.laboratorioripoll.com\/catalogo\/"},{"@type":"ListItem","position":3,"name":"Veterinaria","item":"https:\/\/www.laboratorioripoll.com\/product-category\/veterinaria\/"},{"@type":"ListItem","position":4,"name":"Equinos","item":"https:\/\/www.laboratorioripoll.com\/product-category\/veterinaria\/equinos\/"},{"@type":"ListItem","position":5,"name":"HEPAPROT AT"}]},{"@type":"WebSite","@id":"https:\/\/www.laboratorioripoll.com\/#website","url":"https:\/\/www.laboratorioripoll.com\/","name":"Laboratorio Ripoll","description":"","publisher":{"@id":"https:\/\/www.laboratorioripoll.com\/#organization"},"potentialAction":[{"@type":"SearchAction","target":{"@type":"EntryPoint","urlTemplate":"https:\/\/www.laboratorioripoll.com\/?s={search_term_string}"},"query-input":"required name=search_term_string"}],"inLanguage":"en-US"},{"@type":"Organization","@id":"https:\/\/www.laboratorioripoll.com\/#organization","name":"Laboratorio Ripoll","url":"https:\/\/www.laboratorioripoll.com\/","logo":{"@type":"ImageObject","inLanguage":"en-US","@id":"https:\/\/www.laboratorioripoll.com\/#\/schema\/logo\/image\/","url":"https:\/\/www.laboratorioripoll.com\/wp-content\/uploads\/2021\/08\/Ripoll-Logo.svg","contentUrl":"https:\/\/www.laboratorioripoll.com\/wp-content\/uploads\/2021\/08\/Ripoll-Logo.svg","width":1,"height":1,"caption":"Laboratorio Ripoll"},"image":{"@id":"https:\/\/www.laboratorioripoll.com\/#\/schema\/logo\/image\/"}}]}},"_links":{"self":[{"href":"https:\/\/www.laboratorioripoll.com\/en\/wp-json\/wp\/v2\/product\/352","targetHints":{"allow":["GET"]}}],"collection":[{"href":"https:\/\/www.laboratorioripoll.com\/en\/wp-json\/wp\/v2\/product"}],"about":[{"href":"https:\/\/www.laboratorioripoll.com\/en\/wp-json\/wp\/v2\/types\/product"}],"wp:featuredmedia":[{"embeddable":true,"href":"https:\/\/www.laboratorioripoll.com\/en\/wp-json\/wp\/v2\/media\/491"}],"wp:attachment":[{"href":"https:\/\/www.laboratorioripoll.com\/en\/wp-json\/wp\/v2\/media?parent=352"}],"wp:term":[{"taxonomy":"product_cat","embeddable":true,"href":"https:\/\/www.laboratorioripoll.com\/en\/wp-json\/wp\/v2\/product_cat?post=352"},{"taxonomy":"product_tag","embeddable":true,"href":"https:\/\/www.laboratorioripoll.com\/en\/wp-json\/wp\/v2\/product_tag?post=352"}],"curies":[{"name":"wp","href":"https:\/\/api.w.org\/{rel}","templated":true}]}}