{"id":354,"date":"2021-08-15T00:28:31","date_gmt":"2021-08-15T03:28:31","guid":{"rendered":"https:\/\/laboratorioripoll.com\/?post_type=product&#038;p=354"},"modified":"2024-06-19T14:21:44","modified_gmt":"2024-06-19T17:21:44","slug":"artralgin","status":"publish","type":"product","link":"https:\/\/www.laboratorioripoll.com\/en\/product\/artralgin\/","title":{"rendered":"ARTRALGIN"},"content":{"rendered":"<p><strong>ANALG\u00c9SICO &#8211;\u00a0ANTIINFLAMATORIO &#8211;\u00a0ANTIPIR\u00c9TICO<\/strong><\/p>\n<p><strong>PROPERTIES<br \/>\n<\/strong><strong>artralgin<\/strong>\u00a0est\u00e1 indicado en equinos deportivos, no destinados al consumo humano.<br \/>\nLa Fenilbutazona es un poderoso antiinflamatorio no esteroideo (AINE) que presenta adem\u00e1s una fuerte acci\u00f3n analg\u00e9sica, antipir\u00e9tica y antireum\u00e1tica. Es un derivado pirazol\u00f3nico que como tal act\u00faa en la fase inicial del proceso inflamatorio impidiendo o disminuyendo la permeabilidad vascular y por ende el edema, as\u00ed como la constituci\u00f3n del foco inflamatorio.<\/p>\n<p><strong>INDICATIONS<br \/>\n<\/strong><strong>artralgin<\/strong>\u00a0est\u00e1 indicado en aquellos casos que requieran actividad analg\u00e9sica y\/o antiinflamatoria, como ser artritis, artrosis, tendinitis, bursitis y cualquier tipo de reumatismo o proceso inflamatorio asociados al sistema m\u00fasculo esquel\u00e9tico.<\/p>\n<p><strong>PRECAUCIONES<br \/>\n<\/strong>El uso abusivo de la Fenilbutazona puede provocar trastornos gastrointestinales. En ese caso se debe suspender su administraci\u00f3n y consultar al veterinario tratante. Estos trastornos ocurren generalmente a dosis superiores a 8,8 mg de Fenilbutazona por kg de peso vivo.<br \/>\nNo administrar a equinos deshidratados, ni a aquellos con antecedentes de insuficiencia card\u00edaca, hep\u00e1tica o renal, alteraciones hematol\u00f3gicas, \u00falceras o hipersensibilidad conocida a la Fenilbutazona.<\/p>\n<p><strong>ADMINISTRATION AND DOSAGE<br \/>\n<\/strong>La dosis usual referida al principio activo, es de 4,4 mg de Fenilbutazona por kpv.<br \/>\nAdministrar por v\u00eda endovenosa lenta 2,2 mL de artralgin cada 100 kpv.<br \/>\nEn aquellos casos que el veterinario lo crea conveniente se pueden administrar hasta 4 mL cada 100 kpv, siempre bajo su supervisi\u00f3n.<br \/>\nLa duraci\u00f3n del tratamiento es de 5 d\u00edas y generalmente es suficiente. \u00c9ste puede repetirse luego de una semana, de ser necesario.<br \/>\nNo se aconseja la administraci\u00f3n v\u00eda intraarticular ni intramuscular, por ser muy irritante.<\/p>\n<p><strong>PRESENTATION<br \/>\n<\/strong>Frasco ampolla\u00a050 mL y 100 mL<\/p>","protected":false},"excerpt":{"rendered":"<table width=\"211\">\n<tbody>\n<tr>\n<td width=\"135\"><strong>COMPOSITION<\/strong><\/td>\n<td width=\"76\"><\/td>\n<\/tr>\n<tr>\n<td width=\"135\">Phenylbutazone<\/td>\n<td width=\"76\">\u00a020 g<\/td>\n<\/tr>\n<tr>\n<td width=\"135\">Vehicle q.s.<\/td>\n<td width=\"76\">\u00a0100 mL<\/td>\n<\/tr>\n<\/tbody>\n<\/table>","protected":false},"featured_media":736,"template":"","meta":[],"product_cat":[20,32,35],"product_tag":[],"class_list":["post-354","product","type-product","status-publish","has-post-thumbnail","hentry","product_cat-veterinaria","product_cat-analgesicos-antiinflamatorios","product_cat-equinos"],"yoast_head":"<!-- This site is optimized with the Yoast SEO plugin v21.2 - https:\/\/yoast.com\/wordpress\/plugins\/seo\/ -->\n<title>ARTRALGIN - Laboratorio Ripoll<\/title>\n<meta name=\"robots\" content=\"index, follow, max-snippet:-1, max-image-preview:large, max-video-preview:-1\" \/>\n<link rel=\"canonical\" href=\"https:\/\/www.laboratorioripoll.com\/en\/product\/artralgin\/\" \/>\n<meta property=\"og:locale\" content=\"en_US\" \/>\n<meta property=\"og:type\" content=\"article\" \/>\n<meta property=\"og:title\" content=\"ARTRALGIN - Laboratorio Ripoll\" \/>\n<meta property=\"og:description\" content=\"COMPOSICI\u00d3N    Fenilbutazona \u00a020 g   Veh\u00edculo\u00a0c.s.p. \u00a0100 mL\" \/>\n<meta property=\"og:url\" content=\"https:\/\/www.laboratorioripoll.com\/en\/product\/artralgin\/\" \/>\n<meta property=\"og:site_name\" content=\"Laboratorio Ripoll\" \/>\n<meta property=\"article:modified_time\" content=\"2024-06-19T17:21:44+00:00\" \/>\n<meta property=\"og:image\" content=\"https:\/\/www.laboratorioripoll.com\/wp-content\/uploads\/2021\/08\/ARTRALGIN-100ML-1-scaled.jpg\" \/>\n\t<meta property=\"og:image:width\" content=\"2560\" \/>\n\t<meta property=\"og:image:height\" content=\"1707\" \/>\n\t<meta property=\"og:image:type\" content=\"image\/jpeg\" \/>\n<meta name=\"twitter:card\" content=\"summary_large_image\" \/>\n<meta name=\"twitter:label1\" content=\"Est. reading time\" \/>\n\t<meta name=\"twitter:data1\" content=\"2 minutes\" \/>\n<script type=\"application\/ld+json\" class=\"yoast-schema-graph\">{\"@context\":\"https:\/\/schema.org\",\"@graph\":[{\"@type\":\"WebPage\",\"@id\":\"https:\/\/www.laboratorioripoll.com\/product\/artralgin\/\",\"url\":\"https:\/\/www.laboratorioripoll.com\/product\/artralgin\/\",\"name\":\"ARTRALGIN - Laboratorio Ripoll\",\"isPartOf\":{\"@id\":\"https:\/\/www.laboratorioripoll.com\/#website\"},\"datePublished\":\"2021-08-15T03:28:31+00:00\",\"dateModified\":\"2024-06-19T17:21:44+00:00\",\"breadcrumb\":{\"@id\":\"https:\/\/www.laboratorioripoll.com\/product\/artralgin\/#breadcrumb\"},\"inLanguage\":\"en-US\",\"potentialAction\":[{\"@type\":\"ReadAction\",\"target\":[\"https:\/\/www.laboratorioripoll.com\/product\/artralgin\/\"]}]},{\"@type\":\"BreadcrumbList\",\"@id\":\"https:\/\/www.laboratorioripoll.com\/product\/artralgin\/#breadcrumb\",\"itemListElement\":[{\"@type\":\"ListItem\",\"position\":1,\"name\":\"Inicio\",\"item\":\"https:\/\/www.laboratorioripoll.com\/\"},{\"@type\":\"ListItem\",\"position\":2,\"name\":\"Cat\u00e1logo\",\"item\":\"https:\/\/www.laboratorioripoll.com\/catalogo\/\"},{\"@type\":\"ListItem\",\"position\":3,\"name\":\"Veterinaria\",\"item\":\"https:\/\/www.laboratorioripoll.com\/product-category\/veterinaria\/\"},{\"@type\":\"ListItem\",\"position\":4,\"name\":\"Analg\u00e9sicos-Antiinflamatorios\",\"item\":\"https:\/\/www.laboratorioripoll.com\/product-category\/veterinaria\/analgesicos-antiinflamatorios\/\"},{\"@type\":\"ListItem\",\"position\":5,\"name\":\"ARTRALGIN\"}]},{\"@type\":\"WebSite\",\"@id\":\"https:\/\/www.laboratorioripoll.com\/#website\",\"url\":\"https:\/\/www.laboratorioripoll.com\/\",\"name\":\"Laboratorio Ripoll\",\"description\":\"\",\"publisher\":{\"@id\":\"https:\/\/www.laboratorioripoll.com\/#organization\"},\"potentialAction\":[{\"@type\":\"SearchAction\",\"target\":{\"@type\":\"EntryPoint\",\"urlTemplate\":\"https:\/\/www.laboratorioripoll.com\/?s={search_term_string}\"},\"query-input\":\"required name=search_term_string\"}],\"inLanguage\":\"en-US\"},{\"@type\":\"Organization\",\"@id\":\"https:\/\/www.laboratorioripoll.com\/#organization\",\"name\":\"Laboratorio Ripoll\",\"url\":\"https:\/\/www.laboratorioripoll.com\/\",\"logo\":{\"@type\":\"ImageObject\",\"inLanguage\":\"en-US\",\"@id\":\"https:\/\/www.laboratorioripoll.com\/#\/schema\/logo\/image\/\",\"url\":\"https:\/\/www.laboratorioripoll.com\/wp-content\/uploads\/2021\/08\/Ripoll-Logo.svg\",\"contentUrl\":\"https:\/\/www.laboratorioripoll.com\/wp-content\/uploads\/2021\/08\/Ripoll-Logo.svg\",\"width\":1,\"height\":1,\"caption\":\"Laboratorio Ripoll\"},\"image\":{\"@id\":\"https:\/\/www.laboratorioripoll.com\/#\/schema\/logo\/image\/\"}}]}<\/script>\n<!-- \/ Yoast SEO plugin. -->","yoast_head_json":{"title":"ARTRALGIN - Laboratorio Ripoll","robots":{"index":"index","follow":"follow","max-snippet":"max-snippet:-1","max-image-preview":"max-image-preview:large","max-video-preview":"max-video-preview:-1"},"canonical":"https:\/\/www.laboratorioripoll.com\/en\/product\/artralgin\/","og_locale":"en_US","og_type":"article","og_title":"ARTRALGIN - Laboratorio Ripoll","og_description":"COMPOSICI\u00d3N    Fenilbutazona \u00a020 g   Veh\u00edculo\u00a0c.s.p. \u00a0100 mL","og_url":"https:\/\/www.laboratorioripoll.com\/en\/product\/artralgin\/","og_site_name":"Laboratorio Ripoll","article_modified_time":"2024-06-19T17:21:44+00:00","og_image":[{"width":2560,"height":1707,"url":"https:\/\/www.laboratorioripoll.com\/wp-content\/uploads\/2021\/08\/ARTRALGIN-100ML-1-scaled.jpg","type":"image\/jpeg"}],"twitter_card":"summary_large_image","twitter_misc":{"Est. reading time":"2 minutes"},"schema":{"@context":"https:\/\/schema.org","@graph":[{"@type":"WebPage","@id":"https:\/\/www.laboratorioripoll.com\/product\/artralgin\/","url":"https:\/\/www.laboratorioripoll.com\/product\/artralgin\/","name":"ARTRALGIN - Laboratorio Ripoll","isPartOf":{"@id":"https:\/\/www.laboratorioripoll.com\/#website"},"datePublished":"2021-08-15T03:28:31+00:00","dateModified":"2024-06-19T17:21:44+00:00","breadcrumb":{"@id":"https:\/\/www.laboratorioripoll.com\/product\/artralgin\/#breadcrumb"},"inLanguage":"en-US","potentialAction":[{"@type":"ReadAction","target":["https:\/\/www.laboratorioripoll.com\/product\/artralgin\/"]}]},{"@type":"BreadcrumbList","@id":"https:\/\/www.laboratorioripoll.com\/product\/artralgin\/#breadcrumb","itemListElement":[{"@type":"ListItem","position":1,"name":"Inicio","item":"https:\/\/www.laboratorioripoll.com\/"},{"@type":"ListItem","position":2,"name":"Cat\u00e1logo","item":"https:\/\/www.laboratorioripoll.com\/catalogo\/"},{"@type":"ListItem","position":3,"name":"Veterinaria","item":"https:\/\/www.laboratorioripoll.com\/product-category\/veterinaria\/"},{"@type":"ListItem","position":4,"name":"Analg\u00e9sicos-Antiinflamatorios","item":"https:\/\/www.laboratorioripoll.com\/product-category\/veterinaria\/analgesicos-antiinflamatorios\/"},{"@type":"ListItem","position":5,"name":"ARTRALGIN"}]},{"@type":"WebSite","@id":"https:\/\/www.laboratorioripoll.com\/#website","url":"https:\/\/www.laboratorioripoll.com\/","name":"Laboratorio Ripoll","description":"","publisher":{"@id":"https:\/\/www.laboratorioripoll.com\/#organization"},"potentialAction":[{"@type":"SearchAction","target":{"@type":"EntryPoint","urlTemplate":"https:\/\/www.laboratorioripoll.com\/?s={search_term_string}"},"query-input":"required name=search_term_string"}],"inLanguage":"en-US"},{"@type":"Organization","@id":"https:\/\/www.laboratorioripoll.com\/#organization","name":"Laboratorio Ripoll","url":"https:\/\/www.laboratorioripoll.com\/","logo":{"@type":"ImageObject","inLanguage":"en-US","@id":"https:\/\/www.laboratorioripoll.com\/#\/schema\/logo\/image\/","url":"https:\/\/www.laboratorioripoll.com\/wp-content\/uploads\/2021\/08\/Ripoll-Logo.svg","contentUrl":"https:\/\/www.laboratorioripoll.com\/wp-content\/uploads\/2021\/08\/Ripoll-Logo.svg","width":1,"height":1,"caption":"Laboratorio Ripoll"},"image":{"@id":"https:\/\/www.laboratorioripoll.com\/#\/schema\/logo\/image\/"}}]}},"_links":{"self":[{"href":"https:\/\/www.laboratorioripoll.com\/en\/wp-json\/wp\/v2\/product\/354","targetHints":{"allow":["GET"]}}],"collection":[{"href":"https:\/\/www.laboratorioripoll.com\/en\/wp-json\/wp\/v2\/product"}],"about":[{"href":"https:\/\/www.laboratorioripoll.com\/en\/wp-json\/wp\/v2\/types\/product"}],"wp:featuredmedia":[{"embeddable":true,"href":"https:\/\/www.laboratorioripoll.com\/en\/wp-json\/wp\/v2\/media\/736"}],"wp:attachment":[{"href":"https:\/\/www.laboratorioripoll.com\/en\/wp-json\/wp\/v2\/media?parent=354"}],"wp:term":[{"taxonomy":"product_cat","embeddable":true,"href":"https:\/\/www.laboratorioripoll.com\/en\/wp-json\/wp\/v2\/product_cat?post=354"},{"taxonomy":"product_tag","embeddable":true,"href":"https:\/\/www.laboratorioripoll.com\/en\/wp-json\/wp\/v2\/product_tag?post=354"}],"curies":[{"name":"wp","href":"https:\/\/api.w.org\/{rel}","templated":true}]}}