{"id":357,"date":"2021-08-15T00:32:37","date_gmt":"2021-08-15T03:32:37","guid":{"rendered":"https:\/\/laboratorioripoll.com\/?post_type=product&#038;p=357"},"modified":"2024-06-19T13:25:38","modified_gmt":"2024-06-19T16:25:38","slug":"artralgin-dexa","status":"publish","type":"product","link":"https:\/\/www.laboratorioripoll.com\/en\/product\/artralgin-dexa\/","title":{"rendered":"ARTRALGIN DEXA"},"content":{"rendered":"<p><strong>ANTIINFLAMATORIO &#8211; ANALG\u00c9SICO<\/strong><\/p>\n<p><strong>PROPERTIES<br \/>\n<\/strong>La Fenilbutazona es un antiinflamatorio no esteroideo (AINE) que presenta una poderosa acci\u00f3n analg\u00e9sica, antiinflamatoria, antipir\u00e9tica y antireum\u00e1tica. Es un derivado pirazol\u00f3nico que, como tal act\u00faa en la fase inicial del proceso inflamatorio impidiendo o disminuyendo la permeabilidad vascular y por ende el edema as\u00ed como la constituci\u00f3n del foco inflamatorio.<br \/>\nLa dexametasona es un glucocorticoide de alta potencia (20 veces m\u00e1s potente que hidrocortisona y de 5 a 7 veces m\u00e1s potente que Prednisona). Posee inicio de acci\u00f3n r\u00e1pida y efecto prolongado (36 a 72 hs) con m\u00ednima acci\u00f3n mineralocorticoide.<\/p>\n<p><strong>INDICATIONS<br \/>\n<\/strong>Poderosa combinaci\u00f3n antiinflamatoria indicada en el tratamiento primario de todo proceso inflamatorio cr\u00f3nico o agudo del sistema m\u00fasculo-esquel\u00e9tico. Artritis, artrosis, tendinitis, bursitis y como coadyuvante en el tratamiento de procesos infecciosos que cursen con inflamaci\u00f3n y dolor.<\/p>\n<p><strong>ADMINISTRATION AND DOSAGE<br \/>\n<\/strong>Equinos: 10 mL diarios durante 5 d\u00edas v\u00eda EV preferentemente<\/p>\n<p><strong>PRESENTATION<br \/>\n<\/strong>Frasco ampolla 100 mL<\/p>","protected":false},"excerpt":{"rendered":"<table width=\"211\">\n<tbody>\n<tr>\n<td width=\"135\"><strong>COMPOSITION<\/strong><\/td>\n<td width=\"76\"><\/td>\n<\/tr>\n<tr>\n<td width=\"135\">Phenylbutazone<\/td>\n<td width=\"76\">\u00a020 g<\/td>\n<\/tr>\n<tr>\n<td width=\"135\">Dexamethasone<\/td>\n<td width=\"76\">\u00a0150 mg<\/td>\n<\/tr>\n<tr>\n<td>Vehicle q.s.<\/td>\n<td>\u00a0100 mL<\/td>\n<\/tr>\n<\/tbody>\n<\/table>","protected":false},"featured_media":726,"template":"","meta":[],"product_cat":[20,32,35],"product_tag":[],"class_list":["post-357","product","type-product","status-publish","has-post-thumbnail","hentry","product_cat-veterinaria","product_cat-analgesicos-antiinflamatorios","product_cat-equinos"],"yoast_head":"<!-- This site is optimized with the Yoast SEO plugin v21.2 - https:\/\/yoast.com\/wordpress\/plugins\/seo\/ -->\n<title>ARTRALGIN DEXA - Laboratorio Ripoll<\/title>\n<meta name=\"robots\" content=\"index, follow, max-snippet:-1, max-image-preview:large, max-video-preview:-1\" \/>\n<link rel=\"canonical\" href=\"https:\/\/www.laboratorioripoll.com\/en\/product\/artralgin-dexa\/\" \/>\n<meta property=\"og:locale\" content=\"en_US\" \/>\n<meta property=\"og:type\" content=\"article\" \/>\n<meta property=\"og:title\" content=\"ARTRALGIN DEXA - Laboratorio Ripoll\" \/>\n<meta property=\"og:description\" content=\"COMPOSICI\u00d3N    Fenilbutazona \u00a020 g   Dexametasona \u00a0150 mg   Veh\u00edculo c.s.p. \u00a0100 mL\" \/>\n<meta property=\"og:url\" content=\"https:\/\/www.laboratorioripoll.com\/en\/product\/artralgin-dexa\/\" \/>\n<meta property=\"og:site_name\" content=\"Laboratorio Ripoll\" \/>\n<meta property=\"article:modified_time\" content=\"2024-06-19T16:25:38+00:00\" \/>\n<meta property=\"og:image\" content=\"https:\/\/www.laboratorioripoll.com\/wp-content\/uploads\/2021\/08\/ARTRALGIN-DEXA-copia-scaled-e1718814328845.jpg\" \/>\n\t<meta property=\"og:image:width\" content=\"2359\" \/>\n\t<meta property=\"og:image:height\" content=\"1531\" \/>\n\t<meta property=\"og:image:type\" content=\"image\/jpeg\" \/>\n<meta name=\"twitter:card\" content=\"summary_large_image\" \/>\n<meta name=\"twitter:label1\" content=\"Est. reading time\" \/>\n\t<meta name=\"twitter:data1\" content=\"1 minute\" \/>\n<script type=\"application\/ld+json\" class=\"yoast-schema-graph\">{\"@context\":\"https:\/\/schema.org\",\"@graph\":[{\"@type\":\"WebPage\",\"@id\":\"https:\/\/www.laboratorioripoll.com\/product\/artralgin-dexa\/\",\"url\":\"https:\/\/www.laboratorioripoll.com\/product\/artralgin-dexa\/\",\"name\":\"ARTRALGIN DEXA - Laboratorio Ripoll\",\"isPartOf\":{\"@id\":\"https:\/\/www.laboratorioripoll.com\/#website\"},\"datePublished\":\"2021-08-15T03:32:37+00:00\",\"dateModified\":\"2024-06-19T16:25:38+00:00\",\"breadcrumb\":{\"@id\":\"https:\/\/www.laboratorioripoll.com\/product\/artralgin-dexa\/#breadcrumb\"},\"inLanguage\":\"en-US\",\"potentialAction\":[{\"@type\":\"ReadAction\",\"target\":[\"https:\/\/www.laboratorioripoll.com\/product\/artralgin-dexa\/\"]}]},{\"@type\":\"BreadcrumbList\",\"@id\":\"https:\/\/www.laboratorioripoll.com\/product\/artralgin-dexa\/#breadcrumb\",\"itemListElement\":[{\"@type\":\"ListItem\",\"position\":1,\"name\":\"Inicio\",\"item\":\"https:\/\/www.laboratorioripoll.com\/\"},{\"@type\":\"ListItem\",\"position\":2,\"name\":\"Cat\u00e1logo\",\"item\":\"https:\/\/www.laboratorioripoll.com\/catalogo\/\"},{\"@type\":\"ListItem\",\"position\":3,\"name\":\"Veterinaria\",\"item\":\"https:\/\/www.laboratorioripoll.com\/product-category\/veterinaria\/\"},{\"@type\":\"ListItem\",\"position\":4,\"name\":\"Analg\u00e9sicos-Antiinflamatorios\",\"item\":\"https:\/\/www.laboratorioripoll.com\/product-category\/veterinaria\/analgesicos-antiinflamatorios\/\"},{\"@type\":\"ListItem\",\"position\":5,\"name\":\"ARTRALGIN DEXA\"}]},{\"@type\":\"WebSite\",\"@id\":\"https:\/\/www.laboratorioripoll.com\/#website\",\"url\":\"https:\/\/www.laboratorioripoll.com\/\",\"name\":\"Laboratorio Ripoll\",\"description\":\"\",\"publisher\":{\"@id\":\"https:\/\/www.laboratorioripoll.com\/#organization\"},\"potentialAction\":[{\"@type\":\"SearchAction\",\"target\":{\"@type\":\"EntryPoint\",\"urlTemplate\":\"https:\/\/www.laboratorioripoll.com\/?s={search_term_string}\"},\"query-input\":\"required name=search_term_string\"}],\"inLanguage\":\"en-US\"},{\"@type\":\"Organization\",\"@id\":\"https:\/\/www.laboratorioripoll.com\/#organization\",\"name\":\"Laboratorio Ripoll\",\"url\":\"https:\/\/www.laboratorioripoll.com\/\",\"logo\":{\"@type\":\"ImageObject\",\"inLanguage\":\"en-US\",\"@id\":\"https:\/\/www.laboratorioripoll.com\/#\/schema\/logo\/image\/\",\"url\":\"https:\/\/www.laboratorioripoll.com\/wp-content\/uploads\/2021\/08\/Ripoll-Logo.svg\",\"contentUrl\":\"https:\/\/www.laboratorioripoll.com\/wp-content\/uploads\/2021\/08\/Ripoll-Logo.svg\",\"width\":1,\"height\":1,\"caption\":\"Laboratorio Ripoll\"},\"image\":{\"@id\":\"https:\/\/www.laboratorioripoll.com\/#\/schema\/logo\/image\/\"}}]}<\/script>\n<!-- \/ Yoast SEO plugin. -->","yoast_head_json":{"title":"ARTRALGIN DEXA - Laboratorio Ripoll","robots":{"index":"index","follow":"follow","max-snippet":"max-snippet:-1","max-image-preview":"max-image-preview:large","max-video-preview":"max-video-preview:-1"},"canonical":"https:\/\/www.laboratorioripoll.com\/en\/product\/artralgin-dexa\/","og_locale":"en_US","og_type":"article","og_title":"ARTRALGIN DEXA - Laboratorio Ripoll","og_description":"COMPOSICI\u00d3N    Fenilbutazona \u00a020 g   Dexametasona \u00a0150 mg   Veh\u00edculo c.s.p. \u00a0100 mL","og_url":"https:\/\/www.laboratorioripoll.com\/en\/product\/artralgin-dexa\/","og_site_name":"Laboratorio Ripoll","article_modified_time":"2024-06-19T16:25:38+00:00","og_image":[{"width":2359,"height":1531,"url":"https:\/\/www.laboratorioripoll.com\/wp-content\/uploads\/2021\/08\/ARTRALGIN-DEXA-copia-scaled-e1718814328845.jpg","type":"image\/jpeg"}],"twitter_card":"summary_large_image","twitter_misc":{"Est. reading time":"1 minute"},"schema":{"@context":"https:\/\/schema.org","@graph":[{"@type":"WebPage","@id":"https:\/\/www.laboratorioripoll.com\/product\/artralgin-dexa\/","url":"https:\/\/www.laboratorioripoll.com\/product\/artralgin-dexa\/","name":"ARTRALGIN DEXA - Laboratorio Ripoll","isPartOf":{"@id":"https:\/\/www.laboratorioripoll.com\/#website"},"datePublished":"2021-08-15T03:32:37+00:00","dateModified":"2024-06-19T16:25:38+00:00","breadcrumb":{"@id":"https:\/\/www.laboratorioripoll.com\/product\/artralgin-dexa\/#breadcrumb"},"inLanguage":"en-US","potentialAction":[{"@type":"ReadAction","target":["https:\/\/www.laboratorioripoll.com\/product\/artralgin-dexa\/"]}]},{"@type":"BreadcrumbList","@id":"https:\/\/www.laboratorioripoll.com\/product\/artralgin-dexa\/#breadcrumb","itemListElement":[{"@type":"ListItem","position":1,"name":"Inicio","item":"https:\/\/www.laboratorioripoll.com\/"},{"@type":"ListItem","position":2,"name":"Cat\u00e1logo","item":"https:\/\/www.laboratorioripoll.com\/catalogo\/"},{"@type":"ListItem","position":3,"name":"Veterinaria","item":"https:\/\/www.laboratorioripoll.com\/product-category\/veterinaria\/"},{"@type":"ListItem","position":4,"name":"Analg\u00e9sicos-Antiinflamatorios","item":"https:\/\/www.laboratorioripoll.com\/product-category\/veterinaria\/analgesicos-antiinflamatorios\/"},{"@type":"ListItem","position":5,"name":"ARTRALGIN DEXA"}]},{"@type":"WebSite","@id":"https:\/\/www.laboratorioripoll.com\/#website","url":"https:\/\/www.laboratorioripoll.com\/","name":"Laboratorio Ripoll","description":"","publisher":{"@id":"https:\/\/www.laboratorioripoll.com\/#organization"},"potentialAction":[{"@type":"SearchAction","target":{"@type":"EntryPoint","urlTemplate":"https:\/\/www.laboratorioripoll.com\/?s={search_term_string}"},"query-input":"required name=search_term_string"}],"inLanguage":"en-US"},{"@type":"Organization","@id":"https:\/\/www.laboratorioripoll.com\/#organization","name":"Laboratorio Ripoll","url":"https:\/\/www.laboratorioripoll.com\/","logo":{"@type":"ImageObject","inLanguage":"en-US","@id":"https:\/\/www.laboratorioripoll.com\/#\/schema\/logo\/image\/","url":"https:\/\/www.laboratorioripoll.com\/wp-content\/uploads\/2021\/08\/Ripoll-Logo.svg","contentUrl":"https:\/\/www.laboratorioripoll.com\/wp-content\/uploads\/2021\/08\/Ripoll-Logo.svg","width":1,"height":1,"caption":"Laboratorio Ripoll"},"image":{"@id":"https:\/\/www.laboratorioripoll.com\/#\/schema\/logo\/image\/"}}]}},"_links":{"self":[{"href":"https:\/\/www.laboratorioripoll.com\/en\/wp-json\/wp\/v2\/product\/357","targetHints":{"allow":["GET"]}}],"collection":[{"href":"https:\/\/www.laboratorioripoll.com\/en\/wp-json\/wp\/v2\/product"}],"about":[{"href":"https:\/\/www.laboratorioripoll.com\/en\/wp-json\/wp\/v2\/types\/product"}],"wp:featuredmedia":[{"embeddable":true,"href":"https:\/\/www.laboratorioripoll.com\/en\/wp-json\/wp\/v2\/media\/726"}],"wp:attachment":[{"href":"https:\/\/www.laboratorioripoll.com\/en\/wp-json\/wp\/v2\/media?parent=357"}],"wp:term":[{"taxonomy":"product_cat","embeddable":true,"href":"https:\/\/www.laboratorioripoll.com\/en\/wp-json\/wp\/v2\/product_cat?post=357"},{"taxonomy":"product_tag","embeddable":true,"href":"https:\/\/www.laboratorioripoll.com\/en\/wp-json\/wp\/v2\/product_tag?post=357"}],"curies":[{"name":"wp","href":"https:\/\/api.w.org\/{rel}","templated":true}]}}