{"id":369,"date":"2021-08-15T10:43:06","date_gmt":"2021-08-15T13:43:06","guid":{"rendered":"https:\/\/laboratorioripoll.com\/?post_type=product&#038;p=369"},"modified":"2021-08-17T21:48:56","modified_gmt":"2021-08-18T00:48:56","slug":"clenparto","status":"publish","type":"product","link":"https:\/\/www.laboratorioripoll.com\/en\/product\/clenparto\/","title":{"rendered":"CLENPARTO"},"content":{"rendered":"<p><strong>TOCOL\u00cdTICO<\/strong><\/p>\n<p><strong>PROPERTIES<br \/>\n<\/strong><strong>clenparto\u00a0<\/strong>act\u00faa selectivamente sobre las fibras musculares lisas uterinas (beta 2 agonista) provocando la inhibici\u00f3n de las contracciones de \u00fatero. La mayor dilataci\u00f3n del canal de pasaje del feto facilita las maniobras tocol\u00f3gicas y la ces\u00e1rea. Este efecto permite tambi\u00e9n postergar el parto, si ello fuese necesario.<\/p>\n<p><strong>INDICATIONS<br \/>\n<\/strong>Tocol\u00edtico. Para facilitar las maniobras obst\u00e9tricas. Postergaci\u00f3n del parto. Simplifica notoriamente la manipulaci\u00f3n en casos de ces\u00e1rea.<\/p>\n<p><strong>ADMINISTRATION AND DOSAGE<br \/>\n<\/strong>Vacas y vaquillonas: 10 mL<br \/>\nYeguas: 10 a 15 mL<br \/>\nOvejas: 7 mL<br \/>\nCerdas: 5 mL<\/p>\n<p><strong>PRESENTATION<br \/>\n<\/strong>5 ampollas x 10 mL Y frasco ampolla\u00a0 50 mL<\/p>","protected":false},"excerpt":{"rendered":"<table width=\"211\">\n<tbody>\n<tr>\n<td width=\"135\"><strong>COMPOSITION<\/strong><\/td>\n<td width=\"76\"><\/td>\n<\/tr>\n<tr>\n<td width=\"135\">Clenbuterol HCl<\/td>\n<td width=\"76\">3 mg<\/td>\n<\/tr>\n<tr>\n<td>Vehicle q.s.<\/td>\n<td>100 mL<\/td>\n<\/tr>\n<\/tbody>\n<\/table>","protected":false},"featured_media":472,"template":"","meta":[],"product_cat":[20,39],"product_tag":[],"class_list":["post-369","product","type-product","status-publish","has-post-thumbnail","hentry","product_cat-veterinaria","product_cat-otros"],"yoast_head":"<!-- This site is optimized with the Yoast SEO plugin v21.2 - https:\/\/yoast.com\/wordpress\/plugins\/seo\/ -->\n<title>CLENPARTO - Laboratorio Ripoll<\/title>\n<meta name=\"robots\" content=\"index, follow, max-snippet:-1, max-image-preview:large, max-video-preview:-1\" \/>\n<link rel=\"canonical\" href=\"https:\/\/www.laboratorioripoll.com\/en\/product\/clenparto\/\" \/>\n<meta property=\"og:locale\" content=\"en_US\" \/>\n<meta property=\"og:type\" content=\"article\" \/>\n<meta property=\"og:title\" content=\"CLENPARTO - Laboratorio Ripoll\" \/>\n<meta property=\"og:description\" content=\"COMPOSICI\u00d3N    Clenbuterol HCl 3 mg   Veh\u00edculo c.s.p. 100 mL\" \/>\n<meta property=\"og:url\" content=\"https:\/\/www.laboratorioripoll.com\/en\/product\/clenparto\/\" \/>\n<meta property=\"og:site_name\" content=\"Laboratorio Ripoll\" \/>\n<meta property=\"article:modified_time\" content=\"2021-08-18T00:48:56+00:00\" \/>\n<meta property=\"og:image\" content=\"https:\/\/www.laboratorioripoll.com\/wp-content\/uploads\/2021\/08\/Clenparto.jpg\" \/>\n\t<meta property=\"og:image:width\" content=\"2100\" \/>\n\t<meta property=\"og:image:height\" content=\"2000\" \/>\n\t<meta property=\"og:image:type\" content=\"image\/jpeg\" \/>\n<meta name=\"twitter:card\" content=\"summary_large_image\" \/>\n<meta name=\"twitter:label1\" content=\"Est. reading time\" \/>\n\t<meta name=\"twitter:data1\" content=\"1 minute\" \/>\n<script type=\"application\/ld+json\" class=\"yoast-schema-graph\">{\"@context\":\"https:\/\/schema.org\",\"@graph\":[{\"@type\":\"WebPage\",\"@id\":\"https:\/\/www.laboratorioripoll.com\/product\/clenparto\/\",\"url\":\"https:\/\/www.laboratorioripoll.com\/product\/clenparto\/\",\"name\":\"CLENPARTO - Laboratorio Ripoll\",\"isPartOf\":{\"@id\":\"https:\/\/www.laboratorioripoll.com\/#website\"},\"datePublished\":\"2021-08-15T13:43:06+00:00\",\"dateModified\":\"2021-08-18T00:48:56+00:00\",\"breadcrumb\":{\"@id\":\"https:\/\/www.laboratorioripoll.com\/product\/clenparto\/#breadcrumb\"},\"inLanguage\":\"en-US\",\"potentialAction\":[{\"@type\":\"ReadAction\",\"target\":[\"https:\/\/www.laboratorioripoll.com\/product\/clenparto\/\"]}]},{\"@type\":\"BreadcrumbList\",\"@id\":\"https:\/\/www.laboratorioripoll.com\/product\/clenparto\/#breadcrumb\",\"itemListElement\":[{\"@type\":\"ListItem\",\"position\":1,\"name\":\"Inicio\",\"item\":\"https:\/\/www.laboratorioripoll.com\/\"},{\"@type\":\"ListItem\",\"position\":2,\"name\":\"Cat\u00e1logo\",\"item\":\"https:\/\/www.laboratorioripoll.com\/catalogo\/\"},{\"@type\":\"ListItem\",\"position\":3,\"name\":\"Veterinaria\",\"item\":\"https:\/\/www.laboratorioripoll.com\/product-category\/veterinaria\/\"},{\"@type\":\"ListItem\",\"position\":4,\"name\":\"Otros\",\"item\":\"https:\/\/www.laboratorioripoll.com\/product-category\/veterinaria\/otros\/\"},{\"@type\":\"ListItem\",\"position\":5,\"name\":\"CLENPARTO\"}]},{\"@type\":\"WebSite\",\"@id\":\"https:\/\/www.laboratorioripoll.com\/#website\",\"url\":\"https:\/\/www.laboratorioripoll.com\/\",\"name\":\"Laboratorio Ripoll\",\"description\":\"\",\"publisher\":{\"@id\":\"https:\/\/www.laboratorioripoll.com\/#organization\"},\"potentialAction\":[{\"@type\":\"SearchAction\",\"target\":{\"@type\":\"EntryPoint\",\"urlTemplate\":\"https:\/\/www.laboratorioripoll.com\/?s={search_term_string}\"},\"query-input\":\"required name=search_term_string\"}],\"inLanguage\":\"en-US\"},{\"@type\":\"Organization\",\"@id\":\"https:\/\/www.laboratorioripoll.com\/#organization\",\"name\":\"Laboratorio Ripoll\",\"url\":\"https:\/\/www.laboratorioripoll.com\/\",\"logo\":{\"@type\":\"ImageObject\",\"inLanguage\":\"en-US\",\"@id\":\"https:\/\/www.laboratorioripoll.com\/#\/schema\/logo\/image\/\",\"url\":\"https:\/\/www.laboratorioripoll.com\/wp-content\/uploads\/2021\/08\/Ripoll-Logo.svg\",\"contentUrl\":\"https:\/\/www.laboratorioripoll.com\/wp-content\/uploads\/2021\/08\/Ripoll-Logo.svg\",\"width\":1,\"height\":1,\"caption\":\"Laboratorio Ripoll\"},\"image\":{\"@id\":\"https:\/\/www.laboratorioripoll.com\/#\/schema\/logo\/image\/\"}}]}<\/script>\n<!-- \/ Yoast SEO plugin. -->","yoast_head_json":{"title":"CLENPARTO - Laboratorio Ripoll","robots":{"index":"index","follow":"follow","max-snippet":"max-snippet:-1","max-image-preview":"max-image-preview:large","max-video-preview":"max-video-preview:-1"},"canonical":"https:\/\/www.laboratorioripoll.com\/en\/product\/clenparto\/","og_locale":"en_US","og_type":"article","og_title":"CLENPARTO - Laboratorio Ripoll","og_description":"COMPOSICI\u00d3N    Clenbuterol HCl 3 mg   Veh\u00edculo c.s.p. 100 mL","og_url":"https:\/\/www.laboratorioripoll.com\/en\/product\/clenparto\/","og_site_name":"Laboratorio Ripoll","article_modified_time":"2021-08-18T00:48:56+00:00","og_image":[{"width":2100,"height":2000,"url":"https:\/\/www.laboratorioripoll.com\/wp-content\/uploads\/2021\/08\/Clenparto.jpg","type":"image\/jpeg"}],"twitter_card":"summary_large_image","twitter_misc":{"Est. reading time":"1 minute"},"schema":{"@context":"https:\/\/schema.org","@graph":[{"@type":"WebPage","@id":"https:\/\/www.laboratorioripoll.com\/product\/clenparto\/","url":"https:\/\/www.laboratorioripoll.com\/product\/clenparto\/","name":"CLENPARTO - Laboratorio Ripoll","isPartOf":{"@id":"https:\/\/www.laboratorioripoll.com\/#website"},"datePublished":"2021-08-15T13:43:06+00:00","dateModified":"2021-08-18T00:48:56+00:00","breadcrumb":{"@id":"https:\/\/www.laboratorioripoll.com\/product\/clenparto\/#breadcrumb"},"inLanguage":"en-US","potentialAction":[{"@type":"ReadAction","target":["https:\/\/www.laboratorioripoll.com\/product\/clenparto\/"]}]},{"@type":"BreadcrumbList","@id":"https:\/\/www.laboratorioripoll.com\/product\/clenparto\/#breadcrumb","itemListElement":[{"@type":"ListItem","position":1,"name":"Inicio","item":"https:\/\/www.laboratorioripoll.com\/"},{"@type":"ListItem","position":2,"name":"Cat\u00e1logo","item":"https:\/\/www.laboratorioripoll.com\/catalogo\/"},{"@type":"ListItem","position":3,"name":"Veterinaria","item":"https:\/\/www.laboratorioripoll.com\/product-category\/veterinaria\/"},{"@type":"ListItem","position":4,"name":"Otros","item":"https:\/\/www.laboratorioripoll.com\/product-category\/veterinaria\/otros\/"},{"@type":"ListItem","position":5,"name":"CLENPARTO"}]},{"@type":"WebSite","@id":"https:\/\/www.laboratorioripoll.com\/#website","url":"https:\/\/www.laboratorioripoll.com\/","name":"Laboratorio Ripoll","description":"","publisher":{"@id":"https:\/\/www.laboratorioripoll.com\/#organization"},"potentialAction":[{"@type":"SearchAction","target":{"@type":"EntryPoint","urlTemplate":"https:\/\/www.laboratorioripoll.com\/?s={search_term_string}"},"query-input":"required name=search_term_string"}],"inLanguage":"en-US"},{"@type":"Organization","@id":"https:\/\/www.laboratorioripoll.com\/#organization","name":"Laboratorio Ripoll","url":"https:\/\/www.laboratorioripoll.com\/","logo":{"@type":"ImageObject","inLanguage":"en-US","@id":"https:\/\/www.laboratorioripoll.com\/#\/schema\/logo\/image\/","url":"https:\/\/www.laboratorioripoll.com\/wp-content\/uploads\/2021\/08\/Ripoll-Logo.svg","contentUrl":"https:\/\/www.laboratorioripoll.com\/wp-content\/uploads\/2021\/08\/Ripoll-Logo.svg","width":1,"height":1,"caption":"Laboratorio Ripoll"},"image":{"@id":"https:\/\/www.laboratorioripoll.com\/#\/schema\/logo\/image\/"}}]}},"_links":{"self":[{"href":"https:\/\/www.laboratorioripoll.com\/en\/wp-json\/wp\/v2\/product\/369","targetHints":{"allow":["GET"]}}],"collection":[{"href":"https:\/\/www.laboratorioripoll.com\/en\/wp-json\/wp\/v2\/product"}],"about":[{"href":"https:\/\/www.laboratorioripoll.com\/en\/wp-json\/wp\/v2\/types\/product"}],"wp:featuredmedia":[{"embeddable":true,"href":"https:\/\/www.laboratorioripoll.com\/en\/wp-json\/wp\/v2\/media\/472"}],"wp:attachment":[{"href":"https:\/\/www.laboratorioripoll.com\/en\/wp-json\/wp\/v2\/media?parent=369"}],"wp:term":[{"taxonomy":"product_cat","embeddable":true,"href":"https:\/\/www.laboratorioripoll.com\/en\/wp-json\/wp\/v2\/product_cat?post=369"},{"taxonomy":"product_tag","embeddable":true,"href":"https:\/\/www.laboratorioripoll.com\/en\/wp-json\/wp\/v2\/product_tag?post=369"}],"curies":[{"name":"wp","href":"https:\/\/api.w.org\/{rel}","templated":true}]}}