{"id":373,"date":"2021-08-15T10:54:21","date_gmt":"2021-08-15T13:54:21","guid":{"rendered":"https:\/\/laboratorioripoll.com\/?post_type=product&#038;p=373"},"modified":"2021-08-17T21:45:59","modified_gmt":"2021-08-18T00:45:59","slug":"clormadinona","status":"publish","type":"product","link":"https:\/\/www.laboratorioripoll.com\/en\/product\/clormadinona\/","title":{"rendered":"CLORMADINONA"},"content":{"rendered":"<p><strong>PROGEST\u00c1GENO<\/strong><\/p>\n<p><strong>PROPERTIES<br \/>\n<\/strong>El acetato de Clormadinona es un progest\u00e1geno sint\u00e9tico derivado de la progesterona. Tiene buena tolerancia e intensa actividad gest\u00e1gena.<\/p>\n<p><strong>INDICATIONS<br \/>\n<\/strong>Vacas: quistes ov\u00e1ricos en lecheras con o sin manifestaciones de ninfoman\u00eda.\u00a0Normaliza el ciclo y facilita la gestaci\u00f3n. En aquellas vacas que no resultan gestantes luego de la primera inseminaci\u00f3n est\u00e1 indicada ya que la causa estriba en trastornos hormonales que aunque haya fecundaci\u00f3n, impiden la nidaci\u00f3n o provocan un aborto.\u00a0<strong>clormadinona<\/strong>\u00a0estabiliza la gestaci\u00f3n y reduce el n\u00famero de inseminaciones ulteriores. En manifestaciones d\u00e9biles del ciclo; \u00e9ste puede pasar desapercibido para su propietario.\u00a0<strong>clormadinona<\/strong>\u00a0facilita establecer el momento \u00f3ptimo para la inseminaci\u00f3n.<br \/>\nEn los edemas patol\u00f3gicos despu\u00e9s del parto en ubres, vulva, abdomen y extremidades posteriores.<br \/>\nLa ausencia de celo en las yeguas responde bien a la\u00a0<strong>clormadinona<\/strong>.<br \/>\nSe utiliza tambi\u00e9n para suprimir la masturbaci\u00f3n en potrillos y caballos de carrera.<\/p>\n<p><strong>ADMINISTRATION AND DOSAGE<br \/>\n<\/strong>Administraci\u00f3n v\u00eda IM<br \/>\nBovinos:<br \/>\nQuistes ov\u00e1ricos en vacas lecheras: 5 a 8 mL<br \/>\nProlapso vaginal como consecuencia de quistes: 6 a 10 mL<br \/>\nHiperestrog\u00e9nesis: 3 a 5 mL<br \/>\nMantenimiento de la pre\u00f1ez en vacas: 3 a 6 mL<br \/>\nAumento del celo: 3 mL<br \/>\nEdema de ubre en vacas lecheras: 6 a 8 mL<br \/>\nEquinos:<br \/>\nAusencia del celo en yeguas: 12 mL<br \/>\nMasturbaci\u00f3n de los potrillos y caballos: 10 mL cada 7 d\u00edas durante 3 semanas<\/p>\n<p><strong>PRESENTATION<br \/>\n<\/strong>Frasco ampolla 10 mL<\/p>","protected":false},"excerpt":{"rendered":"<table width=\"211\">\n<tbody>\n<tr>\n<td width=\"135\"><strong>COMPOSITION<\/strong><\/td>\n<td width=\"76\"><\/td>\n<\/tr>\n<tr>\n<td width=\"135\">Clormadinona<\/td>\n<td width=\"76\">1 g<\/td>\n<\/tr>\n<tr>\n<td>Vehicle q.s.<\/td>\n<td>100 mL<\/td>\n<\/tr>\n<\/tbody>\n<\/table>","protected":false},"featured_media":468,"template":"","meta":[],"product_cat":[20,39],"product_tag":[],"class_list":["post-373","product","type-product","status-publish","has-post-thumbnail","hentry","product_cat-veterinaria","product_cat-otros"],"yoast_head":"<!-- This site is optimized with the Yoast SEO plugin v21.2 - https:\/\/yoast.com\/wordpress\/plugins\/seo\/ -->\n<title>CLORMADINONA - Laboratorio Ripoll<\/title>\n<meta name=\"robots\" content=\"index, follow, max-snippet:-1, max-image-preview:large, max-video-preview:-1\" \/>\n<link rel=\"canonical\" href=\"https:\/\/www.laboratorioripoll.com\/en\/product\/clormadinona\/\" \/>\n<meta property=\"og:locale\" content=\"en_US\" \/>\n<meta property=\"og:type\" content=\"article\" \/>\n<meta property=\"og:title\" content=\"CLORMADINONA - Laboratorio Ripoll\" \/>\n<meta property=\"og:description\" content=\"COMPOSICI\u00d3N    Clormadinona 1 g   Veh\u00edculo c.s.p. 100 mL\" \/>\n<meta property=\"og:url\" content=\"https:\/\/www.laboratorioripoll.com\/en\/product\/clormadinona\/\" \/>\n<meta property=\"og:site_name\" content=\"Laboratorio Ripoll\" \/>\n<meta property=\"article:modified_time\" content=\"2021-08-18T00:45:59+00:00\" \/>\n<meta property=\"og:image\" content=\"https:\/\/www.laboratorioripoll.com\/wp-content\/uploads\/2021\/08\/Clormadinona.jpg\" \/>\n\t<meta property=\"og:image:width\" content=\"2100\" \/>\n\t<meta property=\"og:image:height\" content=\"2000\" \/>\n\t<meta property=\"og:image:type\" content=\"image\/jpeg\" \/>\n<meta name=\"twitter:card\" content=\"summary_large_image\" \/>\n<meta name=\"twitter:label1\" content=\"Est. reading time\" \/>\n\t<meta name=\"twitter:data1\" content=\"1 minute\" \/>\n<script type=\"application\/ld+json\" class=\"yoast-schema-graph\">{\"@context\":\"https:\/\/schema.org\",\"@graph\":[{\"@type\":\"WebPage\",\"@id\":\"https:\/\/www.laboratorioripoll.com\/product\/clormadinona\/\",\"url\":\"https:\/\/www.laboratorioripoll.com\/product\/clormadinona\/\",\"name\":\"CLORMADINONA - Laboratorio Ripoll\",\"isPartOf\":{\"@id\":\"https:\/\/www.laboratorioripoll.com\/#website\"},\"datePublished\":\"2021-08-15T13:54:21+00:00\",\"dateModified\":\"2021-08-18T00:45:59+00:00\",\"breadcrumb\":{\"@id\":\"https:\/\/www.laboratorioripoll.com\/product\/clormadinona\/#breadcrumb\"},\"inLanguage\":\"en-US\",\"potentialAction\":[{\"@type\":\"ReadAction\",\"target\":[\"https:\/\/www.laboratorioripoll.com\/product\/clormadinona\/\"]}]},{\"@type\":\"BreadcrumbList\",\"@id\":\"https:\/\/www.laboratorioripoll.com\/product\/clormadinona\/#breadcrumb\",\"itemListElement\":[{\"@type\":\"ListItem\",\"position\":1,\"name\":\"Inicio\",\"item\":\"https:\/\/www.laboratorioripoll.com\/\"},{\"@type\":\"ListItem\",\"position\":2,\"name\":\"Cat\u00e1logo\",\"item\":\"https:\/\/www.laboratorioripoll.com\/catalogo\/\"},{\"@type\":\"ListItem\",\"position\":3,\"name\":\"Veterinaria\",\"item\":\"https:\/\/www.laboratorioripoll.com\/product-category\/veterinaria\/\"},{\"@type\":\"ListItem\",\"position\":4,\"name\":\"Otros\",\"item\":\"https:\/\/www.laboratorioripoll.com\/product-category\/veterinaria\/otros\/\"},{\"@type\":\"ListItem\",\"position\":5,\"name\":\"CLORMADINONA\"}]},{\"@type\":\"WebSite\",\"@id\":\"https:\/\/www.laboratorioripoll.com\/#website\",\"url\":\"https:\/\/www.laboratorioripoll.com\/\",\"name\":\"Laboratorio Ripoll\",\"description\":\"\",\"publisher\":{\"@id\":\"https:\/\/www.laboratorioripoll.com\/#organization\"},\"potentialAction\":[{\"@type\":\"SearchAction\",\"target\":{\"@type\":\"EntryPoint\",\"urlTemplate\":\"https:\/\/www.laboratorioripoll.com\/?s={search_term_string}\"},\"query-input\":\"required name=search_term_string\"}],\"inLanguage\":\"en-US\"},{\"@type\":\"Organization\",\"@id\":\"https:\/\/www.laboratorioripoll.com\/#organization\",\"name\":\"Laboratorio Ripoll\",\"url\":\"https:\/\/www.laboratorioripoll.com\/\",\"logo\":{\"@type\":\"ImageObject\",\"inLanguage\":\"en-US\",\"@id\":\"https:\/\/www.laboratorioripoll.com\/#\/schema\/logo\/image\/\",\"url\":\"https:\/\/www.laboratorioripoll.com\/wp-content\/uploads\/2021\/08\/Ripoll-Logo.svg\",\"contentUrl\":\"https:\/\/www.laboratorioripoll.com\/wp-content\/uploads\/2021\/08\/Ripoll-Logo.svg\",\"width\":1,\"height\":1,\"caption\":\"Laboratorio Ripoll\"},\"image\":{\"@id\":\"https:\/\/www.laboratorioripoll.com\/#\/schema\/logo\/image\/\"}}]}<\/script>\n<!-- \/ Yoast SEO plugin. -->","yoast_head_json":{"title":"CLORMADINONA - Laboratorio Ripoll","robots":{"index":"index","follow":"follow","max-snippet":"max-snippet:-1","max-image-preview":"max-image-preview:large","max-video-preview":"max-video-preview:-1"},"canonical":"https:\/\/www.laboratorioripoll.com\/en\/product\/clormadinona\/","og_locale":"en_US","og_type":"article","og_title":"CLORMADINONA - Laboratorio Ripoll","og_description":"COMPOSICI\u00d3N    Clormadinona 1 g   Veh\u00edculo c.s.p. 100 mL","og_url":"https:\/\/www.laboratorioripoll.com\/en\/product\/clormadinona\/","og_site_name":"Laboratorio Ripoll","article_modified_time":"2021-08-18T00:45:59+00:00","og_image":[{"width":2100,"height":2000,"url":"https:\/\/www.laboratorioripoll.com\/wp-content\/uploads\/2021\/08\/Clormadinona.jpg","type":"image\/jpeg"}],"twitter_card":"summary_large_image","twitter_misc":{"Est. reading time":"1 minute"},"schema":{"@context":"https:\/\/schema.org","@graph":[{"@type":"WebPage","@id":"https:\/\/www.laboratorioripoll.com\/product\/clormadinona\/","url":"https:\/\/www.laboratorioripoll.com\/product\/clormadinona\/","name":"CLORMADINONA - Laboratorio Ripoll","isPartOf":{"@id":"https:\/\/www.laboratorioripoll.com\/#website"},"datePublished":"2021-08-15T13:54:21+00:00","dateModified":"2021-08-18T00:45:59+00:00","breadcrumb":{"@id":"https:\/\/www.laboratorioripoll.com\/product\/clormadinona\/#breadcrumb"},"inLanguage":"en-US","potentialAction":[{"@type":"ReadAction","target":["https:\/\/www.laboratorioripoll.com\/product\/clormadinona\/"]}]},{"@type":"BreadcrumbList","@id":"https:\/\/www.laboratorioripoll.com\/product\/clormadinona\/#breadcrumb","itemListElement":[{"@type":"ListItem","position":1,"name":"Inicio","item":"https:\/\/www.laboratorioripoll.com\/"},{"@type":"ListItem","position":2,"name":"Cat\u00e1logo","item":"https:\/\/www.laboratorioripoll.com\/catalogo\/"},{"@type":"ListItem","position":3,"name":"Veterinaria","item":"https:\/\/www.laboratorioripoll.com\/product-category\/veterinaria\/"},{"@type":"ListItem","position":4,"name":"Otros","item":"https:\/\/www.laboratorioripoll.com\/product-category\/veterinaria\/otros\/"},{"@type":"ListItem","position":5,"name":"CLORMADINONA"}]},{"@type":"WebSite","@id":"https:\/\/www.laboratorioripoll.com\/#website","url":"https:\/\/www.laboratorioripoll.com\/","name":"Laboratorio Ripoll","description":"","publisher":{"@id":"https:\/\/www.laboratorioripoll.com\/#organization"},"potentialAction":[{"@type":"SearchAction","target":{"@type":"EntryPoint","urlTemplate":"https:\/\/www.laboratorioripoll.com\/?s={search_term_string}"},"query-input":"required name=search_term_string"}],"inLanguage":"en-US"},{"@type":"Organization","@id":"https:\/\/www.laboratorioripoll.com\/#organization","name":"Laboratorio Ripoll","url":"https:\/\/www.laboratorioripoll.com\/","logo":{"@type":"ImageObject","inLanguage":"en-US","@id":"https:\/\/www.laboratorioripoll.com\/#\/schema\/logo\/image\/","url":"https:\/\/www.laboratorioripoll.com\/wp-content\/uploads\/2021\/08\/Ripoll-Logo.svg","contentUrl":"https:\/\/www.laboratorioripoll.com\/wp-content\/uploads\/2021\/08\/Ripoll-Logo.svg","width":1,"height":1,"caption":"Laboratorio Ripoll"},"image":{"@id":"https:\/\/www.laboratorioripoll.com\/#\/schema\/logo\/image\/"}}]}},"_links":{"self":[{"href":"https:\/\/www.laboratorioripoll.com\/en\/wp-json\/wp\/v2\/product\/373","targetHints":{"allow":["GET"]}}],"collection":[{"href":"https:\/\/www.laboratorioripoll.com\/en\/wp-json\/wp\/v2\/product"}],"about":[{"href":"https:\/\/www.laboratorioripoll.com\/en\/wp-json\/wp\/v2\/types\/product"}],"wp:featuredmedia":[{"embeddable":true,"href":"https:\/\/www.laboratorioripoll.com\/en\/wp-json\/wp\/v2\/media\/468"}],"wp:attachment":[{"href":"https:\/\/www.laboratorioripoll.com\/en\/wp-json\/wp\/v2\/media?parent=373"}],"wp:term":[{"taxonomy":"product_cat","embeddable":true,"href":"https:\/\/www.laboratorioripoll.com\/en\/wp-json\/wp\/v2\/product_cat?post=373"},{"taxonomy":"product_tag","embeddable":true,"href":"https:\/\/www.laboratorioripoll.com\/en\/wp-json\/wp\/v2\/product_tag?post=373"}],"curies":[{"name":"wp","href":"https:\/\/api.w.org\/{rel}","templated":true}]}}