{"id":374,"date":"2021-08-15T10:56:19","date_gmt":"2021-08-15T13:56:19","guid":{"rendered":"https:\/\/laboratorioripoll.com\/?post_type=product&#038;p=374"},"modified":"2024-06-19T15:53:57","modified_gmt":"2024-06-19T18:53:57","slug":"cloruro-de-potasio-r-inyectable","status":"publish","type":"product","link":"https:\/\/www.laboratorioripoll.com\/en\/product\/cloruro-de-potasio-r-inyectable\/","title":{"rendered":"CLORURO DE POTASIO R inyectable"},"content":{"rendered":"<p><strong>PROPERTIES<br \/>\n<\/strong>El cloruro de Potasio es un electrolito para uso parenteral y act\u00faa para equilibrar y\/o restaurar el ion Potasio en el organismo del animal. La hipopotasemia es un desequilibrio electrol\u00edtico del organismo, que se caracteriza por la disminuci\u00f3n del nivel de ion Potasio en la sangre. Se puede producir por sudoraci\u00f3n, diarreas, v\u00f3mitos, mala ingesta de Potasio, nefropat\u00edas, uso prolongados de diur\u00e9ticos de asa como la Furosemida u otros procesos de deshidrataci\u00f3n.<\/p>\n<p><strong>INDICATIONS<br \/>\n<\/strong>Restaurador de potasio en el organismo. Prevenci\u00f3n y correcci\u00f3n de la hipopotasemia.<\/p>\n<p><strong>ADMINISTRATION AND DOSAGE<br \/>\n<\/strong>0,5 a 1 g de cloruro de Potasio cada 100 kpv.<br \/>\nEquinos: 25 a 50 mL en 1 litro de suero fisiol\u00f3gico en infusi\u00f3n lenta, v\u00eda EV.<\/p>\n<p><strong>PRESENTATION<br \/>\n<\/strong>Frasco ampolla 50 mL<\/p>","protected":false},"excerpt":{"rendered":"<table width=\"211\">\n<tbody>\n<tr>\n<td width=\"135\"><strong>COMPOSITION<\/strong><\/td>\n<td width=\"76\"><\/td>\n<\/tr>\n<tr>\n<td width=\"135\">Cloruro de potasio<\/td>\n<td width=\"76\">10 g<\/td>\n<\/tr>\n<tr>\n<td>Vehicle q.s.<\/td>\n<td>100 mL<\/td>\n<\/tr>\n<\/tbody>\n<\/table>","protected":false},"featured_media":742,"template":"","meta":[],"product_cat":[20,35,39],"product_tag":[],"class_list":["post-374","product","type-product","status-publish","has-post-thumbnail","hentry","product_cat-veterinaria","product_cat-equinos","product_cat-otros"],"yoast_head":"<!-- This site is optimized with the Yoast SEO plugin v21.2 - https:\/\/yoast.com\/wordpress\/plugins\/seo\/ -->\n<title>CLORURO DE POTASIO R inyectable - Laboratorio Ripoll<\/title>\n<meta name=\"robots\" content=\"index, follow, max-snippet:-1, max-image-preview:large, max-video-preview:-1\" \/>\n<link rel=\"canonical\" href=\"https:\/\/www.laboratorioripoll.com\/en\/product\/cloruro-de-potasio-r-inyectable\/\" \/>\n<meta property=\"og:locale\" content=\"en_US\" \/>\n<meta property=\"og:type\" content=\"article\" \/>\n<meta property=\"og:title\" content=\"CLORURO DE POTASIO R inyectable - Laboratorio Ripoll\" \/>\n<meta property=\"og:description\" content=\"COMPOSICI\u00d3N    Cloruro de potasio 10 g   Veh\u00edculo c.s.p. 100 mL\" \/>\n<meta property=\"og:url\" content=\"https:\/\/www.laboratorioripoll.com\/en\/product\/cloruro-de-potasio-r-inyectable\/\" \/>\n<meta property=\"og:site_name\" content=\"Laboratorio Ripoll\" \/>\n<meta property=\"article:modified_time\" content=\"2024-06-19T18:53:57+00:00\" \/>\n<meta property=\"og:image\" content=\"https:\/\/www.laboratorioripoll.com\/wp-content\/uploads\/2021\/08\/CLORURO-DE-POTASIO-R-50ML-copia-scaled.jpg\" \/>\n\t<meta property=\"og:image:width\" content=\"2560\" \/>\n\t<meta property=\"og:image:height\" content=\"1707\" \/>\n\t<meta property=\"og:image:type\" content=\"image\/jpeg\" \/>\n<meta name=\"twitter:card\" content=\"summary_large_image\" \/>\n<meta name=\"twitter:label1\" content=\"Est. reading time\" \/>\n\t<meta name=\"twitter:data1\" content=\"1 minute\" \/>\n<script type=\"application\/ld+json\" class=\"yoast-schema-graph\">{\"@context\":\"https:\/\/schema.org\",\"@graph\":[{\"@type\":\"WebPage\",\"@id\":\"https:\/\/www.laboratorioripoll.com\/product\/cloruro-de-potasio-r-inyectable\/\",\"url\":\"https:\/\/www.laboratorioripoll.com\/product\/cloruro-de-potasio-r-inyectable\/\",\"name\":\"CLORURO DE POTASIO R inyectable - Laboratorio Ripoll\",\"isPartOf\":{\"@id\":\"https:\/\/www.laboratorioripoll.com\/#website\"},\"datePublished\":\"2021-08-15T13:56:19+00:00\",\"dateModified\":\"2024-06-19T18:53:57+00:00\",\"breadcrumb\":{\"@id\":\"https:\/\/www.laboratorioripoll.com\/product\/cloruro-de-potasio-r-inyectable\/#breadcrumb\"},\"inLanguage\":\"en-US\",\"potentialAction\":[{\"@type\":\"ReadAction\",\"target\":[\"https:\/\/www.laboratorioripoll.com\/product\/cloruro-de-potasio-r-inyectable\/\"]}]},{\"@type\":\"BreadcrumbList\",\"@id\":\"https:\/\/www.laboratorioripoll.com\/product\/cloruro-de-potasio-r-inyectable\/#breadcrumb\",\"itemListElement\":[{\"@type\":\"ListItem\",\"position\":1,\"name\":\"Inicio\",\"item\":\"https:\/\/www.laboratorioripoll.com\/\"},{\"@type\":\"ListItem\",\"position\":2,\"name\":\"Cat\u00e1logo\",\"item\":\"https:\/\/www.laboratorioripoll.com\/catalogo\/\"},{\"@type\":\"ListItem\",\"position\":3,\"name\":\"Veterinaria\",\"item\":\"https:\/\/www.laboratorioripoll.com\/product-category\/veterinaria\/\"},{\"@type\":\"ListItem\",\"position\":4,\"name\":\"Equinos\",\"item\":\"https:\/\/www.laboratorioripoll.com\/product-category\/veterinaria\/equinos\/\"},{\"@type\":\"ListItem\",\"position\":5,\"name\":\"CLORURO DE POTASIO R inyectable\"}]},{\"@type\":\"WebSite\",\"@id\":\"https:\/\/www.laboratorioripoll.com\/#website\",\"url\":\"https:\/\/www.laboratorioripoll.com\/\",\"name\":\"Laboratorio Ripoll\",\"description\":\"\",\"publisher\":{\"@id\":\"https:\/\/www.laboratorioripoll.com\/#organization\"},\"potentialAction\":[{\"@type\":\"SearchAction\",\"target\":{\"@type\":\"EntryPoint\",\"urlTemplate\":\"https:\/\/www.laboratorioripoll.com\/?s={search_term_string}\"},\"query-input\":\"required name=search_term_string\"}],\"inLanguage\":\"en-US\"},{\"@type\":\"Organization\",\"@id\":\"https:\/\/www.laboratorioripoll.com\/#organization\",\"name\":\"Laboratorio Ripoll\",\"url\":\"https:\/\/www.laboratorioripoll.com\/\",\"logo\":{\"@type\":\"ImageObject\",\"inLanguage\":\"en-US\",\"@id\":\"https:\/\/www.laboratorioripoll.com\/#\/schema\/logo\/image\/\",\"url\":\"https:\/\/www.laboratorioripoll.com\/wp-content\/uploads\/2021\/08\/Ripoll-Logo.svg\",\"contentUrl\":\"https:\/\/www.laboratorioripoll.com\/wp-content\/uploads\/2021\/08\/Ripoll-Logo.svg\",\"width\":1,\"height\":1,\"caption\":\"Laboratorio Ripoll\"},\"image\":{\"@id\":\"https:\/\/www.laboratorioripoll.com\/#\/schema\/logo\/image\/\"}}]}<\/script>\n<!-- \/ Yoast SEO plugin. -->","yoast_head_json":{"title":"CLORURO DE POTASIO R inyectable - Laboratorio Ripoll","robots":{"index":"index","follow":"follow","max-snippet":"max-snippet:-1","max-image-preview":"max-image-preview:large","max-video-preview":"max-video-preview:-1"},"canonical":"https:\/\/www.laboratorioripoll.com\/en\/product\/cloruro-de-potasio-r-inyectable\/","og_locale":"en_US","og_type":"article","og_title":"CLORURO DE POTASIO R inyectable - Laboratorio Ripoll","og_description":"COMPOSICI\u00d3N    Cloruro de potasio 10 g   Veh\u00edculo c.s.p. 100 mL","og_url":"https:\/\/www.laboratorioripoll.com\/en\/product\/cloruro-de-potasio-r-inyectable\/","og_site_name":"Laboratorio Ripoll","article_modified_time":"2024-06-19T18:53:57+00:00","og_image":[{"width":2560,"height":1707,"url":"https:\/\/www.laboratorioripoll.com\/wp-content\/uploads\/2021\/08\/CLORURO-DE-POTASIO-R-50ML-copia-scaled.jpg","type":"image\/jpeg"}],"twitter_card":"summary_large_image","twitter_misc":{"Est. reading time":"1 minute"},"schema":{"@context":"https:\/\/schema.org","@graph":[{"@type":"WebPage","@id":"https:\/\/www.laboratorioripoll.com\/product\/cloruro-de-potasio-r-inyectable\/","url":"https:\/\/www.laboratorioripoll.com\/product\/cloruro-de-potasio-r-inyectable\/","name":"CLORURO DE POTASIO R inyectable - Laboratorio Ripoll","isPartOf":{"@id":"https:\/\/www.laboratorioripoll.com\/#website"},"datePublished":"2021-08-15T13:56:19+00:00","dateModified":"2024-06-19T18:53:57+00:00","breadcrumb":{"@id":"https:\/\/www.laboratorioripoll.com\/product\/cloruro-de-potasio-r-inyectable\/#breadcrumb"},"inLanguage":"en-US","potentialAction":[{"@type":"ReadAction","target":["https:\/\/www.laboratorioripoll.com\/product\/cloruro-de-potasio-r-inyectable\/"]}]},{"@type":"BreadcrumbList","@id":"https:\/\/www.laboratorioripoll.com\/product\/cloruro-de-potasio-r-inyectable\/#breadcrumb","itemListElement":[{"@type":"ListItem","position":1,"name":"Inicio","item":"https:\/\/www.laboratorioripoll.com\/"},{"@type":"ListItem","position":2,"name":"Cat\u00e1logo","item":"https:\/\/www.laboratorioripoll.com\/catalogo\/"},{"@type":"ListItem","position":3,"name":"Veterinaria","item":"https:\/\/www.laboratorioripoll.com\/product-category\/veterinaria\/"},{"@type":"ListItem","position":4,"name":"Equinos","item":"https:\/\/www.laboratorioripoll.com\/product-category\/veterinaria\/equinos\/"},{"@type":"ListItem","position":5,"name":"CLORURO DE POTASIO R inyectable"}]},{"@type":"WebSite","@id":"https:\/\/www.laboratorioripoll.com\/#website","url":"https:\/\/www.laboratorioripoll.com\/","name":"Laboratorio Ripoll","description":"","publisher":{"@id":"https:\/\/www.laboratorioripoll.com\/#organization"},"potentialAction":[{"@type":"SearchAction","target":{"@type":"EntryPoint","urlTemplate":"https:\/\/www.laboratorioripoll.com\/?s={search_term_string}"},"query-input":"required name=search_term_string"}],"inLanguage":"en-US"},{"@type":"Organization","@id":"https:\/\/www.laboratorioripoll.com\/#organization","name":"Laboratorio Ripoll","url":"https:\/\/www.laboratorioripoll.com\/","logo":{"@type":"ImageObject","inLanguage":"en-US","@id":"https:\/\/www.laboratorioripoll.com\/#\/schema\/logo\/image\/","url":"https:\/\/www.laboratorioripoll.com\/wp-content\/uploads\/2021\/08\/Ripoll-Logo.svg","contentUrl":"https:\/\/www.laboratorioripoll.com\/wp-content\/uploads\/2021\/08\/Ripoll-Logo.svg","width":1,"height":1,"caption":"Laboratorio Ripoll"},"image":{"@id":"https:\/\/www.laboratorioripoll.com\/#\/schema\/logo\/image\/"}}]}},"_links":{"self":[{"href":"https:\/\/www.laboratorioripoll.com\/en\/wp-json\/wp\/v2\/product\/374","targetHints":{"allow":["GET"]}}],"collection":[{"href":"https:\/\/www.laboratorioripoll.com\/en\/wp-json\/wp\/v2\/product"}],"about":[{"href":"https:\/\/www.laboratorioripoll.com\/en\/wp-json\/wp\/v2\/types\/product"}],"wp:featuredmedia":[{"embeddable":true,"href":"https:\/\/www.laboratorioripoll.com\/en\/wp-json\/wp\/v2\/media\/742"}],"wp:attachment":[{"href":"https:\/\/www.laboratorioripoll.com\/en\/wp-json\/wp\/v2\/media?parent=374"}],"wp:term":[{"taxonomy":"product_cat","embeddable":true,"href":"https:\/\/www.laboratorioripoll.com\/en\/wp-json\/wp\/v2\/product_cat?post=374"},{"taxonomy":"product_tag","embeddable":true,"href":"https:\/\/www.laboratorioripoll.com\/en\/wp-json\/wp\/v2\/product_tag?post=374"}],"curies":[{"name":"wp","href":"https:\/\/api.w.org\/{rel}","templated":true}]}}