{"id":381,"date":"2021-08-15T11:22:27","date_gmt":"2021-08-15T14:22:27","guid":{"rendered":"https:\/\/laboratorioripoll.com\/?post_type=product&#038;p=381"},"modified":"2022-10-05T13:16:12","modified_gmt":"2022-10-05T16:16:12","slug":"dexa-4","status":"publish","type":"product","link":"https:\/\/www.laboratorioripoll.com\/en\/product\/dexa-4\/","title":{"rendered":"DEXA 4"},"content":{"rendered":"<p><strong>ANTIINFLAMATORIO &#8211; ANTIAL\u00c9RGICO<\/strong><\/p>\n<p><strong>PROPERTIES<br \/>\n<\/strong>La Dexametasona es un glucocorticoide de alta potencia, se calcula en veinte veces mas potente que la Hidrocortisona y de cinco a siete veces mas potente que la Prednisona. Posee inicio de acci\u00f3n r\u00e1pida y efecto prolongado (36 a 72 hs) con m\u00ednima acci\u00f3n mineralocorticoide.<\/p>\n<p><strong>INDICATIONS<br \/>\n<\/strong>Procesos inflamatorios agudos y cr\u00f3nicos del aparato locomotor.<br \/>\nAntial\u00e9rgico. Antishock. Antiestr\u00e9s.<\/p>\n<p><strong>ADMINISTRATION AND DOSAGE<br \/>\n<\/strong>Inyectable v\u00eda IM, EV, IA o SC<br \/>\nEquinos: 2 a 10 mL<br \/>\nBovinos: 5 a 10 mL<br \/>\nOvinos y Suinos: 0,5 a 3 mL<\/p>\n<p><strong>PRESENTATION<br \/>\n<\/strong>Frasco ampolla 50 mL y 100 mL<\/p>","protected":false},"excerpt":{"rendered":"<table width=\"211\">\n<tbody>\n<tr>\n<td width=\"135\"><strong>COMPOSITION<\/strong><\/td>\n<td width=\"76\"><\/td>\n<\/tr>\n<tr>\n<td width=\"135\">Dexamethasone<\/td>\n<td width=\"76\">400 mg<\/td>\n<\/tr>\n<tr>\n<td>Vehicle q.s.<\/td>\n<td>100 mL<\/td>\n<\/tr>\n<\/tbody>\n<\/table>","protected":false},"featured_media":459,"template":"","meta":[],"product_cat":[20,32,35],"product_tag":[],"class_list":["post-381","product","type-product","status-publish","has-post-thumbnail","hentry","product_cat-veterinaria","product_cat-analgesicos-antiinflamatorios","product_cat-equinos"],"yoast_head":"<!-- This site is optimized with the Yoast SEO plugin v21.2 - https:\/\/yoast.com\/wordpress\/plugins\/seo\/ -->\n<title>DEXA 4 - Laboratorio Ripoll<\/title>\n<meta name=\"robots\" content=\"index, follow, max-snippet:-1, max-image-preview:large, max-video-preview:-1\" \/>\n<link rel=\"canonical\" href=\"https:\/\/www.laboratorioripoll.com\/en\/product\/dexa-4\/\" \/>\n<meta property=\"og:locale\" content=\"en_US\" \/>\n<meta property=\"og:type\" content=\"article\" \/>\n<meta property=\"og:title\" content=\"DEXA 4 - Laboratorio Ripoll\" \/>\n<meta property=\"og:description\" content=\"COMPOSICI\u00d3N    Dexametasona 400 mg   Veh\u00edculo c.s.p. 100 mL\" \/>\n<meta property=\"og:url\" content=\"https:\/\/www.laboratorioripoll.com\/en\/product\/dexa-4\/\" \/>\n<meta property=\"og:site_name\" content=\"Laboratorio Ripoll\" \/>\n<meta property=\"article:modified_time\" content=\"2022-10-05T16:16:12+00:00\" \/>\n<meta property=\"og:image\" content=\"https:\/\/www.laboratorioripoll.com\/wp-content\/uploads\/2021\/08\/Dexa-4-x-50.jpg\" \/>\n\t<meta property=\"og:image:width\" content=\"2100\" \/>\n\t<meta property=\"og:image:height\" content=\"2000\" \/>\n\t<meta property=\"og:image:type\" content=\"image\/jpeg\" \/>\n<meta name=\"twitter:card\" content=\"summary_large_image\" \/>\n<script type=\"application\/ld+json\" class=\"yoast-schema-graph\">{\"@context\":\"https:\/\/schema.org\",\"@graph\":[{\"@type\":\"WebPage\",\"@id\":\"https:\/\/www.laboratorioripoll.com\/product\/dexa-4\/\",\"url\":\"https:\/\/www.laboratorioripoll.com\/product\/dexa-4\/\",\"name\":\"DEXA 4 - Laboratorio Ripoll\",\"isPartOf\":{\"@id\":\"https:\/\/www.laboratorioripoll.com\/#website\"},\"datePublished\":\"2021-08-15T14:22:27+00:00\",\"dateModified\":\"2022-10-05T16:16:12+00:00\",\"breadcrumb\":{\"@id\":\"https:\/\/www.laboratorioripoll.com\/product\/dexa-4\/#breadcrumb\"},\"inLanguage\":\"en-US\",\"potentialAction\":[{\"@type\":\"ReadAction\",\"target\":[\"https:\/\/www.laboratorioripoll.com\/product\/dexa-4\/\"]}]},{\"@type\":\"BreadcrumbList\",\"@id\":\"https:\/\/www.laboratorioripoll.com\/product\/dexa-4\/#breadcrumb\",\"itemListElement\":[{\"@type\":\"ListItem\",\"position\":1,\"name\":\"Inicio\",\"item\":\"https:\/\/www.laboratorioripoll.com\/\"},{\"@type\":\"ListItem\",\"position\":2,\"name\":\"Cat\u00e1logo\",\"item\":\"https:\/\/www.laboratorioripoll.com\/catalogo\/\"},{\"@type\":\"ListItem\",\"position\":3,\"name\":\"Veterinaria\",\"item\":\"https:\/\/www.laboratorioripoll.com\/product-category\/veterinaria\/\"},{\"@type\":\"ListItem\",\"position\":4,\"name\":\"Analg\u00e9sicos-Antiinflamatorios\",\"item\":\"https:\/\/www.laboratorioripoll.com\/product-category\/veterinaria\/analgesicos-antiinflamatorios\/\"},{\"@type\":\"ListItem\",\"position\":5,\"name\":\"DEXA 4\"}]},{\"@type\":\"WebSite\",\"@id\":\"https:\/\/www.laboratorioripoll.com\/#website\",\"url\":\"https:\/\/www.laboratorioripoll.com\/\",\"name\":\"Laboratorio Ripoll\",\"description\":\"\",\"publisher\":{\"@id\":\"https:\/\/www.laboratorioripoll.com\/#organization\"},\"potentialAction\":[{\"@type\":\"SearchAction\",\"target\":{\"@type\":\"EntryPoint\",\"urlTemplate\":\"https:\/\/www.laboratorioripoll.com\/?s={search_term_string}\"},\"query-input\":\"required name=search_term_string\"}],\"inLanguage\":\"en-US\"},{\"@type\":\"Organization\",\"@id\":\"https:\/\/www.laboratorioripoll.com\/#organization\",\"name\":\"Laboratorio Ripoll\",\"url\":\"https:\/\/www.laboratorioripoll.com\/\",\"logo\":{\"@type\":\"ImageObject\",\"inLanguage\":\"en-US\",\"@id\":\"https:\/\/www.laboratorioripoll.com\/#\/schema\/logo\/image\/\",\"url\":\"https:\/\/www.laboratorioripoll.com\/wp-content\/uploads\/2021\/08\/Ripoll-Logo.svg\",\"contentUrl\":\"https:\/\/www.laboratorioripoll.com\/wp-content\/uploads\/2021\/08\/Ripoll-Logo.svg\",\"width\":1,\"height\":1,\"caption\":\"Laboratorio Ripoll\"},\"image\":{\"@id\":\"https:\/\/www.laboratorioripoll.com\/#\/schema\/logo\/image\/\"}}]}<\/script>\n<!-- \/ Yoast SEO plugin. -->","yoast_head_json":{"title":"DEXA 4 - Laboratorio Ripoll","robots":{"index":"index","follow":"follow","max-snippet":"max-snippet:-1","max-image-preview":"max-image-preview:large","max-video-preview":"max-video-preview:-1"},"canonical":"https:\/\/www.laboratorioripoll.com\/en\/product\/dexa-4\/","og_locale":"en_US","og_type":"article","og_title":"DEXA 4 - Laboratorio Ripoll","og_description":"COMPOSICI\u00d3N    Dexametasona 400 mg   Veh\u00edculo c.s.p. 100 mL","og_url":"https:\/\/www.laboratorioripoll.com\/en\/product\/dexa-4\/","og_site_name":"Laboratorio Ripoll","article_modified_time":"2022-10-05T16:16:12+00:00","og_image":[{"width":2100,"height":2000,"url":"https:\/\/www.laboratorioripoll.com\/wp-content\/uploads\/2021\/08\/Dexa-4-x-50.jpg","type":"image\/jpeg"}],"twitter_card":"summary_large_image","schema":{"@context":"https:\/\/schema.org","@graph":[{"@type":"WebPage","@id":"https:\/\/www.laboratorioripoll.com\/product\/dexa-4\/","url":"https:\/\/www.laboratorioripoll.com\/product\/dexa-4\/","name":"DEXA 4 - Laboratorio Ripoll","isPartOf":{"@id":"https:\/\/www.laboratorioripoll.com\/#website"},"datePublished":"2021-08-15T14:22:27+00:00","dateModified":"2022-10-05T16:16:12+00:00","breadcrumb":{"@id":"https:\/\/www.laboratorioripoll.com\/product\/dexa-4\/#breadcrumb"},"inLanguage":"en-US","potentialAction":[{"@type":"ReadAction","target":["https:\/\/www.laboratorioripoll.com\/product\/dexa-4\/"]}]},{"@type":"BreadcrumbList","@id":"https:\/\/www.laboratorioripoll.com\/product\/dexa-4\/#breadcrumb","itemListElement":[{"@type":"ListItem","position":1,"name":"Inicio","item":"https:\/\/www.laboratorioripoll.com\/"},{"@type":"ListItem","position":2,"name":"Cat\u00e1logo","item":"https:\/\/www.laboratorioripoll.com\/catalogo\/"},{"@type":"ListItem","position":3,"name":"Veterinaria","item":"https:\/\/www.laboratorioripoll.com\/product-category\/veterinaria\/"},{"@type":"ListItem","position":4,"name":"Analg\u00e9sicos-Antiinflamatorios","item":"https:\/\/www.laboratorioripoll.com\/product-category\/veterinaria\/analgesicos-antiinflamatorios\/"},{"@type":"ListItem","position":5,"name":"DEXA 4"}]},{"@type":"WebSite","@id":"https:\/\/www.laboratorioripoll.com\/#website","url":"https:\/\/www.laboratorioripoll.com\/","name":"Laboratorio Ripoll","description":"","publisher":{"@id":"https:\/\/www.laboratorioripoll.com\/#organization"},"potentialAction":[{"@type":"SearchAction","target":{"@type":"EntryPoint","urlTemplate":"https:\/\/www.laboratorioripoll.com\/?s={search_term_string}"},"query-input":"required name=search_term_string"}],"inLanguage":"en-US"},{"@type":"Organization","@id":"https:\/\/www.laboratorioripoll.com\/#organization","name":"Laboratorio Ripoll","url":"https:\/\/www.laboratorioripoll.com\/","logo":{"@type":"ImageObject","inLanguage":"en-US","@id":"https:\/\/www.laboratorioripoll.com\/#\/schema\/logo\/image\/","url":"https:\/\/www.laboratorioripoll.com\/wp-content\/uploads\/2021\/08\/Ripoll-Logo.svg","contentUrl":"https:\/\/www.laboratorioripoll.com\/wp-content\/uploads\/2021\/08\/Ripoll-Logo.svg","width":1,"height":1,"caption":"Laboratorio Ripoll"},"image":{"@id":"https:\/\/www.laboratorioripoll.com\/#\/schema\/logo\/image\/"}}]}},"_links":{"self":[{"href":"https:\/\/www.laboratorioripoll.com\/en\/wp-json\/wp\/v2\/product\/381","targetHints":{"allow":["GET"]}}],"collection":[{"href":"https:\/\/www.laboratorioripoll.com\/en\/wp-json\/wp\/v2\/product"}],"about":[{"href":"https:\/\/www.laboratorioripoll.com\/en\/wp-json\/wp\/v2\/types\/product"}],"wp:featuredmedia":[{"embeddable":true,"href":"https:\/\/www.laboratorioripoll.com\/en\/wp-json\/wp\/v2\/media\/459"}],"wp:attachment":[{"href":"https:\/\/www.laboratorioripoll.com\/en\/wp-json\/wp\/v2\/media?parent=381"}],"wp:term":[{"taxonomy":"product_cat","embeddable":true,"href":"https:\/\/www.laboratorioripoll.com\/en\/wp-json\/wp\/v2\/product_cat?post=381"},{"taxonomy":"product_tag","embeddable":true,"href":"https:\/\/www.laboratorioripoll.com\/en\/wp-json\/wp\/v2\/product_tag?post=381"}],"curies":[{"name":"wp","href":"https:\/\/api.w.org\/{rel}","templated":true}]}}