{"id":385,"date":"2021-08-15T11:29:38","date_gmt":"2021-08-15T14:29:38","guid":{"rendered":"https:\/\/laboratorioripoll.com\/?post_type=product&#038;p=385"},"modified":"2021-08-17T21:34:34","modified_gmt":"2021-08-18T00:34:34","slug":"diclogel","status":"publish","type":"product","link":"https:\/\/www.laboratorioripoll.com\/en\/product\/diclogel\/","title":{"rendered":"DICLOGEL"},"content":{"rendered":"<p><strong>ANALG\u00c9SICO &#8211; ANTIINFLAMATORIO &#8211; <\/strong><strong>RUBEFACIENTE<\/strong><\/p>\n<p><strong>PROPERTIES<br \/>\n<\/strong>El Diclofenac es un antiinflamatorio no esteroideo (AINE) que como tal posee actividad antiinflamatoria, analg\u00e9sica y antipir\u00e9tica. Su mecanismo de acci\u00f3n tiene que ver con la inhibici\u00f3n de la ciclooxigenasa. Esta enzima transforma el \u00e1cido araquid\u00f3nico de las membranas celulares en prostaglandinas y tromboxano que est\u00e1n en la g\u00e9nesis de la inflamaci\u00f3n, dolor y edema. Las prostaglandinas son sensibilizadoras de las terminaciones nerviosas nociceptivas perif\u00e9ricas a la acci\u00f3n estimulante del dolor por mediadores como la histamina y la bradiquinina. Es un derivado del \u00e1cido arilac\u00e9tico formulado como sal s\u00f3dica.\u00a0Su presentaci\u00f3n en gel permite un mejor manejo de los focos inflamatorios-dolorosos cercanos a la superficie.<br \/>\nEl Dimetilsulf\u00f3xido (DMSO) tiene diversas e importantes propiedades farmacol\u00f3gicas, que lo hacen apto par su uso en medicina veterinaria. Entre ellas se puede destacar la acci\u00f3n antiinflamatoria. Adem\u00e1s su alta liposolubilidad lo hace el veh\u00edculo apropiado para transportar otras sustancias a trav\u00e9s de la piel.<\/p>\n<p><strong>INDICATIONS<br \/>\n<\/strong>Analg\u00e9sico, antiinflamatorio, rubefaciente. Dolores musculares, articulares, reum\u00e1ticos, artritis, sinovitis, tendinitis. Para aliviar articulaciones antes y despu\u00e9s del esfuerzo.<\/p>\n<p><strong>ADMINISTRATION AND DOSAGE<br \/>\n<\/strong>Uso t\u00f3pico en equinos.<br \/>\nAplicar una capa sobre la zona afectada y masajear suavemente.<\/p>\n<p><strong>PRESENTATION<br \/>\n<\/strong>Pote 250 g<\/p>","protected":false},"excerpt":{"rendered":"<table width=\"211\">\n<tbody>\n<tr>\n<td width=\"135\"><strong>COMPOSITION<\/strong><\/td>\n<td width=\"76\"><\/td>\n<\/tr>\n<tr>\n<td width=\"135\">Diclofenac<\/td>\n<td width=\"76\">2 g<\/td>\n<\/tr>\n<tr>\n<td>Dimetilsulf\u00f3xido<\/td>\n<td>75 g<\/td>\n<\/tr>\n<tr>\n<td>Excipients q.s.<\/td>\n<td>100 g<\/td>\n<\/tr>\n<\/tbody>\n<\/table>","protected":false},"featured_media":449,"template":"","meta":[],"product_cat":[20,32,35],"product_tag":[],"class_list":["post-385","product","type-product","status-publish","has-post-thumbnail","hentry","product_cat-veterinaria","product_cat-analgesicos-antiinflamatorios","product_cat-equinos"],"yoast_head":"<!-- This site is optimized with the Yoast SEO plugin v21.2 - https:\/\/yoast.com\/wordpress\/plugins\/seo\/ -->\n<title>DICLOGEL - Laboratorio Ripoll<\/title>\n<meta name=\"robots\" content=\"index, follow, max-snippet:-1, max-image-preview:large, max-video-preview:-1\" \/>\n<link rel=\"canonical\" href=\"https:\/\/www.laboratorioripoll.com\/en\/product\/diclogel\/\" \/>\n<meta property=\"og:locale\" content=\"en_US\" \/>\n<meta property=\"og:type\" content=\"article\" \/>\n<meta property=\"og:title\" content=\"DICLOGEL - Laboratorio Ripoll\" \/>\n<meta property=\"og:description\" content=\"COMPOSICI\u00d3N    Diclofenac 2 g   Dimetilsulf\u00f3xido 75 g   Excipientes c.s.p. 100 g\" \/>\n<meta property=\"og:url\" content=\"https:\/\/www.laboratorioripoll.com\/en\/product\/diclogel\/\" \/>\n<meta property=\"og:site_name\" content=\"Laboratorio Ripoll\" \/>\n<meta property=\"article:modified_time\" content=\"2021-08-18T00:34:34+00:00\" \/>\n<meta property=\"og:image\" content=\"https:\/\/www.laboratorioripoll.com\/wp-content\/uploads\/2021\/08\/Diclogel.jpg\" \/>\n\t<meta property=\"og:image:width\" content=\"2100\" \/>\n\t<meta property=\"og:image:height\" content=\"2000\" \/>\n\t<meta property=\"og:image:type\" content=\"image\/jpeg\" \/>\n<meta name=\"twitter:card\" content=\"summary_large_image\" \/>\n<meta name=\"twitter:label1\" content=\"Est. reading time\" \/>\n\t<meta name=\"twitter:data1\" content=\"1 minute\" \/>\n<script type=\"application\/ld+json\" class=\"yoast-schema-graph\">{\"@context\":\"https:\/\/schema.org\",\"@graph\":[{\"@type\":\"WebPage\",\"@id\":\"https:\/\/www.laboratorioripoll.com\/product\/diclogel\/\",\"url\":\"https:\/\/www.laboratorioripoll.com\/product\/diclogel\/\",\"name\":\"DICLOGEL - Laboratorio Ripoll\",\"isPartOf\":{\"@id\":\"https:\/\/www.laboratorioripoll.com\/#website\"},\"datePublished\":\"2021-08-15T14:29:38+00:00\",\"dateModified\":\"2021-08-18T00:34:34+00:00\",\"breadcrumb\":{\"@id\":\"https:\/\/www.laboratorioripoll.com\/product\/diclogel\/#breadcrumb\"},\"inLanguage\":\"en-US\",\"potentialAction\":[{\"@type\":\"ReadAction\",\"target\":[\"https:\/\/www.laboratorioripoll.com\/product\/diclogel\/\"]}]},{\"@type\":\"BreadcrumbList\",\"@id\":\"https:\/\/www.laboratorioripoll.com\/product\/diclogel\/#breadcrumb\",\"itemListElement\":[{\"@type\":\"ListItem\",\"position\":1,\"name\":\"Inicio\",\"item\":\"https:\/\/www.laboratorioripoll.com\/\"},{\"@type\":\"ListItem\",\"position\":2,\"name\":\"Cat\u00e1logo\",\"item\":\"https:\/\/www.laboratorioripoll.com\/catalogo\/\"},{\"@type\":\"ListItem\",\"position\":3,\"name\":\"Veterinaria\",\"item\":\"https:\/\/www.laboratorioripoll.com\/product-category\/veterinaria\/\"},{\"@type\":\"ListItem\",\"position\":4,\"name\":\"Analg\u00e9sicos-Antiinflamatorios\",\"item\":\"https:\/\/www.laboratorioripoll.com\/product-category\/veterinaria\/analgesicos-antiinflamatorios\/\"},{\"@type\":\"ListItem\",\"position\":5,\"name\":\"DICLOGEL\"}]},{\"@type\":\"WebSite\",\"@id\":\"https:\/\/www.laboratorioripoll.com\/#website\",\"url\":\"https:\/\/www.laboratorioripoll.com\/\",\"name\":\"Laboratorio Ripoll\",\"description\":\"\",\"publisher\":{\"@id\":\"https:\/\/www.laboratorioripoll.com\/#organization\"},\"potentialAction\":[{\"@type\":\"SearchAction\",\"target\":{\"@type\":\"EntryPoint\",\"urlTemplate\":\"https:\/\/www.laboratorioripoll.com\/?s={search_term_string}\"},\"query-input\":\"required name=search_term_string\"}],\"inLanguage\":\"en-US\"},{\"@type\":\"Organization\",\"@id\":\"https:\/\/www.laboratorioripoll.com\/#organization\",\"name\":\"Laboratorio Ripoll\",\"url\":\"https:\/\/www.laboratorioripoll.com\/\",\"logo\":{\"@type\":\"ImageObject\",\"inLanguage\":\"en-US\",\"@id\":\"https:\/\/www.laboratorioripoll.com\/#\/schema\/logo\/image\/\",\"url\":\"https:\/\/www.laboratorioripoll.com\/wp-content\/uploads\/2021\/08\/Ripoll-Logo.svg\",\"contentUrl\":\"https:\/\/www.laboratorioripoll.com\/wp-content\/uploads\/2021\/08\/Ripoll-Logo.svg\",\"width\":1,\"height\":1,\"caption\":\"Laboratorio Ripoll\"},\"image\":{\"@id\":\"https:\/\/www.laboratorioripoll.com\/#\/schema\/logo\/image\/\"}}]}<\/script>\n<!-- \/ Yoast SEO plugin. -->","yoast_head_json":{"title":"DICLOGEL - Laboratorio Ripoll","robots":{"index":"index","follow":"follow","max-snippet":"max-snippet:-1","max-image-preview":"max-image-preview:large","max-video-preview":"max-video-preview:-1"},"canonical":"https:\/\/www.laboratorioripoll.com\/en\/product\/diclogel\/","og_locale":"en_US","og_type":"article","og_title":"DICLOGEL - Laboratorio Ripoll","og_description":"COMPOSICI\u00d3N    Diclofenac 2 g   Dimetilsulf\u00f3xido 75 g   Excipientes c.s.p. 100 g","og_url":"https:\/\/www.laboratorioripoll.com\/en\/product\/diclogel\/","og_site_name":"Laboratorio Ripoll","article_modified_time":"2021-08-18T00:34:34+00:00","og_image":[{"width":2100,"height":2000,"url":"https:\/\/www.laboratorioripoll.com\/wp-content\/uploads\/2021\/08\/Diclogel.jpg","type":"image\/jpeg"}],"twitter_card":"summary_large_image","twitter_misc":{"Est. reading time":"1 minute"},"schema":{"@context":"https:\/\/schema.org","@graph":[{"@type":"WebPage","@id":"https:\/\/www.laboratorioripoll.com\/product\/diclogel\/","url":"https:\/\/www.laboratorioripoll.com\/product\/diclogel\/","name":"DICLOGEL - Laboratorio Ripoll","isPartOf":{"@id":"https:\/\/www.laboratorioripoll.com\/#website"},"datePublished":"2021-08-15T14:29:38+00:00","dateModified":"2021-08-18T00:34:34+00:00","breadcrumb":{"@id":"https:\/\/www.laboratorioripoll.com\/product\/diclogel\/#breadcrumb"},"inLanguage":"en-US","potentialAction":[{"@type":"ReadAction","target":["https:\/\/www.laboratorioripoll.com\/product\/diclogel\/"]}]},{"@type":"BreadcrumbList","@id":"https:\/\/www.laboratorioripoll.com\/product\/diclogel\/#breadcrumb","itemListElement":[{"@type":"ListItem","position":1,"name":"Inicio","item":"https:\/\/www.laboratorioripoll.com\/"},{"@type":"ListItem","position":2,"name":"Cat\u00e1logo","item":"https:\/\/www.laboratorioripoll.com\/catalogo\/"},{"@type":"ListItem","position":3,"name":"Veterinaria","item":"https:\/\/www.laboratorioripoll.com\/product-category\/veterinaria\/"},{"@type":"ListItem","position":4,"name":"Analg\u00e9sicos-Antiinflamatorios","item":"https:\/\/www.laboratorioripoll.com\/product-category\/veterinaria\/analgesicos-antiinflamatorios\/"},{"@type":"ListItem","position":5,"name":"DICLOGEL"}]},{"@type":"WebSite","@id":"https:\/\/www.laboratorioripoll.com\/#website","url":"https:\/\/www.laboratorioripoll.com\/","name":"Laboratorio Ripoll","description":"","publisher":{"@id":"https:\/\/www.laboratorioripoll.com\/#organization"},"potentialAction":[{"@type":"SearchAction","target":{"@type":"EntryPoint","urlTemplate":"https:\/\/www.laboratorioripoll.com\/?s={search_term_string}"},"query-input":"required name=search_term_string"}],"inLanguage":"en-US"},{"@type":"Organization","@id":"https:\/\/www.laboratorioripoll.com\/#organization","name":"Laboratorio Ripoll","url":"https:\/\/www.laboratorioripoll.com\/","logo":{"@type":"ImageObject","inLanguage":"en-US","@id":"https:\/\/www.laboratorioripoll.com\/#\/schema\/logo\/image\/","url":"https:\/\/www.laboratorioripoll.com\/wp-content\/uploads\/2021\/08\/Ripoll-Logo.svg","contentUrl":"https:\/\/www.laboratorioripoll.com\/wp-content\/uploads\/2021\/08\/Ripoll-Logo.svg","width":1,"height":1,"caption":"Laboratorio Ripoll"},"image":{"@id":"https:\/\/www.laboratorioripoll.com\/#\/schema\/logo\/image\/"}}]}},"_links":{"self":[{"href":"https:\/\/www.laboratorioripoll.com\/en\/wp-json\/wp\/v2\/product\/385","targetHints":{"allow":["GET"]}}],"collection":[{"href":"https:\/\/www.laboratorioripoll.com\/en\/wp-json\/wp\/v2\/product"}],"about":[{"href":"https:\/\/www.laboratorioripoll.com\/en\/wp-json\/wp\/v2\/types\/product"}],"wp:featuredmedia":[{"embeddable":true,"href":"https:\/\/www.laboratorioripoll.com\/en\/wp-json\/wp\/v2\/media\/449"}],"wp:attachment":[{"href":"https:\/\/www.laboratorioripoll.com\/en\/wp-json\/wp\/v2\/media?parent=385"}],"wp:term":[{"taxonomy":"product_cat","embeddable":true,"href":"https:\/\/www.laboratorioripoll.com\/en\/wp-json\/wp\/v2\/product_cat?post=385"},{"taxonomy":"product_tag","embeddable":true,"href":"https:\/\/www.laboratorioripoll.com\/en\/wp-json\/wp\/v2\/product_tag?post=385"}],"curies":[{"name":"wp","href":"https:\/\/api.w.org\/{rel}","templated":true}]}}