{"id":389,"date":"2021-08-15T11:40:52","date_gmt":"2021-08-15T14:40:52","guid":{"rendered":"https:\/\/laboratorioripoll.com\/?post_type=product&#038;p=389"},"modified":"2021-08-17T21:31:54","modified_gmt":"2021-08-18T00:31:54","slug":"equiplex-500","status":"publish","type":"product","link":"https:\/\/www.laboratorioripoll.com\/en\/product\/equiplex-500\/","title":{"rendered":"EQUIPLEX 500"},"content":{"rendered":"<p><strong>ANTIPARASITARIO ORAL PARA EQUINOS<\/strong><\/p>\n<p><strong>PROPERTIES<br \/>\n<\/strong><strong>equiplex 500<\/strong>\u00a0es una asociaci\u00f3n de Mebendazole y Closantel, que lo transforman en un antiparasitario de muy amplio espectro para uso en equinos por v\u00eda oral. Tiene un doble mecanismo de acci\u00f3n, eliminando los par\u00e1sitos del tracto gastrointestinal, y mediante una\u00a0 acci\u00f3n sist\u00e9mica controla las larvas del gusano del cuajo localizadas en la boca, antes que migren al est\u00f3mago.<br \/>\nEl Mebendazole es un antiparasitario interno que es d\u00e9bilmente metabolizado luego de su absorci\u00f3n intestinal lo que provoca que permanezcan m\u00e1s tiempo como precipitado s\u00f3lido en el intestino a medida que se disuelve lentamente. Mantiene concentraciones en plasma e intestino por largo tiempo facilitando su acci\u00f3n sobre larvas inmaduras y latentes as\u00ed como nematodes adultos. Impide la polimerizaci\u00f3n de tubulinas interfiriendo el transporte de lisosomas primarios y secundarios derivando a la degeneraci\u00f3n celular. Provocan el bloqueo de la fumataro reductasa.<br \/>\nEl Closantel es tambi\u00e9n un antiparasitario interno que desacopla la fosforilaci\u00f3n oxidativa a nivel mitocondrial de la c\u00e9lula del par\u00e1sito. Activa la enzima ATPasa que afecta la cadena respiratoria y produce grandes cambios en el metabolismo energ\u00e9tico de los par\u00e1sitos provocando su muerte.<\/p>\n<p><strong>INDICATIONS<br \/>\n<\/strong><strong>equiplex 500<\/strong>\u00a0est\u00e1 indicado en la prevenci\u00f3n y tratamiento de par\u00e1sitos o por formas inmaduras y adultas de la gran mayor\u00eda de vermes en equinos.<br \/>\nGasterophilus spp, Strongylus spp, Par\u00e1scaris equorum, Fasciola hepatica, Oxyuris equi, Trichonema spp., Habronema muscae, Trichostrongylus axei.<\/p>\n<p><strong>ADMINISTRATION AND DOSAGE<\/strong><br \/>\nUna jeringa de 32,5 gramos es suficiente para un equino de 500 kpv en \u00fanica dosis por v\u00eda oral.<\/p>\n<p><strong>PRESENTATION<br \/>\n<\/strong>Jeringa graduada 32,5 g<\/p>","protected":false},"excerpt":{"rendered":"<table width=\"211\">\n<tbody>\n<tr>\n<td width=\"135\"><strong>COMPOSITION<\/strong><\/td>\n<td width=\"76\"><\/td>\n<\/tr>\n<tr>\n<td width=\"135\">Mebendazole<\/td>\n<td>12,50 g<\/td>\n<\/tr>\n<tr>\n<td>Closantel<\/td>\n<td>11,88 g<\/td>\n<\/tr>\n<tr>\n<td>Excipients q.s.<\/td>\n<td>100 g<\/td>\n<\/tr>\n<\/tbody>\n<\/table>","protected":false},"featured_media":444,"template":"","meta":[],"product_cat":[20,22,35],"product_tag":[],"class_list":["post-389","product","type-product","status-publish","has-post-thumbnail","hentry","product_cat-veterinaria","product_cat-antiparasitarios","product_cat-equinos"],"yoast_head":"<!-- This site is optimized with the Yoast SEO plugin v21.2 - https:\/\/yoast.com\/wordpress\/plugins\/seo\/ -->\n<title>EQUIPLEX 500 - Laboratorio Ripoll<\/title>\n<meta name=\"robots\" content=\"index, follow, max-snippet:-1, max-image-preview:large, max-video-preview:-1\" \/>\n<link rel=\"canonical\" href=\"https:\/\/www.laboratorioripoll.com\/en\/product\/equiplex-500\/\" \/>\n<meta property=\"og:locale\" content=\"en_US\" \/>\n<meta property=\"og:type\" content=\"article\" \/>\n<meta property=\"og:title\" content=\"EQUIPLEX 500 - Laboratorio Ripoll\" \/>\n<meta property=\"og:description\" content=\"COMPOSICI\u00d3N    Mebendazole 12,50 g   Closantel 11,88 g   Excipientes c.s.p. 100 g\" \/>\n<meta property=\"og:url\" content=\"https:\/\/www.laboratorioripoll.com\/en\/product\/equiplex-500\/\" \/>\n<meta property=\"og:site_name\" content=\"Laboratorio Ripoll\" \/>\n<meta property=\"article:modified_time\" content=\"2021-08-18T00:31:54+00:00\" \/>\n<meta property=\"og:image\" content=\"https:\/\/www.laboratorioripoll.com\/wp-content\/uploads\/2021\/08\/Equiplex-500.jpg\" \/>\n\t<meta property=\"og:image:width\" content=\"2100\" \/>\n\t<meta property=\"og:image:height\" content=\"2000\" \/>\n\t<meta property=\"og:image:type\" content=\"image\/jpeg\" \/>\n<meta name=\"twitter:card\" content=\"summary_large_image\" \/>\n<meta name=\"twitter:label1\" content=\"Est. reading time\" \/>\n\t<meta name=\"twitter:data1\" content=\"1 minute\" \/>\n<script type=\"application\/ld+json\" class=\"yoast-schema-graph\">{\"@context\":\"https:\/\/schema.org\",\"@graph\":[{\"@type\":\"WebPage\",\"@id\":\"https:\/\/www.laboratorioripoll.com\/product\/equiplex-500\/\",\"url\":\"https:\/\/www.laboratorioripoll.com\/product\/equiplex-500\/\",\"name\":\"EQUIPLEX 500 - Laboratorio Ripoll\",\"isPartOf\":{\"@id\":\"https:\/\/www.laboratorioripoll.com\/#website\"},\"datePublished\":\"2021-08-15T14:40:52+00:00\",\"dateModified\":\"2021-08-18T00:31:54+00:00\",\"breadcrumb\":{\"@id\":\"https:\/\/www.laboratorioripoll.com\/product\/equiplex-500\/#breadcrumb\"},\"inLanguage\":\"en-US\",\"potentialAction\":[{\"@type\":\"ReadAction\",\"target\":[\"https:\/\/www.laboratorioripoll.com\/product\/equiplex-500\/\"]}]},{\"@type\":\"BreadcrumbList\",\"@id\":\"https:\/\/www.laboratorioripoll.com\/product\/equiplex-500\/#breadcrumb\",\"itemListElement\":[{\"@type\":\"ListItem\",\"position\":1,\"name\":\"Inicio\",\"item\":\"https:\/\/www.laboratorioripoll.com\/\"},{\"@type\":\"ListItem\",\"position\":2,\"name\":\"Cat\u00e1logo\",\"item\":\"https:\/\/www.laboratorioripoll.com\/catalogo\/\"},{\"@type\":\"ListItem\",\"position\":3,\"name\":\"Veterinaria\",\"item\":\"https:\/\/www.laboratorioripoll.com\/product-category\/veterinaria\/\"},{\"@type\":\"ListItem\",\"position\":4,\"name\":\"Antiparasitarios\",\"item\":\"https:\/\/www.laboratorioripoll.com\/product-category\/veterinaria\/antiparasitarios\/\"},{\"@type\":\"ListItem\",\"position\":5,\"name\":\"EQUIPLEX 500\"}]},{\"@type\":\"WebSite\",\"@id\":\"https:\/\/www.laboratorioripoll.com\/#website\",\"url\":\"https:\/\/www.laboratorioripoll.com\/\",\"name\":\"Laboratorio Ripoll\",\"description\":\"\",\"publisher\":{\"@id\":\"https:\/\/www.laboratorioripoll.com\/#organization\"},\"potentialAction\":[{\"@type\":\"SearchAction\",\"target\":{\"@type\":\"EntryPoint\",\"urlTemplate\":\"https:\/\/www.laboratorioripoll.com\/?s={search_term_string}\"},\"query-input\":\"required name=search_term_string\"}],\"inLanguage\":\"en-US\"},{\"@type\":\"Organization\",\"@id\":\"https:\/\/www.laboratorioripoll.com\/#organization\",\"name\":\"Laboratorio Ripoll\",\"url\":\"https:\/\/www.laboratorioripoll.com\/\",\"logo\":{\"@type\":\"ImageObject\",\"inLanguage\":\"en-US\",\"@id\":\"https:\/\/www.laboratorioripoll.com\/#\/schema\/logo\/image\/\",\"url\":\"https:\/\/www.laboratorioripoll.com\/wp-content\/uploads\/2021\/08\/Ripoll-Logo.svg\",\"contentUrl\":\"https:\/\/www.laboratorioripoll.com\/wp-content\/uploads\/2021\/08\/Ripoll-Logo.svg\",\"width\":1,\"height\":1,\"caption\":\"Laboratorio Ripoll\"},\"image\":{\"@id\":\"https:\/\/www.laboratorioripoll.com\/#\/schema\/logo\/image\/\"}}]}<\/script>\n<!-- \/ Yoast SEO plugin. -->","yoast_head_json":{"title":"EQUIPLEX 500 - Laboratorio Ripoll","robots":{"index":"index","follow":"follow","max-snippet":"max-snippet:-1","max-image-preview":"max-image-preview:large","max-video-preview":"max-video-preview:-1"},"canonical":"https:\/\/www.laboratorioripoll.com\/en\/product\/equiplex-500\/","og_locale":"en_US","og_type":"article","og_title":"EQUIPLEX 500 - Laboratorio Ripoll","og_description":"COMPOSICI\u00d3N    Mebendazole 12,50 g   Closantel 11,88 g   Excipientes c.s.p. 100 g","og_url":"https:\/\/www.laboratorioripoll.com\/en\/product\/equiplex-500\/","og_site_name":"Laboratorio Ripoll","article_modified_time":"2021-08-18T00:31:54+00:00","og_image":[{"width":2100,"height":2000,"url":"https:\/\/www.laboratorioripoll.com\/wp-content\/uploads\/2021\/08\/Equiplex-500.jpg","type":"image\/jpeg"}],"twitter_card":"summary_large_image","twitter_misc":{"Est. reading time":"1 minute"},"schema":{"@context":"https:\/\/schema.org","@graph":[{"@type":"WebPage","@id":"https:\/\/www.laboratorioripoll.com\/product\/equiplex-500\/","url":"https:\/\/www.laboratorioripoll.com\/product\/equiplex-500\/","name":"EQUIPLEX 500 - Laboratorio Ripoll","isPartOf":{"@id":"https:\/\/www.laboratorioripoll.com\/#website"},"datePublished":"2021-08-15T14:40:52+00:00","dateModified":"2021-08-18T00:31:54+00:00","breadcrumb":{"@id":"https:\/\/www.laboratorioripoll.com\/product\/equiplex-500\/#breadcrumb"},"inLanguage":"en-US","potentialAction":[{"@type":"ReadAction","target":["https:\/\/www.laboratorioripoll.com\/product\/equiplex-500\/"]}]},{"@type":"BreadcrumbList","@id":"https:\/\/www.laboratorioripoll.com\/product\/equiplex-500\/#breadcrumb","itemListElement":[{"@type":"ListItem","position":1,"name":"Inicio","item":"https:\/\/www.laboratorioripoll.com\/"},{"@type":"ListItem","position":2,"name":"Cat\u00e1logo","item":"https:\/\/www.laboratorioripoll.com\/catalogo\/"},{"@type":"ListItem","position":3,"name":"Veterinaria","item":"https:\/\/www.laboratorioripoll.com\/product-category\/veterinaria\/"},{"@type":"ListItem","position":4,"name":"Antiparasitarios","item":"https:\/\/www.laboratorioripoll.com\/product-category\/veterinaria\/antiparasitarios\/"},{"@type":"ListItem","position":5,"name":"EQUIPLEX 500"}]},{"@type":"WebSite","@id":"https:\/\/www.laboratorioripoll.com\/#website","url":"https:\/\/www.laboratorioripoll.com\/","name":"Laboratorio Ripoll","description":"","publisher":{"@id":"https:\/\/www.laboratorioripoll.com\/#organization"},"potentialAction":[{"@type":"SearchAction","target":{"@type":"EntryPoint","urlTemplate":"https:\/\/www.laboratorioripoll.com\/?s={search_term_string}"},"query-input":"required name=search_term_string"}],"inLanguage":"en-US"},{"@type":"Organization","@id":"https:\/\/www.laboratorioripoll.com\/#organization","name":"Laboratorio Ripoll","url":"https:\/\/www.laboratorioripoll.com\/","logo":{"@type":"ImageObject","inLanguage":"en-US","@id":"https:\/\/www.laboratorioripoll.com\/#\/schema\/logo\/image\/","url":"https:\/\/www.laboratorioripoll.com\/wp-content\/uploads\/2021\/08\/Ripoll-Logo.svg","contentUrl":"https:\/\/www.laboratorioripoll.com\/wp-content\/uploads\/2021\/08\/Ripoll-Logo.svg","width":1,"height":1,"caption":"Laboratorio Ripoll"},"image":{"@id":"https:\/\/www.laboratorioripoll.com\/#\/schema\/logo\/image\/"}}]}},"_links":{"self":[{"href":"https:\/\/www.laboratorioripoll.com\/en\/wp-json\/wp\/v2\/product\/389","targetHints":{"allow":["GET"]}}],"collection":[{"href":"https:\/\/www.laboratorioripoll.com\/en\/wp-json\/wp\/v2\/product"}],"about":[{"href":"https:\/\/www.laboratorioripoll.com\/en\/wp-json\/wp\/v2\/types\/product"}],"wp:featuredmedia":[{"embeddable":true,"href":"https:\/\/www.laboratorioripoll.com\/en\/wp-json\/wp\/v2\/media\/444"}],"wp:attachment":[{"href":"https:\/\/www.laboratorioripoll.com\/en\/wp-json\/wp\/v2\/media?parent=389"}],"wp:term":[{"taxonomy":"product_cat","embeddable":true,"href":"https:\/\/www.laboratorioripoll.com\/en\/wp-json\/wp\/v2\/product_cat?post=389"},{"taxonomy":"product_tag","embeddable":true,"href":"https:\/\/www.laboratorioripoll.com\/en\/wp-json\/wp\/v2\/product_tag?post=389"}],"curies":[{"name":"wp","href":"https:\/\/api.w.org\/{rel}","templated":true}]}}