{"id":393,"date":"2021-08-15T11:49:41","date_gmt":"2021-08-15T14:49:41","guid":{"rendered":"https:\/\/laboratorioripoll.com\/?post_type=product&#038;p=393"},"modified":"2021-09-07T21:04:39","modified_gmt":"2021-09-08T00:04:39","slug":"fructosa-50-r","status":"publish","type":"product","link":"https:\/\/www.laboratorioripoll.com\/en\/product\/fructosa-50-r\/","title":{"rendered":"FRUCTOSA 50 R"},"content":{"rendered":"<p><strong>ENERG\u00c9TICO &#8211; DESINTOXICANTE<\/strong><\/p>\n<p><strong>PROPERTIES<br \/>\n<\/strong>La Fructosa es un gl\u00facido simple (osa) de alto valor energ\u00e9tico, de metabolismo no insulino dependiente, que puede remplazar a la glucosa y es facilmente utilizable. Significa un aporte inmediato de energ\u00eda para el trabajo muscular intenso con aumento significativo de su rendimiento y mitiga la sensaci\u00f3n de cansancio producido por el esfuerzo ya que acelera la eliminaci\u00f3n de los metabolitos derivados de dicho trabajo muscular, como el \u00e1cido l\u00e1ctico.<br \/>\nEl \u00c1cido Asc\u00f3rbico (Vitamina C) es estimulante de las defensas inmunitarias y del sistema nervioso general. Ayuda a corregir y previene los desequilibrios metab\u00f3licos ocasionados por el estr\u00e9s, asegurando un \u00f3ptimo nivel de rendimiento.<\/p>\n<p><strong>INDICATIONS<br \/>\n<\/strong>Antioxidante, energ\u00e9tico, desintoxicante y hepatoprotector. Combustible primario para la contracci\u00f3n muscular. Aporte energ\u00e9tico r\u00e1pido para mejorar el rendimiento atl\u00e9tico del animal. Intoxicaciones, hepatopat\u00edas. Fatiga muscular. Estimula el aparato inmunol\u00f3gico.<\/p>\n<p><strong>ADMINISTRATION AND DOSAGE<br \/>\n<\/strong>Bovinos, equinos y ovinos: 25 a 50 mL di\u00e1rios v\u00eda EV lenta.<\/p>\n<p><strong>PRESENTATION<br \/>\n<\/strong>Frasco ampolla 100 y 250 mL<\/p>","protected":false},"excerpt":{"rendered":"<table width=\"211\">\n<tbody>\n<tr>\n<td width=\"135\"><strong>COMPOSITION<\/strong><\/td>\n<td width=\"76\"><\/td>\n<\/tr>\n<tr>\n<td width=\"135\">Fructosa<\/td>\n<td>50 g<\/td>\n<\/tr>\n<tr>\n<td>Acido Asc\u00f3rbico<\/td>\n<td>6 g<\/td>\n<\/tr>\n<tr>\n<td>Vehicle q.s.<\/td>\n<td>100 mL<\/td>\n<\/tr>\n<\/tbody>\n<\/table>","protected":false},"featured_media":442,"template":"","meta":[],"product_cat":[20,34,35,37,38],"product_tag":[],"class_list":["post-393","product","type-product","status-publish","has-post-thumbnail","hentry","product_cat-veterinaria","product_cat-energeticos","product_cat-equinos","product_cat-suplementos","product_cat-vitaminicos"],"yoast_head":"<!-- This site is optimized with the Yoast SEO plugin v21.2 - https:\/\/yoast.com\/wordpress\/plugins\/seo\/ -->\n<title>FRUCTOSA 50 R - Laboratorio Ripoll<\/title>\n<meta name=\"robots\" content=\"index, follow, max-snippet:-1, max-image-preview:large, max-video-preview:-1\" \/>\n<link rel=\"canonical\" href=\"https:\/\/www.laboratorioripoll.com\/en\/product\/fructosa-50-r\/\" \/>\n<meta property=\"og:locale\" content=\"en_US\" \/>\n<meta property=\"og:type\" content=\"article\" \/>\n<meta property=\"og:title\" content=\"FRUCTOSA 50 R - Laboratorio Ripoll\" \/>\n<meta property=\"og:description\" content=\"COMPOSICI\u00d3N    Fructosa 50 g   Acido Asc\u00f3rbico 6 g   Veh\u00edculo c.s.p. 100 mL\" \/>\n<meta property=\"og:url\" content=\"https:\/\/www.laboratorioripoll.com\/en\/product\/fructosa-50-r\/\" \/>\n<meta property=\"og:site_name\" content=\"Laboratorio Ripoll\" \/>\n<meta property=\"article:modified_time\" content=\"2021-09-08T00:04:39+00:00\" \/>\n<meta property=\"og:image\" content=\"https:\/\/www.laboratorioripoll.com\/wp-content\/uploads\/2021\/08\/Fructosa-50-R-x-100.jpg\" \/>\n\t<meta property=\"og:image:width\" content=\"2100\" \/>\n\t<meta property=\"og:image:height\" content=\"2000\" \/>\n\t<meta property=\"og:image:type\" content=\"image\/jpeg\" \/>\n<meta name=\"twitter:card\" content=\"summary_large_image\" \/>\n<meta name=\"twitter:label1\" content=\"Est. reading time\" \/>\n\t<meta name=\"twitter:data1\" content=\"1 minute\" \/>\n<script type=\"application\/ld+json\" class=\"yoast-schema-graph\">{\"@context\":\"https:\/\/schema.org\",\"@graph\":[{\"@type\":\"WebPage\",\"@id\":\"https:\/\/www.laboratorioripoll.com\/product\/fructosa-50-r\/\",\"url\":\"https:\/\/www.laboratorioripoll.com\/product\/fructosa-50-r\/\",\"name\":\"FRUCTOSA 50 R - Laboratorio Ripoll\",\"isPartOf\":{\"@id\":\"https:\/\/www.laboratorioripoll.com\/#website\"},\"datePublished\":\"2021-08-15T14:49:41+00:00\",\"dateModified\":\"2021-09-08T00:04:39+00:00\",\"breadcrumb\":{\"@id\":\"https:\/\/www.laboratorioripoll.com\/product\/fructosa-50-r\/#breadcrumb\"},\"inLanguage\":\"en-US\",\"potentialAction\":[{\"@type\":\"ReadAction\",\"target\":[\"https:\/\/www.laboratorioripoll.com\/product\/fructosa-50-r\/\"]}]},{\"@type\":\"BreadcrumbList\",\"@id\":\"https:\/\/www.laboratorioripoll.com\/product\/fructosa-50-r\/#breadcrumb\",\"itemListElement\":[{\"@type\":\"ListItem\",\"position\":1,\"name\":\"Inicio\",\"item\":\"https:\/\/www.laboratorioripoll.com\/\"},{\"@type\":\"ListItem\",\"position\":2,\"name\":\"Cat\u00e1logo\",\"item\":\"https:\/\/www.laboratorioripoll.com\/catalogo\/\"},{\"@type\":\"ListItem\",\"position\":3,\"name\":\"Veterinaria\",\"item\":\"https:\/\/www.laboratorioripoll.com\/product-category\/veterinaria\/\"},{\"@type\":\"ListItem\",\"position\":4,\"name\":\"FRUCTOSA 50 R\"}]},{\"@type\":\"WebSite\",\"@id\":\"https:\/\/www.laboratorioripoll.com\/#website\",\"url\":\"https:\/\/www.laboratorioripoll.com\/\",\"name\":\"Laboratorio Ripoll\",\"description\":\"\",\"publisher\":{\"@id\":\"https:\/\/www.laboratorioripoll.com\/#organization\"},\"potentialAction\":[{\"@type\":\"SearchAction\",\"target\":{\"@type\":\"EntryPoint\",\"urlTemplate\":\"https:\/\/www.laboratorioripoll.com\/?s={search_term_string}\"},\"query-input\":\"required name=search_term_string\"}],\"inLanguage\":\"en-US\"},{\"@type\":\"Organization\",\"@id\":\"https:\/\/www.laboratorioripoll.com\/#organization\",\"name\":\"Laboratorio Ripoll\",\"url\":\"https:\/\/www.laboratorioripoll.com\/\",\"logo\":{\"@type\":\"ImageObject\",\"inLanguage\":\"en-US\",\"@id\":\"https:\/\/www.laboratorioripoll.com\/#\/schema\/logo\/image\/\",\"url\":\"https:\/\/www.laboratorioripoll.com\/wp-content\/uploads\/2021\/08\/Ripoll-Logo.svg\",\"contentUrl\":\"https:\/\/www.laboratorioripoll.com\/wp-content\/uploads\/2021\/08\/Ripoll-Logo.svg\",\"width\":1,\"height\":1,\"caption\":\"Laboratorio Ripoll\"},\"image\":{\"@id\":\"https:\/\/www.laboratorioripoll.com\/#\/schema\/logo\/image\/\"}}]}<\/script>\n<!-- \/ Yoast SEO plugin. -->","yoast_head_json":{"title":"FRUCTOSA 50 R - Laboratorio Ripoll","robots":{"index":"index","follow":"follow","max-snippet":"max-snippet:-1","max-image-preview":"max-image-preview:large","max-video-preview":"max-video-preview:-1"},"canonical":"https:\/\/www.laboratorioripoll.com\/en\/product\/fructosa-50-r\/","og_locale":"en_US","og_type":"article","og_title":"FRUCTOSA 50 R - Laboratorio Ripoll","og_description":"COMPOSICI\u00d3N    Fructosa 50 g   Acido Asc\u00f3rbico 6 g   Veh\u00edculo c.s.p. 100 mL","og_url":"https:\/\/www.laboratorioripoll.com\/en\/product\/fructosa-50-r\/","og_site_name":"Laboratorio Ripoll","article_modified_time":"2021-09-08T00:04:39+00:00","og_image":[{"width":2100,"height":2000,"url":"https:\/\/www.laboratorioripoll.com\/wp-content\/uploads\/2021\/08\/Fructosa-50-R-x-100.jpg","type":"image\/jpeg"}],"twitter_card":"summary_large_image","twitter_misc":{"Est. reading time":"1 minute"},"schema":{"@context":"https:\/\/schema.org","@graph":[{"@type":"WebPage","@id":"https:\/\/www.laboratorioripoll.com\/product\/fructosa-50-r\/","url":"https:\/\/www.laboratorioripoll.com\/product\/fructosa-50-r\/","name":"FRUCTOSA 50 R - Laboratorio Ripoll","isPartOf":{"@id":"https:\/\/www.laboratorioripoll.com\/#website"},"datePublished":"2021-08-15T14:49:41+00:00","dateModified":"2021-09-08T00:04:39+00:00","breadcrumb":{"@id":"https:\/\/www.laboratorioripoll.com\/product\/fructosa-50-r\/#breadcrumb"},"inLanguage":"en-US","potentialAction":[{"@type":"ReadAction","target":["https:\/\/www.laboratorioripoll.com\/product\/fructosa-50-r\/"]}]},{"@type":"BreadcrumbList","@id":"https:\/\/www.laboratorioripoll.com\/product\/fructosa-50-r\/#breadcrumb","itemListElement":[{"@type":"ListItem","position":1,"name":"Inicio","item":"https:\/\/www.laboratorioripoll.com\/"},{"@type":"ListItem","position":2,"name":"Cat\u00e1logo","item":"https:\/\/www.laboratorioripoll.com\/catalogo\/"},{"@type":"ListItem","position":3,"name":"Veterinaria","item":"https:\/\/www.laboratorioripoll.com\/product-category\/veterinaria\/"},{"@type":"ListItem","position":4,"name":"FRUCTOSA 50 R"}]},{"@type":"WebSite","@id":"https:\/\/www.laboratorioripoll.com\/#website","url":"https:\/\/www.laboratorioripoll.com\/","name":"Laboratorio Ripoll","description":"","publisher":{"@id":"https:\/\/www.laboratorioripoll.com\/#organization"},"potentialAction":[{"@type":"SearchAction","target":{"@type":"EntryPoint","urlTemplate":"https:\/\/www.laboratorioripoll.com\/?s={search_term_string}"},"query-input":"required name=search_term_string"}],"inLanguage":"en-US"},{"@type":"Organization","@id":"https:\/\/www.laboratorioripoll.com\/#organization","name":"Laboratorio Ripoll","url":"https:\/\/www.laboratorioripoll.com\/","logo":{"@type":"ImageObject","inLanguage":"en-US","@id":"https:\/\/www.laboratorioripoll.com\/#\/schema\/logo\/image\/","url":"https:\/\/www.laboratorioripoll.com\/wp-content\/uploads\/2021\/08\/Ripoll-Logo.svg","contentUrl":"https:\/\/www.laboratorioripoll.com\/wp-content\/uploads\/2021\/08\/Ripoll-Logo.svg","width":1,"height":1,"caption":"Laboratorio Ripoll"},"image":{"@id":"https:\/\/www.laboratorioripoll.com\/#\/schema\/logo\/image\/"}}]}},"_links":{"self":[{"href":"https:\/\/www.laboratorioripoll.com\/en\/wp-json\/wp\/v2\/product\/393","targetHints":{"allow":["GET"]}}],"collection":[{"href":"https:\/\/www.laboratorioripoll.com\/en\/wp-json\/wp\/v2\/product"}],"about":[{"href":"https:\/\/www.laboratorioripoll.com\/en\/wp-json\/wp\/v2\/types\/product"}],"wp:featuredmedia":[{"embeddable":true,"href":"https:\/\/www.laboratorioripoll.com\/en\/wp-json\/wp\/v2\/media\/442"}],"wp:attachment":[{"href":"https:\/\/www.laboratorioripoll.com\/en\/wp-json\/wp\/v2\/media?parent=393"}],"wp:term":[{"taxonomy":"product_cat","embeddable":true,"href":"https:\/\/www.laboratorioripoll.com\/en\/wp-json\/wp\/v2\/product_cat?post=393"},{"taxonomy":"product_tag","embeddable":true,"href":"https:\/\/www.laboratorioripoll.com\/en\/wp-json\/wp\/v2\/product_tag?post=393"}],"curies":[{"name":"wp","href":"https:\/\/api.w.org\/{rel}","templated":true}]}}