{"id":401,"date":"2021-08-15T18:30:24","date_gmt":"2021-08-15T21:30:24","guid":{"rendered":"https:\/\/laboratorioripoll.com\/?post_type=product&#038;p=401"},"modified":"2021-08-17T21:22:23","modified_gmt":"2021-08-18T00:22:23","slug":"hierro-dex","status":"publish","type":"product","link":"https:\/\/www.laboratorioripoll.com\/en\/product\/hierro-dex\/","title":{"rendered":"HIERRO DEX"},"content":{"rendered":"<p><strong>ANTIAN\u00c9MICO<\/strong><\/p>\n<p><strong>PROPERTIES<br \/>\n<\/strong>La vitamina B12 o Cianocobalamina es una vitamina hidrosoluble del complejo B con acci\u00f3n hemopoy\u00e9tica por excelencia. Interviene como coenzima esencial en el metabolismo de los folatos, s\u00edntesis de ADN y prote\u00ednas, replicaci\u00f3n celular, hematopoyesis, metabolismo de las grasas y carbohidratos. El hierro es un elemento necesario para la actividad de las hemoprote\u00ednas (hemoglobina, mioglobina, citocromos, catalasas) y prote\u00ednas de la cadena respiratoria. El hierro se adquiere por la dieta o por suplementos y se pierde por descamaci\u00f3n o hemorragias. Existe un dep\u00f3sito corporal en el hepatocito y en el sistema ret\u00edculoendotelial en forma de ferritina hemosiderina y otro pool circulante bajo forma de transferrina.<br \/>\nExcelente combinaci\u00f3n entre un hierro de reposici\u00f3n r\u00e1pida (hierro dextrano) y la vitamina hematopoy\u00e9tica por excelencia (Cianocobalamina o vitamina B 12) necesaria, adem\u00e1s para la recuperaci\u00f3n de los folatos, la s\u00edntesis de colina y la correcta mielinizaci\u00f3n del Sistema Nervioso Central.<\/p>\n<p><strong>INDICATIONS<br \/>\n<\/strong>Preventivo y curativo de la anemia ferrop\u00e9nica. Estimulante del crecimiento para suinos y bovinos. Reduce la mortandad de las camadas de lechones, mejora el crecimiento y el aumento de peso. Se recomienda administrar en cerdas gestantes para evitar la anemia de los lechones reci\u00e9n nacidos.<br \/>\nEstimula la recuperaci\u00f3n en animales debilitados por enfermedades que\u00a0 cursen con anemia.<\/p>\n<p><strong>ADMINISTRATION AND DOSAGE<br \/>\n<\/strong>Uso en Suinos y Bovinos<br \/>\nDosis preventiva<br \/>\nSuinos: 1 a 2 mL por lech\u00f3n entre los 2 y 6 d\u00edas de nacidos<br \/>\nBovinos: 5 mL por ternero<br \/>\nDosis curativa<br \/>\nSuinos y Bovinos: 2 mL cada 10 kpv<\/p>\n<p><strong>PRESENTATION<br \/>\n<\/strong>Frasco ampolla 50 mL y 100 mL<\/p>","protected":false},"excerpt":{"rendered":"<table width=\"211\">\n<tbody>\n<tr>\n<td width=\"135\"><strong>COMPOSITION<\/strong><\/td>\n<td width=\"76\"><\/td>\n<\/tr>\n<tr>\n<td width=\"135\">Cyanocobalamin<\/td>\n<td>10 mg<\/td>\n<\/tr>\n<tr>\n<td>Complejo hierro dextrano c.s.p.<\/td>\n<td>100 mg<\/td>\n<\/tr>\n<\/tbody>\n<\/table>","protected":false},"featured_media":429,"template":"","meta":[],"product_cat":[20,35,39],"product_tag":[],"class_list":["post-401","product","type-product","status-publish","has-post-thumbnail","hentry","product_cat-veterinaria","product_cat-equinos","product_cat-otros"],"yoast_head":"<!-- This site is optimized with the Yoast SEO plugin v21.2 - https:\/\/yoast.com\/wordpress\/plugins\/seo\/ -->\n<title>HIERRO DEX - Laboratorio Ripoll<\/title>\n<meta name=\"robots\" content=\"index, follow, max-snippet:-1, max-image-preview:large, max-video-preview:-1\" \/>\n<link rel=\"canonical\" href=\"https:\/\/www.laboratorioripoll.com\/en\/product\/hierro-dex\/\" \/>\n<meta property=\"og:locale\" content=\"en_US\" \/>\n<meta property=\"og:type\" content=\"article\" \/>\n<meta property=\"og:title\" content=\"HIERRO DEX - Laboratorio Ripoll\" \/>\n<meta property=\"og:description\" content=\"COMPOSICI\u00d3N    Cianocobalamina 10 mg   Complejo hierro dextrano c.s.p. 100 mg\" \/>\n<meta property=\"og:url\" content=\"https:\/\/www.laboratorioripoll.com\/en\/product\/hierro-dex\/\" \/>\n<meta property=\"og:site_name\" content=\"Laboratorio Ripoll\" \/>\n<meta property=\"article:modified_time\" content=\"2021-08-18T00:22:23+00:00\" \/>\n<meta property=\"og:image\" content=\"https:\/\/www.laboratorioripoll.com\/wp-content\/uploads\/2021\/08\/Hierro-dex.jpg\" \/>\n\t<meta property=\"og:image:width\" content=\"2100\" \/>\n\t<meta property=\"og:image:height\" content=\"2000\" \/>\n\t<meta property=\"og:image:type\" content=\"image\/jpeg\" \/>\n<meta name=\"twitter:card\" content=\"summary_large_image\" \/>\n<meta name=\"twitter:label1\" content=\"Est. reading time\" \/>\n\t<meta name=\"twitter:data1\" content=\"1 minute\" \/>\n<script type=\"application\/ld+json\" class=\"yoast-schema-graph\">{\"@context\":\"https:\/\/schema.org\",\"@graph\":[{\"@type\":\"WebPage\",\"@id\":\"https:\/\/www.laboratorioripoll.com\/product\/hierro-dex\/\",\"url\":\"https:\/\/www.laboratorioripoll.com\/product\/hierro-dex\/\",\"name\":\"HIERRO DEX - Laboratorio Ripoll\",\"isPartOf\":{\"@id\":\"https:\/\/www.laboratorioripoll.com\/#website\"},\"datePublished\":\"2021-08-15T21:30:24+00:00\",\"dateModified\":\"2021-08-18T00:22:23+00:00\",\"breadcrumb\":{\"@id\":\"https:\/\/www.laboratorioripoll.com\/product\/hierro-dex\/#breadcrumb\"},\"inLanguage\":\"en-US\",\"potentialAction\":[{\"@type\":\"ReadAction\",\"target\":[\"https:\/\/www.laboratorioripoll.com\/product\/hierro-dex\/\"]}]},{\"@type\":\"BreadcrumbList\",\"@id\":\"https:\/\/www.laboratorioripoll.com\/product\/hierro-dex\/#breadcrumb\",\"itemListElement\":[{\"@type\":\"ListItem\",\"position\":1,\"name\":\"Inicio\",\"item\":\"https:\/\/www.laboratorioripoll.com\/\"},{\"@type\":\"ListItem\",\"position\":2,\"name\":\"Cat\u00e1logo\",\"item\":\"https:\/\/www.laboratorioripoll.com\/catalogo\/\"},{\"@type\":\"ListItem\",\"position\":3,\"name\":\"Veterinaria\",\"item\":\"https:\/\/www.laboratorioripoll.com\/product-category\/veterinaria\/\"},{\"@type\":\"ListItem\",\"position\":4,\"name\":\"Equinos\",\"item\":\"https:\/\/www.laboratorioripoll.com\/product-category\/veterinaria\/equinos\/\"},{\"@type\":\"ListItem\",\"position\":5,\"name\":\"HIERRO DEX\"}]},{\"@type\":\"WebSite\",\"@id\":\"https:\/\/www.laboratorioripoll.com\/#website\",\"url\":\"https:\/\/www.laboratorioripoll.com\/\",\"name\":\"Laboratorio Ripoll\",\"description\":\"\",\"publisher\":{\"@id\":\"https:\/\/www.laboratorioripoll.com\/#organization\"},\"potentialAction\":[{\"@type\":\"SearchAction\",\"target\":{\"@type\":\"EntryPoint\",\"urlTemplate\":\"https:\/\/www.laboratorioripoll.com\/?s={search_term_string}\"},\"query-input\":\"required name=search_term_string\"}],\"inLanguage\":\"en-US\"},{\"@type\":\"Organization\",\"@id\":\"https:\/\/www.laboratorioripoll.com\/#organization\",\"name\":\"Laboratorio Ripoll\",\"url\":\"https:\/\/www.laboratorioripoll.com\/\",\"logo\":{\"@type\":\"ImageObject\",\"inLanguage\":\"en-US\",\"@id\":\"https:\/\/www.laboratorioripoll.com\/#\/schema\/logo\/image\/\",\"url\":\"https:\/\/www.laboratorioripoll.com\/wp-content\/uploads\/2021\/08\/Ripoll-Logo.svg\",\"contentUrl\":\"https:\/\/www.laboratorioripoll.com\/wp-content\/uploads\/2021\/08\/Ripoll-Logo.svg\",\"width\":1,\"height\":1,\"caption\":\"Laboratorio Ripoll\"},\"image\":{\"@id\":\"https:\/\/www.laboratorioripoll.com\/#\/schema\/logo\/image\/\"}}]}<\/script>\n<!-- \/ Yoast SEO plugin. -->","yoast_head_json":{"title":"HIERRO DEX - Laboratorio Ripoll","robots":{"index":"index","follow":"follow","max-snippet":"max-snippet:-1","max-image-preview":"max-image-preview:large","max-video-preview":"max-video-preview:-1"},"canonical":"https:\/\/www.laboratorioripoll.com\/en\/product\/hierro-dex\/","og_locale":"en_US","og_type":"article","og_title":"HIERRO DEX - Laboratorio Ripoll","og_description":"COMPOSICI\u00d3N    Cianocobalamina 10 mg   Complejo hierro dextrano c.s.p. 100 mg","og_url":"https:\/\/www.laboratorioripoll.com\/en\/product\/hierro-dex\/","og_site_name":"Laboratorio Ripoll","article_modified_time":"2021-08-18T00:22:23+00:00","og_image":[{"width":2100,"height":2000,"url":"https:\/\/www.laboratorioripoll.com\/wp-content\/uploads\/2021\/08\/Hierro-dex.jpg","type":"image\/jpeg"}],"twitter_card":"summary_large_image","twitter_misc":{"Est. reading time":"1 minute"},"schema":{"@context":"https:\/\/schema.org","@graph":[{"@type":"WebPage","@id":"https:\/\/www.laboratorioripoll.com\/product\/hierro-dex\/","url":"https:\/\/www.laboratorioripoll.com\/product\/hierro-dex\/","name":"HIERRO DEX - Laboratorio Ripoll","isPartOf":{"@id":"https:\/\/www.laboratorioripoll.com\/#website"},"datePublished":"2021-08-15T21:30:24+00:00","dateModified":"2021-08-18T00:22:23+00:00","breadcrumb":{"@id":"https:\/\/www.laboratorioripoll.com\/product\/hierro-dex\/#breadcrumb"},"inLanguage":"en-US","potentialAction":[{"@type":"ReadAction","target":["https:\/\/www.laboratorioripoll.com\/product\/hierro-dex\/"]}]},{"@type":"BreadcrumbList","@id":"https:\/\/www.laboratorioripoll.com\/product\/hierro-dex\/#breadcrumb","itemListElement":[{"@type":"ListItem","position":1,"name":"Inicio","item":"https:\/\/www.laboratorioripoll.com\/"},{"@type":"ListItem","position":2,"name":"Cat\u00e1logo","item":"https:\/\/www.laboratorioripoll.com\/catalogo\/"},{"@type":"ListItem","position":3,"name":"Veterinaria","item":"https:\/\/www.laboratorioripoll.com\/product-category\/veterinaria\/"},{"@type":"ListItem","position":4,"name":"Equinos","item":"https:\/\/www.laboratorioripoll.com\/product-category\/veterinaria\/equinos\/"},{"@type":"ListItem","position":5,"name":"HIERRO DEX"}]},{"@type":"WebSite","@id":"https:\/\/www.laboratorioripoll.com\/#website","url":"https:\/\/www.laboratorioripoll.com\/","name":"Laboratorio Ripoll","description":"","publisher":{"@id":"https:\/\/www.laboratorioripoll.com\/#organization"},"potentialAction":[{"@type":"SearchAction","target":{"@type":"EntryPoint","urlTemplate":"https:\/\/www.laboratorioripoll.com\/?s={search_term_string}"},"query-input":"required name=search_term_string"}],"inLanguage":"en-US"},{"@type":"Organization","@id":"https:\/\/www.laboratorioripoll.com\/#organization","name":"Laboratorio Ripoll","url":"https:\/\/www.laboratorioripoll.com\/","logo":{"@type":"ImageObject","inLanguage":"en-US","@id":"https:\/\/www.laboratorioripoll.com\/#\/schema\/logo\/image\/","url":"https:\/\/www.laboratorioripoll.com\/wp-content\/uploads\/2021\/08\/Ripoll-Logo.svg","contentUrl":"https:\/\/www.laboratorioripoll.com\/wp-content\/uploads\/2021\/08\/Ripoll-Logo.svg","width":1,"height":1,"caption":"Laboratorio Ripoll"},"image":{"@id":"https:\/\/www.laboratorioripoll.com\/#\/schema\/logo\/image\/"}}]}},"_links":{"self":[{"href":"https:\/\/www.laboratorioripoll.com\/en\/wp-json\/wp\/v2\/product\/401","targetHints":{"allow":["GET"]}}],"collection":[{"href":"https:\/\/www.laboratorioripoll.com\/en\/wp-json\/wp\/v2\/product"}],"about":[{"href":"https:\/\/www.laboratorioripoll.com\/en\/wp-json\/wp\/v2\/types\/product"}],"wp:featuredmedia":[{"embeddable":true,"href":"https:\/\/www.laboratorioripoll.com\/en\/wp-json\/wp\/v2\/media\/429"}],"wp:attachment":[{"href":"https:\/\/www.laboratorioripoll.com\/en\/wp-json\/wp\/v2\/media?parent=401"}],"wp:term":[{"taxonomy":"product_cat","embeddable":true,"href":"https:\/\/www.laboratorioripoll.com\/en\/wp-json\/wp\/v2\/product_cat?post=401"},{"taxonomy":"product_tag","embeddable":true,"href":"https:\/\/www.laboratorioripoll.com\/en\/wp-json\/wp\/v2\/product_tag?post=401"}],"curies":[{"name":"wp","href":"https:\/\/api.w.org\/{rel}","templated":true}]}}