{"id":409,"date":"2021-08-15T19:00:25","date_gmt":"2021-08-15T22:00:25","guid":{"rendered":"https:\/\/laboratorioripoll.com\/?post_type=product&#038;p=409"},"modified":"2021-08-17T21:24:42","modified_gmt":"2021-08-18T00:24:42","slug":"neurolitico-r","status":"publish","type":"product","link":"https:\/\/www.laboratorioripoll.com\/en\/product\/neurolitico-r\/","title":{"rendered":"NEUROL\u00cdTICO R"},"content":{"rendered":"<p><strong>NEUROL\u00cdTICO INYECTABLE PARA EQUINOS<\/strong><\/p>\n<p><strong>PROPERTIES<br \/>\n<\/strong><strong>neurol\u00edtico R<\/strong> es una soluci\u00f3n de sulfato de Amonio al 1,5%.<br \/>\nEs un bloqueante nervioso reversible. Una vez inyectado el ion amonio es el responsable de la r\u00e1pida inhibici\u00f3n temporal de la conducci\u00f3n nerviosa con el consiguiente bloqueo. Act\u00faa por competencia i\u00f3nica, produciendo un bloqueo en la trasmisi\u00f3n, inversamente proporcional al di\u00e1metro de la fibra nerviosa tratada. En consecuencia debe variarse la dosis a utilizar.<\/p>\n<p><strong>INDICATIONS<br \/>\n<\/strong>Bloqueante funcional reversible de la conducci\u00f3n nerviosa del dolor de las fibras nerviosas C, responsables de la conducci\u00f3n de los impulsos dolorosos. Est\u00e1 destinado a equinos en todas aquellas situaciones en que aparezca dolor de cualquier origen que limite la movilidad del animal. Miositis, patolog\u00eda m\u00fasculo esquel\u00e9tica en general, bursitis, sinovitis, periostitis, enfermedad articular degenerativa, desgarros musculares, atrofias de origen neurovascular, sobrehuesos, sobreca\u00f1as.<br \/>\nLa aplicaci\u00f3n de\u00a0<strong>neurol\u00edtico R<\/strong>\u00a0puede ser efectuada tantas veces como sea necesario ni bien desaparezcan los efectos de la aplicaci\u00f3n anterior, ya que las soluciones de sulfato de amonio no producen fibrosis ni otras alteraciones.<\/p>\n<p><strong>ADMINISTRATION AND DOSAGE<br \/>\n<\/strong>Inyectable v\u00eda IM, SC, intrasinovial o intrabursal.<br \/>\nLa dosis depende del nervio que se quiera bloquear.<br \/>\nDosis gu\u00eda:<br \/>\nNervios digitales 2 a 4 mL<br \/>\nNervios palmares 3 a 5 mL<br \/>\nNervios peroneos y tibiales 5 a 10 mL<br \/>\nBolsa podotroclear 3 a 8 mL<br \/>\nPeriostitis metacarpeana dorsal o intermetacarpeana 5 a 10 mL<br \/>\nEn infiltraciones intramusculares \u00a05 a 10 mL por punto a tratar pudiendo aplicarse los 50 mL del frasco o m\u00e1s, en grupa o paleta<\/p>\n<p><strong>PRESENTATION<br \/>\n<\/strong>Frasco ampolla 50 mL<\/p>","protected":false},"excerpt":{"rendered":"<table width=\"211\">\n<tbody>\n<tr>\n<td width=\"135\"><strong>COMPOSITION<\/strong><\/td>\n<td width=\"76\"><\/td>\n<\/tr>\n<tr>\n<td width=\"135\">Sulfato de amonio<\/td>\n<td>1500 mg<\/td>\n<\/tr>\n<tr>\n<td>Vehicle q.s.<\/td>\n<td>100 mL<\/td>\n<\/tr>\n<\/tbody>\n<\/table>","protected":false},"featured_media":432,"template":"","meta":[],"product_cat":[20,32,35],"product_tag":[],"class_list":["post-409","product","type-product","status-publish","has-post-thumbnail","hentry","product_cat-veterinaria","product_cat-analgesicos-antiinflamatorios","product_cat-equinos"],"yoast_head":"<!-- This site is optimized with the Yoast SEO plugin v21.2 - https:\/\/yoast.com\/wordpress\/plugins\/seo\/ -->\n<title>NEUROL\u00cdTICO R - Laboratorio Ripoll<\/title>\n<meta name=\"robots\" content=\"index, follow, max-snippet:-1, max-image-preview:large, max-video-preview:-1\" \/>\n<link rel=\"canonical\" href=\"https:\/\/www.laboratorioripoll.com\/en\/product\/neurolitico-r\/\" \/>\n<meta property=\"og:locale\" content=\"en_US\" \/>\n<meta property=\"og:type\" content=\"article\" \/>\n<meta property=\"og:title\" content=\"NEUROL\u00cdTICO R - Laboratorio Ripoll\" \/>\n<meta property=\"og:description\" content=\"COMPOSICI\u00d3N    Sulfato de amonio 1500 mg   Veh\u00edculo c.s.p. 100 mL\" \/>\n<meta property=\"og:url\" content=\"https:\/\/www.laboratorioripoll.com\/en\/product\/neurolitico-r\/\" \/>\n<meta property=\"og:site_name\" content=\"Laboratorio Ripoll\" \/>\n<meta property=\"article:modified_time\" content=\"2021-08-18T00:24:42+00:00\" \/>\n<meta property=\"og:image\" content=\"https:\/\/www.laboratorioripoll.com\/wp-content\/uploads\/2021\/08\/Neurolitico-R.jpg\" \/>\n\t<meta property=\"og:image:width\" content=\"2100\" \/>\n\t<meta property=\"og:image:height\" content=\"2000\" \/>\n\t<meta property=\"og:image:type\" content=\"image\/jpeg\" \/>\n<meta name=\"twitter:card\" content=\"summary_large_image\" \/>\n<meta name=\"twitter:label1\" content=\"Est. reading time\" \/>\n\t<meta name=\"twitter:data1\" content=\"1 minute\" \/>\n<script type=\"application\/ld+json\" class=\"yoast-schema-graph\">{\"@context\":\"https:\/\/schema.org\",\"@graph\":[{\"@type\":\"WebPage\",\"@id\":\"https:\/\/www.laboratorioripoll.com\/product\/neurolitico-r\/\",\"url\":\"https:\/\/www.laboratorioripoll.com\/product\/neurolitico-r\/\",\"name\":\"NEUROL\u00cdTICO R - Laboratorio Ripoll\",\"isPartOf\":{\"@id\":\"https:\/\/www.laboratorioripoll.com\/#website\"},\"datePublished\":\"2021-08-15T22:00:25+00:00\",\"dateModified\":\"2021-08-18T00:24:42+00:00\",\"breadcrumb\":{\"@id\":\"https:\/\/www.laboratorioripoll.com\/product\/neurolitico-r\/#breadcrumb\"},\"inLanguage\":\"en-US\",\"potentialAction\":[{\"@type\":\"ReadAction\",\"target\":[\"https:\/\/www.laboratorioripoll.com\/product\/neurolitico-r\/\"]}]},{\"@type\":\"BreadcrumbList\",\"@id\":\"https:\/\/www.laboratorioripoll.com\/product\/neurolitico-r\/#breadcrumb\",\"itemListElement\":[{\"@type\":\"ListItem\",\"position\":1,\"name\":\"Inicio\",\"item\":\"https:\/\/www.laboratorioripoll.com\/\"},{\"@type\":\"ListItem\",\"position\":2,\"name\":\"Cat\u00e1logo\",\"item\":\"https:\/\/www.laboratorioripoll.com\/catalogo\/\"},{\"@type\":\"ListItem\",\"position\":3,\"name\":\"Veterinaria\",\"item\":\"https:\/\/www.laboratorioripoll.com\/product-category\/veterinaria\/\"},{\"@type\":\"ListItem\",\"position\":4,\"name\":\"Analg\u00e9sicos-Antiinflamatorios\",\"item\":\"https:\/\/www.laboratorioripoll.com\/product-category\/veterinaria\/analgesicos-antiinflamatorios\/\"},{\"@type\":\"ListItem\",\"position\":5,\"name\":\"NEUROL\u00cdTICO R\"}]},{\"@type\":\"WebSite\",\"@id\":\"https:\/\/www.laboratorioripoll.com\/#website\",\"url\":\"https:\/\/www.laboratorioripoll.com\/\",\"name\":\"Laboratorio Ripoll\",\"description\":\"\",\"publisher\":{\"@id\":\"https:\/\/www.laboratorioripoll.com\/#organization\"},\"potentialAction\":[{\"@type\":\"SearchAction\",\"target\":{\"@type\":\"EntryPoint\",\"urlTemplate\":\"https:\/\/www.laboratorioripoll.com\/?s={search_term_string}\"},\"query-input\":\"required name=search_term_string\"}],\"inLanguage\":\"en-US\"},{\"@type\":\"Organization\",\"@id\":\"https:\/\/www.laboratorioripoll.com\/#organization\",\"name\":\"Laboratorio Ripoll\",\"url\":\"https:\/\/www.laboratorioripoll.com\/\",\"logo\":{\"@type\":\"ImageObject\",\"inLanguage\":\"en-US\",\"@id\":\"https:\/\/www.laboratorioripoll.com\/#\/schema\/logo\/image\/\",\"url\":\"https:\/\/www.laboratorioripoll.com\/wp-content\/uploads\/2021\/08\/Ripoll-Logo.svg\",\"contentUrl\":\"https:\/\/www.laboratorioripoll.com\/wp-content\/uploads\/2021\/08\/Ripoll-Logo.svg\",\"width\":1,\"height\":1,\"caption\":\"Laboratorio Ripoll\"},\"image\":{\"@id\":\"https:\/\/www.laboratorioripoll.com\/#\/schema\/logo\/image\/\"}}]}<\/script>\n<!-- \/ Yoast SEO plugin. -->","yoast_head_json":{"title":"NEUROL\u00cdTICO R - Laboratorio Ripoll","robots":{"index":"index","follow":"follow","max-snippet":"max-snippet:-1","max-image-preview":"max-image-preview:large","max-video-preview":"max-video-preview:-1"},"canonical":"https:\/\/www.laboratorioripoll.com\/en\/product\/neurolitico-r\/","og_locale":"en_US","og_type":"article","og_title":"NEUROL\u00cdTICO R - Laboratorio Ripoll","og_description":"COMPOSICI\u00d3N    Sulfato de amonio 1500 mg   Veh\u00edculo c.s.p. 100 mL","og_url":"https:\/\/www.laboratorioripoll.com\/en\/product\/neurolitico-r\/","og_site_name":"Laboratorio Ripoll","article_modified_time":"2021-08-18T00:24:42+00:00","og_image":[{"width":2100,"height":2000,"url":"https:\/\/www.laboratorioripoll.com\/wp-content\/uploads\/2021\/08\/Neurolitico-R.jpg","type":"image\/jpeg"}],"twitter_card":"summary_large_image","twitter_misc":{"Est. reading time":"1 minute"},"schema":{"@context":"https:\/\/schema.org","@graph":[{"@type":"WebPage","@id":"https:\/\/www.laboratorioripoll.com\/product\/neurolitico-r\/","url":"https:\/\/www.laboratorioripoll.com\/product\/neurolitico-r\/","name":"NEUROL\u00cdTICO R - Laboratorio Ripoll","isPartOf":{"@id":"https:\/\/www.laboratorioripoll.com\/#website"},"datePublished":"2021-08-15T22:00:25+00:00","dateModified":"2021-08-18T00:24:42+00:00","breadcrumb":{"@id":"https:\/\/www.laboratorioripoll.com\/product\/neurolitico-r\/#breadcrumb"},"inLanguage":"en-US","potentialAction":[{"@type":"ReadAction","target":["https:\/\/www.laboratorioripoll.com\/product\/neurolitico-r\/"]}]},{"@type":"BreadcrumbList","@id":"https:\/\/www.laboratorioripoll.com\/product\/neurolitico-r\/#breadcrumb","itemListElement":[{"@type":"ListItem","position":1,"name":"Inicio","item":"https:\/\/www.laboratorioripoll.com\/"},{"@type":"ListItem","position":2,"name":"Cat\u00e1logo","item":"https:\/\/www.laboratorioripoll.com\/catalogo\/"},{"@type":"ListItem","position":3,"name":"Veterinaria","item":"https:\/\/www.laboratorioripoll.com\/product-category\/veterinaria\/"},{"@type":"ListItem","position":4,"name":"Analg\u00e9sicos-Antiinflamatorios","item":"https:\/\/www.laboratorioripoll.com\/product-category\/veterinaria\/analgesicos-antiinflamatorios\/"},{"@type":"ListItem","position":5,"name":"NEUROL\u00cdTICO R"}]},{"@type":"WebSite","@id":"https:\/\/www.laboratorioripoll.com\/#website","url":"https:\/\/www.laboratorioripoll.com\/","name":"Laboratorio Ripoll","description":"","publisher":{"@id":"https:\/\/www.laboratorioripoll.com\/#organization"},"potentialAction":[{"@type":"SearchAction","target":{"@type":"EntryPoint","urlTemplate":"https:\/\/www.laboratorioripoll.com\/?s={search_term_string}"},"query-input":"required name=search_term_string"}],"inLanguage":"en-US"},{"@type":"Organization","@id":"https:\/\/www.laboratorioripoll.com\/#organization","name":"Laboratorio Ripoll","url":"https:\/\/www.laboratorioripoll.com\/","logo":{"@type":"ImageObject","inLanguage":"en-US","@id":"https:\/\/www.laboratorioripoll.com\/#\/schema\/logo\/image\/","url":"https:\/\/www.laboratorioripoll.com\/wp-content\/uploads\/2021\/08\/Ripoll-Logo.svg","contentUrl":"https:\/\/www.laboratorioripoll.com\/wp-content\/uploads\/2021\/08\/Ripoll-Logo.svg","width":1,"height":1,"caption":"Laboratorio Ripoll"},"image":{"@id":"https:\/\/www.laboratorioripoll.com\/#\/schema\/logo\/image\/"}}]}},"_links":{"self":[{"href":"https:\/\/www.laboratorioripoll.com\/en\/wp-json\/wp\/v2\/product\/409","targetHints":{"allow":["GET"]}}],"collection":[{"href":"https:\/\/www.laboratorioripoll.com\/en\/wp-json\/wp\/v2\/product"}],"about":[{"href":"https:\/\/www.laboratorioripoll.com\/en\/wp-json\/wp\/v2\/types\/product"}],"wp:featuredmedia":[{"embeddable":true,"href":"https:\/\/www.laboratorioripoll.com\/en\/wp-json\/wp\/v2\/media\/432"}],"wp:attachment":[{"href":"https:\/\/www.laboratorioripoll.com\/en\/wp-json\/wp\/v2\/media?parent=409"}],"wp:term":[{"taxonomy":"product_cat","embeddable":true,"href":"https:\/\/www.laboratorioripoll.com\/en\/wp-json\/wp\/v2\/product_cat?post=409"},{"taxonomy":"product_tag","embeddable":true,"href":"https:\/\/www.laboratorioripoll.com\/en\/wp-json\/wp\/v2\/product_tag?post=409"}],"curies":[{"name":"wp","href":"https:\/\/api.w.org\/{rel}","templated":true}]}}