{"id":410,"date":"2021-08-15T19:03:21","date_gmt":"2021-08-15T22:03:21","guid":{"rendered":"https:\/\/laboratorioripoll.com\/?post_type=product&#038;p=410"},"modified":"2021-08-17T21:23:26","modified_gmt":"2021-08-18T00:23:26","slug":"testosteroll-100","status":"publish","type":"product","link":"https:\/\/www.laboratorioripoll.com\/en\/product\/testosteroll-100\/","title":{"rendered":"TESTOSTEROLL 100"},"content":{"rendered":"<p><strong>PROPERTIES<br \/>\n<\/strong>La Testosterona es una hormona estoroidea producida por los mam\u00edferos y otros vertebrados. Es la principal hormona sexual masculina responsable del crecimiento y desarrollo del aparato sexual masculino y de los caracteres sexuales secundarios. Estimula la s\u00edntesis proteica, la l\u00edbido, la eritropoyesis y tiene marcado efecto preventivo con respecto a la osteoporosis.<br \/>\nEn el macho es necesaria para el desarrollo normal del espermatozoide.<br \/>\nRegula por mecanismo de feed-back la prespuesta del eje hipot\u00e1lamo-hipofisario y mantiene el trofismo muscular.<br \/>\nTiene efectos beneficiosos sobre la salud cardiovascular del animal disminuyendo el colesterol total, regulando la glicemia e incrementando la masa \u00abmagra\u00bb.<br \/>\nLa mayor parte de la testosterona es producida por los test\u00edculos aunque una peque\u00f1a proporci\u00f3n de la misma se genera en otros tejidos como ser la corteza suprarrenal en ambos sexos.<br \/>\nEl ciclopentilproponiato de Testosterona es particularmente activo por v\u00eda parenteral.\u00a0<strong>testosteroll 100<\/strong>\u00a0presenta la testosterona esterificada (bajo ciclopentilpropionato) la cual aumenta su liposolubilidad y prolonga su acci\u00f3n en el organismo, durante 2 o 3 semanas.<\/p>\n<p><strong>INDICATIONS<br \/>\n<\/strong>Terapia de sustituci\u00f3n en el hipogonadismo primario o secundario del macho. Est\u00edmulo y mantenimiento de los caracteres sexuales secundarios. Criptorquidia. Castraci\u00f3n.<br \/>\nFavorece la erecci\u00f3n y eyaculaci\u00f2n en caballo, toros, carneros, cerdos y perros.\u00a0Preparaci\u00f2n de capones para la determinaci\u00f3n del celo para realizar la inseminaci\u00f3n artificial.\u00a0Tratamiento y prevenci\u00f3n de la osteoporosis.<\/p>\n<p><strong>PRECAUCIONES<br \/>\n<\/strong>No se recomienda su uso en animales en lactaci\u00f3n.<br \/>\nEn tratamientos prolongados se recomienda consultar al veterinario tratante a los efectos de establecer per\u00edodos de descanso.<br \/>\nTiempo de espera para faena: 12 d\u00edas<br \/>\nConservar a temperatura ambiente, entre 15\u00ba y 30\u00ba C<\/p>\n<p><strong>ADMINISTRATION AND DOSAGE<br \/>\n<\/strong>Inyectable v\u00eda intramuscular<br \/>\nEquinos y bovinos: de 10 a 20 mL por animal<br \/>\nPotrillos, ovinos y suinos: de 1 a 2 mL cada 100 kpv<br \/>\nCaninos: 1 a 2 mL por animal<br \/>\nCapones: 1 mL por semana durante 4 semanas o 2 mL en la primera semana y 1 mL en las semanas siguientes<\/p>\n<p><strong>PRESENTATION<br \/>\n<\/strong>Frasco ampolla multidosis de 20 mL<\/p>","protected":false},"excerpt":{"rendered":"<table width=\"211\">\n<tbody>\n<tr>\n<td width=\"135\"><strong>COMPOSITION<\/strong><\/td>\n<td width=\"76\"><\/td>\n<\/tr>\n<tr>\n<td width=\"135\">Testosterona ciclopentilpropionato<\/td>\n<td>10 g<\/td>\n<\/tr>\n<tr>\n<td>Vehicle q.s.<\/td>\n<td>100 mL<\/td>\n<\/tr>\n<\/tbody>\n<\/table>","protected":false},"featured_media":430,"template":"","meta":[],"product_cat":[20,35,39],"product_tag":[],"class_list":["post-410","product","type-product","status-publish","has-post-thumbnail","hentry","product_cat-veterinaria","product_cat-equinos","product_cat-otros"],"yoast_head":"<!-- This site is optimized with the Yoast SEO plugin v21.2 - https:\/\/yoast.com\/wordpress\/plugins\/seo\/ -->\n<title>TESTOSTEROLL 100 - Laboratorio Ripoll<\/title>\n<meta name=\"robots\" content=\"index, follow, max-snippet:-1, max-image-preview:large, max-video-preview:-1\" \/>\n<link rel=\"canonical\" href=\"https:\/\/www.laboratorioripoll.com\/en\/product\/testosteroll-100\/\" \/>\n<meta property=\"og:locale\" content=\"en_US\" \/>\n<meta property=\"og:type\" content=\"article\" \/>\n<meta property=\"og:title\" content=\"TESTOSTEROLL 100 - Laboratorio Ripoll\" \/>\n<meta property=\"og:description\" content=\"COMPOSICI\u00d3N    Testosterona ciclopentilpropionato 10 g   Veh\u00edculo c.s.p. 100 mL\" \/>\n<meta property=\"og:url\" content=\"https:\/\/www.laboratorioripoll.com\/en\/product\/testosteroll-100\/\" \/>\n<meta property=\"og:site_name\" content=\"Laboratorio Ripoll\" \/>\n<meta property=\"article:modified_time\" content=\"2021-08-18T00:23:26+00:00\" \/>\n<meta property=\"og:image\" content=\"https:\/\/www.laboratorioripoll.com\/wp-content\/uploads\/2021\/08\/Testosteroll-100.jpg\" \/>\n\t<meta property=\"og:image:width\" content=\"2100\" \/>\n\t<meta property=\"og:image:height\" content=\"2000\" \/>\n\t<meta property=\"og:image:type\" content=\"image\/jpeg\" \/>\n<meta name=\"twitter:card\" content=\"summary_large_image\" \/>\n<meta name=\"twitter:label1\" content=\"Est. reading time\" \/>\n\t<meta name=\"twitter:data1\" content=\"2 minutes\" \/>\n<script type=\"application\/ld+json\" class=\"yoast-schema-graph\">{\"@context\":\"https:\/\/schema.org\",\"@graph\":[{\"@type\":\"WebPage\",\"@id\":\"https:\/\/www.laboratorioripoll.com\/product\/testosteroll-100\/\",\"url\":\"https:\/\/www.laboratorioripoll.com\/product\/testosteroll-100\/\",\"name\":\"TESTOSTEROLL 100 - Laboratorio Ripoll\",\"isPartOf\":{\"@id\":\"https:\/\/www.laboratorioripoll.com\/#website\"},\"datePublished\":\"2021-08-15T22:03:21+00:00\",\"dateModified\":\"2021-08-18T00:23:26+00:00\",\"breadcrumb\":{\"@id\":\"https:\/\/www.laboratorioripoll.com\/product\/testosteroll-100\/#breadcrumb\"},\"inLanguage\":\"en-US\",\"potentialAction\":[{\"@type\":\"ReadAction\",\"target\":[\"https:\/\/www.laboratorioripoll.com\/product\/testosteroll-100\/\"]}]},{\"@type\":\"BreadcrumbList\",\"@id\":\"https:\/\/www.laboratorioripoll.com\/product\/testosteroll-100\/#breadcrumb\",\"itemListElement\":[{\"@type\":\"ListItem\",\"position\":1,\"name\":\"Inicio\",\"item\":\"https:\/\/www.laboratorioripoll.com\/\"},{\"@type\":\"ListItem\",\"position\":2,\"name\":\"Cat\u00e1logo\",\"item\":\"https:\/\/www.laboratorioripoll.com\/catalogo\/\"},{\"@type\":\"ListItem\",\"position\":3,\"name\":\"Veterinaria\",\"item\":\"https:\/\/www.laboratorioripoll.com\/product-category\/veterinaria\/\"},{\"@type\":\"ListItem\",\"position\":4,\"name\":\"Equinos\",\"item\":\"https:\/\/www.laboratorioripoll.com\/product-category\/veterinaria\/equinos\/\"},{\"@type\":\"ListItem\",\"position\":5,\"name\":\"TESTOSTEROLL 100\"}]},{\"@type\":\"WebSite\",\"@id\":\"https:\/\/www.laboratorioripoll.com\/#website\",\"url\":\"https:\/\/www.laboratorioripoll.com\/\",\"name\":\"Laboratorio Ripoll\",\"description\":\"\",\"publisher\":{\"@id\":\"https:\/\/www.laboratorioripoll.com\/#organization\"},\"potentialAction\":[{\"@type\":\"SearchAction\",\"target\":{\"@type\":\"EntryPoint\",\"urlTemplate\":\"https:\/\/www.laboratorioripoll.com\/?s={search_term_string}\"},\"query-input\":\"required name=search_term_string\"}],\"inLanguage\":\"en-US\"},{\"@type\":\"Organization\",\"@id\":\"https:\/\/www.laboratorioripoll.com\/#organization\",\"name\":\"Laboratorio Ripoll\",\"url\":\"https:\/\/www.laboratorioripoll.com\/\",\"logo\":{\"@type\":\"ImageObject\",\"inLanguage\":\"en-US\",\"@id\":\"https:\/\/www.laboratorioripoll.com\/#\/schema\/logo\/image\/\",\"url\":\"https:\/\/www.laboratorioripoll.com\/wp-content\/uploads\/2021\/08\/Ripoll-Logo.svg\",\"contentUrl\":\"https:\/\/www.laboratorioripoll.com\/wp-content\/uploads\/2021\/08\/Ripoll-Logo.svg\",\"width\":1,\"height\":1,\"caption\":\"Laboratorio Ripoll\"},\"image\":{\"@id\":\"https:\/\/www.laboratorioripoll.com\/#\/schema\/logo\/image\/\"}}]}<\/script>\n<!-- \/ Yoast SEO plugin. -->","yoast_head_json":{"title":"TESTOSTEROLL 100 - Laboratorio Ripoll","robots":{"index":"index","follow":"follow","max-snippet":"max-snippet:-1","max-image-preview":"max-image-preview:large","max-video-preview":"max-video-preview:-1"},"canonical":"https:\/\/www.laboratorioripoll.com\/en\/product\/testosteroll-100\/","og_locale":"en_US","og_type":"article","og_title":"TESTOSTEROLL 100 - Laboratorio Ripoll","og_description":"COMPOSICI\u00d3N    Testosterona ciclopentilpropionato 10 g   Veh\u00edculo c.s.p. 100 mL","og_url":"https:\/\/www.laboratorioripoll.com\/en\/product\/testosteroll-100\/","og_site_name":"Laboratorio Ripoll","article_modified_time":"2021-08-18T00:23:26+00:00","og_image":[{"width":2100,"height":2000,"url":"https:\/\/www.laboratorioripoll.com\/wp-content\/uploads\/2021\/08\/Testosteroll-100.jpg","type":"image\/jpeg"}],"twitter_card":"summary_large_image","twitter_misc":{"Est. reading time":"2 minutes"},"schema":{"@context":"https:\/\/schema.org","@graph":[{"@type":"WebPage","@id":"https:\/\/www.laboratorioripoll.com\/product\/testosteroll-100\/","url":"https:\/\/www.laboratorioripoll.com\/product\/testosteroll-100\/","name":"TESTOSTEROLL 100 - Laboratorio Ripoll","isPartOf":{"@id":"https:\/\/www.laboratorioripoll.com\/#website"},"datePublished":"2021-08-15T22:03:21+00:00","dateModified":"2021-08-18T00:23:26+00:00","breadcrumb":{"@id":"https:\/\/www.laboratorioripoll.com\/product\/testosteroll-100\/#breadcrumb"},"inLanguage":"en-US","potentialAction":[{"@type":"ReadAction","target":["https:\/\/www.laboratorioripoll.com\/product\/testosteroll-100\/"]}]},{"@type":"BreadcrumbList","@id":"https:\/\/www.laboratorioripoll.com\/product\/testosteroll-100\/#breadcrumb","itemListElement":[{"@type":"ListItem","position":1,"name":"Inicio","item":"https:\/\/www.laboratorioripoll.com\/"},{"@type":"ListItem","position":2,"name":"Cat\u00e1logo","item":"https:\/\/www.laboratorioripoll.com\/catalogo\/"},{"@type":"ListItem","position":3,"name":"Veterinaria","item":"https:\/\/www.laboratorioripoll.com\/product-category\/veterinaria\/"},{"@type":"ListItem","position":4,"name":"Equinos","item":"https:\/\/www.laboratorioripoll.com\/product-category\/veterinaria\/equinos\/"},{"@type":"ListItem","position":5,"name":"TESTOSTEROLL 100"}]},{"@type":"WebSite","@id":"https:\/\/www.laboratorioripoll.com\/#website","url":"https:\/\/www.laboratorioripoll.com\/","name":"Laboratorio Ripoll","description":"","publisher":{"@id":"https:\/\/www.laboratorioripoll.com\/#organization"},"potentialAction":[{"@type":"SearchAction","target":{"@type":"EntryPoint","urlTemplate":"https:\/\/www.laboratorioripoll.com\/?s={search_term_string}"},"query-input":"required name=search_term_string"}],"inLanguage":"en-US"},{"@type":"Organization","@id":"https:\/\/www.laboratorioripoll.com\/#organization","name":"Laboratorio Ripoll","url":"https:\/\/www.laboratorioripoll.com\/","logo":{"@type":"ImageObject","inLanguage":"en-US","@id":"https:\/\/www.laboratorioripoll.com\/#\/schema\/logo\/image\/","url":"https:\/\/www.laboratorioripoll.com\/wp-content\/uploads\/2021\/08\/Ripoll-Logo.svg","contentUrl":"https:\/\/www.laboratorioripoll.com\/wp-content\/uploads\/2021\/08\/Ripoll-Logo.svg","width":1,"height":1,"caption":"Laboratorio Ripoll"},"image":{"@id":"https:\/\/www.laboratorioripoll.com\/#\/schema\/logo\/image\/"}}]}},"_links":{"self":[{"href":"https:\/\/www.laboratorioripoll.com\/en\/wp-json\/wp\/v2\/product\/410","targetHints":{"allow":["GET"]}}],"collection":[{"href":"https:\/\/www.laboratorioripoll.com\/en\/wp-json\/wp\/v2\/product"}],"about":[{"href":"https:\/\/www.laboratorioripoll.com\/en\/wp-json\/wp\/v2\/types\/product"}],"wp:featuredmedia":[{"embeddable":true,"href":"https:\/\/www.laboratorioripoll.com\/en\/wp-json\/wp\/v2\/media\/430"}],"wp:attachment":[{"href":"https:\/\/www.laboratorioripoll.com\/en\/wp-json\/wp\/v2\/media?parent=410"}],"wp:term":[{"taxonomy":"product_cat","embeddable":true,"href":"https:\/\/www.laboratorioripoll.com\/en\/wp-json\/wp\/v2\/product_cat?post=410"},{"taxonomy":"product_tag","embeddable":true,"href":"https:\/\/www.laboratorioripoll.com\/en\/wp-json\/wp\/v2\/product_tag?post=410"}],"curies":[{"name":"wp","href":"https:\/\/api.w.org\/{rel}","templated":true}]}}